{"id":311,"date":"2020-05-12T08:49:18","date_gmt":"2020-05-12T08:49:18","guid":{"rendered":"http:\/\/www.lirmm.fr\/bubot\/wordpress\/?page_id=311"},"modified":"2020-08-05T11:19:49","modified_gmt":"2020-08-05T11:19:49","slug":"members","status":"publish","type":"page","link":"https:\/\/www.lirmm.fr\/bubot\/members\/","title":{"rendered":"Members"},"content":{"rendered":"\n<div class=\"arconix-box arconix-box-lgreen\"><i class='fa fa-2x pull-left download'><\/i><div class=\"arconix-box-content\">\n<h2>Permanent members of the Bubot project <\/h2>\n<\/div><\/div>\n\n\n\n<figure class=\"wp-block-image size-large\"><img loading=\"lazy\" width=\"1024\" height=\"567\" src=\"http:\/\/www.lirmm.fr\/bubot\/wordpress\/wp-content\/uploads\/2020\/05\/Members-1024x567.png\" alt=\"\" class=\"wp-image-361\" srcset=\"https:\/\/www.lirmm.fr\/bubot\/wp-content\/uploads\/2020\/05\/Members-1024x567.png 1024w, https:\/\/www.lirmm.fr\/bubot\/wp-content\/uploads\/2020\/05\/Members-300x166.png 300w, https:\/\/www.lirmm.fr\/bubot\/wp-content\/uploads\/2020\/05\/Members-768x425.png 768w, https:\/\/www.lirmm.fr\/bubot\/wp-content\/uploads\/2020\/05\/Members-850x470.png 850w, https:\/\/www.lirmm.fr\/bubot\/wp-content\/uploads\/2020\/05\/Members.png 1453w\" sizes=\"(max-width: 1024px) 100vw, 1024px\" \/><\/figure>\n\n\n\n<p>Permanent members involved in the project :<\/p>\n\n\n\n<ul><li><strong>LIRMM, ICAR team, Computer science &amp; Deep learning<\/strong> : <em>Marc Chaumont ; G\u00e9rard Subsol<\/em><\/li><li><strong>LIRMM, EXPLORE team, Vision system and algorithms<\/strong> : <em>S\u00e9bastien Druon ; Jean Triboulet<\/em><\/li><li><strong>LIRMM, EXPLORE team, Robotics <\/strong>: <em>Didier Crestani, Lionel Lapierre ; Karen Godary-D\u00e9jean<\/em><\/li><li><strong>MARBEC, Communities\u2019 dynamics and functioning team, Marine biology<\/strong> : <em>S\u00e9bastien Vill\u00e9ger ; Thomas Claverie<\/em><\/li><li><strong>EspaceDev, AIMS team, Human geography and Anthropology<\/strong> : <em>Esm\u00e9ralda Long\u00e9p\u00e9e ; Catherine Sabinot<\/em><\/li><\/ul>\n\n\n\n<div class=\"arconix-box arconix-box-lgreen\"><i class='fa fa-2x pull-left download'><\/i><div class=\"arconix-box-content\">\n<h2>Non permanent Members of the Bubot project <\/h2>\n<\/div><\/div>\n\n\n\n<p>People who contributed to the BUBOT project :<\/p>\n\n\n\n<ul><li>Jos\u00e9 Luis Vilchis Medina, post-doctoral position, LIRMM, <em>Enhancement of decisional and dependability methods for mobile robots in harsh environments<\/em>.<\/li><li>Eric Godard, engineer position, LIRMM, <em>Implementation of a vision system for underwater robotics<\/em>.<\/li><li>Clara Curmi, Master 2 internship, EspaceDev \/ CUFR Mayotte, <em>Fishers&#8217; ecological knowledge on reef fish in Mayotte Island<\/em><\/li><li>Adrien Hereau, doctoral thesis, LIRMM, Robotics <\/li><li>Nicolas Loiseau, post-doctoral position, MARBEC, Marine biology, <em>Assessing spatial and temporal variability of reef fish communities using remote underwater stereocamera<\/em><\/li><li>Camille Magneville, doctoral thesis, MARBEC, Marine biology, <em>Measuring functional diversity of reef fishes using long duration remote underwater cameras<\/em><\/li><li>Yang Chen, Master 2 internship,  LIRMM, <em>Real-time 3D simulator of seabed for submarine robotics<\/em>.<\/li><\/ul>\n","protected":false},"excerpt":{"rendered":"<p>Permanent members involved in the project : LIRMM, ICAR team, Computer science &amp; Deep learning : Marc Chaumont ; G\u00e9rard Subsol LIRMM, EXPLORE team, Vision system and algorithms : S\u00e9bastien Druon ; Jean Triboulet LIRMM, EXPLORE team, Robotics : Didier Crestani, Lionel Lapierre ; Karen Godary-D\u00e9jean MARBEC, Communities\u2019 dynamics and functioning team, Marine biology :&#8230;<\/p>\n","protected":false},"author":2,"featured_media":0,"parent":0,"menu_order":0,"comment_status":"closed","ping_status":"closed","template":"","meta":[],"_links":{"self":[{"href":"https:\/\/www.lirmm.fr\/bubot\/wp-json\/wp\/v2\/pages\/311"}],"collection":[{"href":"https:\/\/www.lirmm.fr\/bubot\/wp-json\/wp\/v2\/pages"}],"about":[{"href":"https:\/\/www.lirmm.fr\/bubot\/wp-json\/wp\/v2\/types\/page"}],"author":[{"embeddable":true,"href":"https:\/\/www.lirmm.fr\/bubot\/wp-json\/wp\/v2\/users\/2"}],"replies":[{"embeddable":true,"href":"https:\/\/www.lirmm.fr\/bubot\/wp-json\/wp\/v2\/comments?post=311"}],"version-history":[{"count":43,"href":"https:\/\/www.lirmm.fr\/bubot\/wp-json\/wp\/v2\/pages\/311\/revisions"}],"predecessor-version":[{"id":374,"href":"https:\/\/www.lirmm.fr\/bubot\/wp-json\/wp\/v2\/pages\/311\/revisions\/374"}],"wp:attachment":[{"href":"https:\/\/www.lirmm.fr\/bubot\/wp-json\/wp\/v2\/media?parent=311"}],"curies":[{"name":"wp","href":"https:\/\/api.w.org\/{rel}","templated":true}]}}