{"id":452,"date":"2021-03-09T09:59:15","date_gmt":"2021-03-09T09:59:15","guid":{"rendered":"http:\/\/www.lirmm.fr\/bubot\/wordpress\/?page_id=452"},"modified":"2022-08-26T13:53:17","modified_gmt":"2022-08-26T13:53:17","slug":"publications-and-communications","status":"publish","type":"page","link":"https:\/\/www.lirmm.fr\/bubot\/publications-and-communications\/","title":{"rendered":"Publications"},"content":{"rendered":"\n<p><\/p>\n\n\n\n<div class=\"arconix-box arconix-box-lblue\"><i class='fa fa-2x pull-left download'><\/i><div class=\"arconix-box-content\">\n<h2 id=\"Ancrage-1\">Scientific International Journals<\/h2>\n<\/div><\/div>\n\n\n\n<ul><li>C. Magneville, N. Loiseau, C. Albouy, N. Casajus, T. Claverie, A. Escalas, F. Leprieur, E. Maire, D. Mouillot &amp; S. Vill\u00e9ger (2022) mFD: an R package to compute and illustrate the multiple facets of functional diversity. <em>Ecography<\/em>, 05904, (<strong>2022<\/strong>).<\/li><li>J.L. Vilchis Medina, K. Godary-Dejean, C. Lesire; <em>Autonomous Decision-Making With Incomplete Information and Safety Rules Based on Non-Monotonic Reasoning<\/em>. IEEE Robotics Autom. Lett.<em> <\/em>6(4): 8357-8362, (<strong>2021<\/strong>).<\/li><li>M. Maslin, S. Louis, K. Godary-Dejean, L. Lapierre, S. Vill\u00e9ger, T. Claverie ; <em>Underwater robots provide similar fish biodiversity assessments as divers on coral reefs<\/em>, Remote Sensing in Ecology and Conservation, (<strong>2021<\/strong>). <a href=\"https:\/\/doi.org\/10.1002\/rse2.209\">https:\/\/doi.org\/10.1002\/rse2.209<\/a><\/li><li>S. Villon, D. Mouillot, M. Chaumont, G. Subsol, T. Claverie, S. Vill\u00e9ger; <em>A new method to control error rates in automated species identification with deep learning algorithms<\/em>; Scientific Reports, Vol. 10, n\u00b01, (<strong>2020<\/strong>).<\/li><\/ul>\n\n\n\n<div class=\"arconix-box arconix-box-lblue\"><i class='fa fa-2x pull-left download'><\/i><div class=\"arconix-box-content\">\n<h2 id=\"Ancrage-1\">Scientific International Conferences<\/h2>\n<\/div><\/div>\n\n\n\n<ul><li>A. Hereau, K. Godary-Dejean, J. Guiochet, D. Crestani ; <em>A Fault Tolerant Control Architecture Based on Fault Trees for an Underwater Robot Executing Transect Missions<\/em>, ICRA 2021, Xi\u2019an China (virtual), 30 mai-5 juin <strong>2021<\/strong><\/li><li>A. Hereau, K. Godary-Dejean, J. Guiochet, C. Robert, D. Crestani, and T. Claverie. <em>Testing an underwater robot executing transect missions in mayotte<\/em>. In 21st Annual Conference, TAROS 2020, Nottingham, UK (virtual), September 16 <strong>2020<\/strong>. <\/li><li> Massone Q, Druon S, Breux Y and Triboulet J., <em>Contour-based approach for 3D mapping of underwater galleries.<\/em> MTS\/IEEE Global Oceans <strong>2020<\/strong>, Singapore (virtual).  <\/li><\/ul>\n\n\n\n<p><\/p>\n\n\n\n<div class=\"arconix-box arconix-box-lblue\"><i class='fa fa-2x pull-left download'><\/i><div class=\"arconix-box-content\">\n<h2 id=\"Ancrage-1\">Communications<\/h2>\n<\/div><\/div>\n\n\n\n<ul><li><strong>2021<\/strong>: Claverie T., Chaumont M., Godary Dejean K, Hereau A., Lapierre L, Louis S., Maslin M., Mouillot D., Subsol G., Vill\u00e9ger S., Villon S., <em>Coupling underwater autonomous vehicles and automatic video analysis for efficient monitoring of coral reef ecosystems: promises and challenges<\/em>, Colloque ICRS (14th International Coral Reef Symposium), 18-23 juillet 2021, Bremen, Germany (virtual). <\/li><li><strong>2020<\/strong>: S. Vill\u00e9ger, M. Chaumont, G. Subsol, <em>Algorithmes pour la d\u00e9tection et l&#8217;identification des poissons sur des vid\u00e9os sous-marines<\/em>, Workshop Imaginecology (Deep Learning pour le traitement et l&#8217;analyse d&#8217;images et de sons en \u00e9cologie); 16-17 nov. 2020, virtual. <a href=\"https:\/\/seafile.lirmm.fr\/f\/a8cc0350100e4d5d8fe3\/\" data-type=\"URL\" data-id=\"https:\/\/seafile.lirmm.fr\/f\/a8cc0350100e4d5d8fe3\/\">Link (pdf)<\/a><\/li><li><strong>2019<\/strong>: Claverie T., Long\u00e9p\u00e9e E., Sabinot C., Godary-Dejean K., <em>Poissons r\u00e9cifaux et profondeur le long d\u2019un gradient de for\u00e7age anthropique : quelles correspondances entre les savoirs \u00e9cologiques locaux des p\u00eacheurs et les observations scientifiques ?<\/em> Colloque Vulpare (Vuln\u00e9rabilit\u00e9s du patrimoine r\u00e9cifal), 10-12 d\u00e9c. 2019, Montpellier, France. <a href=\"https:\/\/seafile.lirmm.fr\/f\/56c06c7a59d941cd9d08\/\">Link (pdf)<\/a><\/li><\/ul>\n","protected":false},"excerpt":{"rendered":"<p>C. Magneville, N. Loiseau, C. Albouy, N. Casajus, T. Claverie, A. Escalas, F. Leprieur, E. Maire, D. Mouillot &amp; S. Vill\u00e9ger (2022) mFD: an R package to compute and illustrate the multiple facets of functional diversity. Ecography, 05904, (2022). J.L. Vilchis Medina, K. Godary-Dejean, C. Lesire; Autonomous Decision-Making With Incomplete Information and Safety Rules Based&#8230;<\/p>\n","protected":false},"author":2,"featured_media":0,"parent":0,"menu_order":0,"comment_status":"closed","ping_status":"closed","template":"","meta":[],"_links":{"self":[{"href":"https:\/\/www.lirmm.fr\/bubot\/wp-json\/wp\/v2\/pages\/452"}],"collection":[{"href":"https:\/\/www.lirmm.fr\/bubot\/wp-json\/wp\/v2\/pages"}],"about":[{"href":"https:\/\/www.lirmm.fr\/bubot\/wp-json\/wp\/v2\/types\/page"}],"author":[{"embeddable":true,"href":"https:\/\/www.lirmm.fr\/bubot\/wp-json\/wp\/v2\/users\/2"}],"replies":[{"embeddable":true,"href":"https:\/\/www.lirmm.fr\/bubot\/wp-json\/wp\/v2\/comments?post=452"}],"version-history":[{"count":18,"href":"https:\/\/www.lirmm.fr\/bubot\/wp-json\/wp\/v2\/pages\/452\/revisions"}],"predecessor-version":[{"id":555,"href":"https:\/\/www.lirmm.fr\/bubot\/wp-json\/wp\/v2\/pages\/452\/revisions\/555"}],"wp:attachment":[{"href":"https:\/\/www.lirmm.fr\/bubot\/wp-json\/wp\/v2\/media?parent=452"}],"curies":[{"name":"wp","href":"https:\/\/api.w.org\/{rel}","templated":true}]}}