{"id":2285,"date":"2024-04-17T14:42:06","date_gmt":"2024-04-17T12:42:06","guid":{"rendered":"https:\/\/perso.lirmm.fr\/christophe-paul\/?page_id=2285"},"modified":"2024-08-19T10:32:39","modified_gmt":"2024-08-19T08:32:39","slug":"journal-paper","status":"publish","type":"page","link":"https:\/\/www.lirmm.fr\/christophe-paul\/journal-paper\/","title":{"rendered":"Journal papers"},"content":{"rendered":"\t\t<div data-elementor-type=\"wp-page\" data-elementor-id=\"2285\" class=\"elementor elementor-2285\" data-elementor-post-type=\"page\">\n\t\t\t\t\t\t<section class=\"elementor-section elementor-top-section elementor-element elementor-element-7ddffaf elementor-section-boxed elementor-section-height-default elementor-section-height-default\" data-id=\"7ddffaf\" data-element_type=\"section\" data-e-type=\"section\">\n\t\t\t\t\t\t<div class=\"elementor-container elementor-column-gap-default\">\n\t\t\t\t\t<div class=\"elementor-column elementor-col-100 elementor-top-column elementor-element elementor-element-06e7c90\" data-id=\"06e7c90\" data-element_type=\"column\" data-e-type=\"column\">\n\t\t\t<div class=\"elementor-widget-wrap elementor-element-populated\">\n\t\t\t\t\t\t<div class=\"elementor-element elementor-element-d0375a1 elementor-widget elementor-widget-text-editor\" data-id=\"d0375a1\" data-element_type=\"widget\" data-e-type=\"widget\" data-widget_type=\"text-editor.default\">\n\t\t\t\t<div class=\"elementor-widget-container\">\n\t\t\t\t\t\t\t\t\t<h4><strong>Journal papers<\/strong><\/h4>\t\t\t\t\t\t\t\t<\/div>\n\t\t\t\t<\/div>\n\t\t\t\t<div class=\"elementor-element elementor-element-f4a1d03 elementor-widget elementor-widget-text-editor\" data-id=\"f4a1d03\" data-element_type=\"widget\" data-e-type=\"widget\" data-widget_type=\"text-editor.default\">\n\t\t\t\t<div class=\"elementor-widget-container\">\n\t\t\t\t\t\t\t\t\t<p><span title=\"Lo\u00efc Magne\"><strong>[J65]<\/strong>&nbsp;L. Magne<\/span>,&nbsp;C. Paul,&nbsp;<span title=\"Abhijat Sharma\">A. Sharma<\/span>,&nbsp;<span title=\"Dimitrios M. Thilikos\">D.M. Thilikos.&nbsp;<\/span>Edge-treewidth: Algorithmic and combinatorial properties.&nbsp;<strong><em>Discrete Applied Mathematics<\/em><\/strong>, 341:40-54, 2023.<br><span title=\"Guillaume Mescoff\"><strong>[J64]<\/strong>&nbsp;G. Mescoff<\/span>,&nbsp;C. Paul,&nbsp;<span title=\"Dimitrios M. Thilikos\">D.M. Thilikos.&nbsp;<\/span>The mixed search game against an agile and visible fugitive is monotone.&nbsp;<strong><em>Discrete Mathematics<\/em><\/strong>, 346(4):113345, 2023.<br><strong>[J63]<\/strong>&nbsp;C. Paul,&nbsp;<span title=\"Markus Bl\u00e4ser\">M. Bl\u00e4ser.&nbsp;<\/span>Preface of STACS 2020 Special Issue.&nbsp;<strong><em>Theory of Computing Systems<\/em><\/strong>, 67(1):1-3, 2023.&nbsp;<br><span title=\"Guillaume Mescoff\"><strong>[J62]<\/strong>&nbsp;G. Mescoff<\/span>,&nbsp;C. Paul,&nbsp;<span title=\"Dimitrios M. Thilikos\">D.M. Thilikos.&nbsp;<\/span>A polynomial time algorithm to compute the connected treewidth of a series-parallel graph.&nbsp;<em><strong>Discrete Applied Mathematics<\/strong>,<\/em>&nbsp;312:72-85, 2022.&nbsp;<br><span title=\"Mamadou Moustapha Kant\u00e9\"><strong>[J61]<\/strong>&nbsp;M.M. Kant\u00e9<\/span>,&nbsp;C. Paul,&nbsp;<span title=\"Dimitrios M. Thilikos\">D.M. Thilikos.&nbsp;<\/span>A Linear Fixed Parameter Tractable Algorithm for Connected Pathwidth.&nbsp;<strong><em>SIAM Journal on Discrete Mathematics<\/em><\/strong>, 36(1):411-435, 2022.<br><span title=\"Isolde Adler\"><strong>[J60]<\/strong>&nbsp;I. Adler<\/span>,&nbsp;C. Paul,&nbsp;<span title=\"Dimitrios M. Thilikos\">D.M. Thilikos.&nbsp;<\/span>Connected search for a lazy robber.&nbsp;<strong><em>Journal of Graph Theory<\/em><\/strong>, 97(4):510-552, 2021.<br><span title=\"Rolf Niedermeier\"><strong>[J59]<\/strong>&nbsp;R. Niedermeier<\/span>,&nbsp;C. Paul.&nbsp;Preface of STACS 2019 Special Issue.&nbsp;<strong><em>Theory of Computing Systems<\/em><\/strong>, 65(4):635-637, 2021.&nbsp;<br><strong>[J58]<\/strong>&nbsp;C. Paul,&nbsp;<span title=\"Michal Pilipczuk\">M. Pilipczuk.&nbsp;<\/span>Special Issue Dedicated to the 13th International Symposium on Parameterized and Exact Computation.&nbsp;<strong><em>Algorithmica<\/em><\/strong>, 82(8): 2133-2134, 2020.&nbsp;<br><strong>[J57]<\/strong>&nbsp;S. Bessy, M. Bougeret, S. Chaplick, D. Gon\u00e7alves, C. Paul.&nbsp;On independent set in B1-EPG graphs.&nbsp;<strong><em>Discrete Applied Mathematics<\/em><\/strong>, 278:62-72, 2020.&nbsp;<br><b>[J56]<\/b>&nbsp;J. Baste, D. G\u00f6z\u00fcpek, C. Paul, I. Sau, M. Shalom, D.M. Thilikos. Parameterized complexity of finding a spanning tree with minimum reload cost diameter.&nbsp;<strong><em>Networks<\/em><\/strong>, 75(3):259-277, 2020.&nbsp;<br><b>[J55]<\/b>&nbsp;S. Limnios, C. Paul, J. Perret and D.M. Thilikos. Edge degeneracy: algorithmic and structural results.&nbsp;<strong><em>Theoretical Computer Science<\/em><\/strong>, 839:164-175, 2020.&nbsp;<br><b>[J54]<\/b>&nbsp;&nbsp;V. Garnero, C. Paul, I. Sau and D.M. Thilikos. Explicit linear kernels for packing problems.&nbsp;<strong><em>Algorithmica<\/em><\/strong>, 81(4):1615-1656, 2019.&nbsp;<br><b>[J53]<\/b>&nbsp;F. Barbero, C. Paul and M. Pilipczuk. Strong immersion is a well-quasi-ordering for semi-complete digraphs.&nbsp;<strong><em>Journal of Graph Theory<\/em><\/strong>, 90(4):484-496, 2019.&nbsp;<br><b>[J52]&nbsp;<\/b>E.J. Kim, S.I. Oum, C. Paul, I. Sau and D.M. Thilikos. An FPT 2-Approximation for Tree-Cut Decomposition.&nbsp;<strong><i>Algorithmica<\/i><\/strong>, 80(1):116,135, 2018. [<a href=\"https:\/\/doi.org\/10.1007\/s00453-016-0245-5\">DOI<\/a>]&nbsp;<br><span title=\"Mark Jones\"><b>[J51]&nbsp;<\/b>D.G. Cor<\/span><span title=\"Derek G. Corneil\">neil<\/span>,&nbsp;<span title=\"Sang-il Oum\">S.-I. Oum<\/span>,&nbsp;C. Paul.&nbsp;Preface: Seventh &nbsp;Workshop on Graph Classes, Optimization, and Width Parameters, Aussois, France, October 2015.&nbsp;<em><strong>Discrete Applied Mathematics<\/strong><\/em>, 248: 1-2, 2018.&nbsp;<br><strong>[J50]&nbsp;<\/strong>F. Barbero, C. Paul and M. Pilipczuk. Exploring the complexity of layout parameters in tournaments and semi-complete digraphs.&nbsp;<em><strong>ACM Transactions on Algorithmics<\/strong><\/em>, 14(3):38:1-38-31, 2018.&nbsp;<br><strong>[J49]<\/strong><span style=\"font-family: -webkit-standard\">&nbsp;J. Baste, C. Paul, I. Sau and C. Scornavacca.&nbsp;<\/span><a href=\"https:\/\/doi.org\/10.1007\/s11538-017-0260-y\">Efficient FPT algorithms for (strict) compatibility of unrooted phylogenetic trees<\/a><span style=\"font-family: -webkit-standard\">.&nbsp;<\/span><em><strong>Bulletin of Mathematical Biology<\/strong><\/em><span style=\"font-family: -webkit-standard\">,&nbsp;<\/span><span data-test=\"journal-volume\">79:<\/span><span style=\"font-family: -webkit-standard\">920\u2013938,&nbsp;<\/span><span data-test=\"article-publication-year\">2017.<\/span><br><b>[J48]&nbsp;<\/b>M.M. Kant\u00e9, E.J. Kim, O. Kwon and C. Paul. An FPT algorithm and a polynomial kernel for linear rankwidth-1 vertex deletion.&nbsp;<em><strong>Algorithmica<\/strong><\/em>, 79(1):66-95, 2017. [<a href=\"https:\/\/doi.org\/10.1007\/s00453-016-0230-z\">DOI<\/a>]&nbsp;<br><b>[J47]&nbsp;<\/b>E.J. Kim, C. Paul, I. Sau and D.M. Thilikos. Parameterized algorithms for min-max multiway cut and list digraph homomorphism.<em>&nbsp;<strong>Journal of Computer and System Science<\/strong><\/em>, 86:191-206, 2017. [<a href=\"https:\/\/doi.org\/10.1016\/j.jcss.2017.01.003\">DOI<\/a>]&nbsp;<br><b>[J46]&nbsp;<\/b>N. Cohen, D. Gon\u00e7alves, E.J. Kim, C. Paul, I. Sau, D.M. Thilikos and M. Weller. A polynomial-time algorithm for outerplanar diameter improvement.&nbsp;<em><strong>Journal of Computer and System Science<\/strong><\/em>, 89:315-327, 2017. [<a href=\"https:\/\/doi.org\/10.1016\/j.jcss.2017.05.016\">DOI<\/a>]&nbsp;<br><b>[J45]&nbsp;<\/b>D. G\u00f6z\u00fcpek, S. \u00d6zkan, C. Paul, I. Sau, M. Shalom. Parameterized complexity of the MINCCA problem on graphs of bounded decomposability.&nbsp;<em><strong>Theoretical Computer Science<\/strong><\/em>, 690:91-103, 2017. [<a href=\"https:\/\/doi.org\/10.1016\/j.tcs.2017.06.013\">DOI<\/a>]&nbsp;<br><span title=\"Mark Jones\"><b>[J44]<\/b>&nbsp;Mark Jones<\/span>,&nbsp;Christophe Paul,&nbsp;<span title=\"C\u00e9line Scornavacca\">C\u00e9line Scornavacca.&nbsp;<\/span>On the consistency of orthology relationships.&nbsp;<em><strong>BMC Bioinformatics<\/strong>,<\/em> 17(S-14):251-262, 2016.&nbsp;<br><b>[J43]&nbsp;<\/b>C. Paul, A. Perez and S. Thomass\u00e9. Linear kernel for rooted triplet inconsistency and other problems based on conflict packing technique.&nbsp;<strong><em>Journal of Computer and System Science<\/em><\/strong>, 82(2):366-379, 2016. [<a href=\"https:\/\/doi.org\/10.1016\/j.jcss.2015.08.002\">DOI<\/a>]&nbsp;<br><b>[J42]&nbsp;<\/b>E.J. Kim, A. Langer, C. Paul, F. Reidl, P. Rossmanith, I. Sau, and S. Sikdar. Linear kernels and single-exponential algorithms via protrusion decompositions.&nbsp;<em><strong>ACM Transactions on Algorithms<\/strong>,<\/em> 12(2):21, 2016. [<a href=\"https:\/\/doi.org\/10.1145\/2797140\">DOI<\/a>]&nbsp;<br><b>[<\/b><b>J41]&nbsp;<\/b>E.J. Kim, C. Paul and G. Philip. A single-exponential FPT algorithm for the K4-minor cover problem.<em>&nbsp;<strong>Journal of Computer and System Science<\/strong>,<\/em> 81(1) :186-207, 2015.&nbsp;<br><b>[J40]&nbsp;<\/b>P. Golovach, P. Heggernes, P. van&#8217;t Hof and C. Paul. Hadwiger number of graphs with small chordality. <em><b>SIAM Journal on&nbsp;<\/b><strong>Discrete Applied Mathematics<\/strong><\/em>, 29(3) :1427-1451, 2015.&nbsp;<br><b>[J39]&nbsp;<\/b>V. Garnero, C. Paul, I. Sau and D. Thilikos. Explicit linear kernels via dynamic programming.&nbsp;<em><strong>SIAM Journal on Discrete Mathematics<\/strong><\/em>, 29(4) :1864-1894, 2015.&nbsp;<br><b>[J38]&nbsp;<\/b>G. Joret, C. Paul, I. Sau, S. Saurabh and S. Thomass\u00e9. Hitting and harvesting pumpkins.&nbsp;<strong><em>SIAM Journal on Discrete Mathematics<\/em><\/strong>, 28(3) :1363-1390, 2014. See also&nbsp;<a href=\"http:\/\/arxiv.org\/abs\/1105.2704\">arXiv:1105.2704<\/a><br><b>[J37]&nbsp;<\/b>E. Gioan, C. Paul, M. Tedder and D.G. Corneil. Circle Graph Recognition in Time O(n+m).\\alpha(n+m).&nbsp;<strong><em>Algorithmica<\/em><\/strong>, 69(4):759-788, 2014. See also&nbsp;<a href=\"http:\/\/arxiv.org\/abs\/1104.3284\">arXiv:1104.3284<\/a><br><b>[J36]&nbsp;<\/b>E. Gioan, C. Paul, M. Tedder and D.G. Corneil. Practical and Efficient Split Decomposition via Graph-Labelled Trees.&nbsp;<strong><em>Algorithmica<\/em><\/strong>, 69(4):789-843, 2014. See also&nbsp;<a href=\"http:\/\/arxiv.org\/abs\/1104.3283\">arXiv:1104.3283<\/a>&nbsp;<br><b>[J35]&nbsp;<\/b>P. Heggernes, P. van&#8217;t Hof, B. L\u00e9v\u00eaque and C. Paul. Contracting chordal graphs and bipartite graphs to paths and trees.&nbsp;<strong><em>Discrete Applied Mathematics<\/em><\/strong>, 164(2):444-449, 2014.&nbsp;<br><b>[J34]&nbsp;<\/b>N. Bousquet, G. Mertzios, C. Paul, I. Sau and S. Thomass\u00e9.&nbsp;<a href=\"http:\/\/10.1007\/s00224-013-9478-8\">Parameterized domination in circle graphs<\/a>.&nbsp;<strong><em>Theory of Computing Systems<\/em><\/strong>, 54(1):45-72, 2014. [DOI]. See also&nbsp;<a href=\"http:\/\/arxiv.org\/abs\/1205.3728\">arXiv:1205.3728<\/a>&nbsp;<br><b>[J33]&nbsp;<\/b>P. Heggernes P. van &#8216;t Hof, B. L\u00e9v\u00eaque, D. Lokshtanov and C. Paul. Contracting graphs to paths and trees.&nbsp;<em><strong>Algorithmica<\/strong><\/em>, 68(1):109-132, 2014. See also&nbsp;<a href=\"http:\/\/arxiv.org\/abs\/1104.3677\">arXiv:1104.3677<\/a>&nbsp;&nbsp;<br><b>[J32]&nbsp;<\/b>S. Guillemot, F. Havet, C. Paul and A. Perez. On the (non-)existence of polynomial kernels for Pl-free edge modification problems.&nbsp;<strong><em>Algorithmica<\/em><\/strong>, 65(4):900-926, 2013.&nbsp;<br><b>[J31]&nbsp;<\/b>P. Heggernes, P. van &#8216;t Hof, D. Lokshtanov and C. Paul. Obtaining a bipartite graph by contracting few edges.&nbsp;<strong><em>SIAM Journal on Discrete Mathematics<\/em><\/strong>, 27(4):2143-2156, 2013. See also&nbsp;<a href=\"http:\/\/arxiv.org\/abs\/1102.5441\">arXiv:1102.5441<\/a><br><b>[J30]&nbsp;<\/b>E. Gioan and C. Paul. Split decomposition and graph-labelled trees: characterizations and fully-dynamic algorithms for totally decomposable graphs.&nbsp;<strong><em>Discrete Applied Mathematics<\/em><\/strong>, 160(6):708-733, 2012. See also&nbsp;<a href=\"http:\/\/arxiv.org\/abs\/0810.1823\">arXiv:0810.1823<\/a><br><b>[J29]&nbsp;<\/b>P. Gambette, V. Berry and C. Paul. Quartet and unrooted phylogenetic networks.&nbsp;<em><strong>Journal of Bioinformatics and Computational Biology<\/strong>,<\/em>&nbsp;10(4):23 pages, 2012.&nbsp;<br><b>[J28]&nbsp;<\/b>S. Bessy, F. Fomin, S. Gaspers, C. Paul, A. Perez, S. Saurabh and S. Thomass\u00e9. Kernels for feedback arc set in tournaments.&nbsp;<strong><em>Journal of Computer and System Science<\/em><\/strong>, 77(6):1071-1078, 2011.&nbsp;<br><b>[J27]&nbsp;<\/b>C. Crespelle and C. Paul. Fully Dynamic Algorithm for Modular Decomposition and Recognition of Permutation Graphs.&nbsp;<strong><em>Algorithmica<\/em><\/strong>, 58(2):405-432, 2010.<br><b>[J26]&nbsp;<\/b>M. Habib and C. Paul. A survey on algorithmic aspects of modular decomposition.&nbsp;<strong><em>Computer Science Review<\/em><\/strong>, 4(1):41-59, 2010.&nbsp;<br><b>[J25]&nbsp;<\/b>S. Bessy and C. Paul and A. Perez. Polynomial kernels for 3-leaf power graph modification problems.&nbsp;<strong><em>Discrete Applied Mathematics<\/em><\/strong>, 158(16):1732-1744, 2010.&nbsp;<br><strong>[J24]<\/strong>&nbsp;D.H. Huson,&nbsp;<span title=\"Regula Rupp\">R. Rupp<\/span>,&nbsp;<span title=\"Vincent Berry\">V. Berry<\/span>, P.<span title=\"Philippe Gambette\">&nbsp;Gambette<\/span>, C. Paul.&nbsp;Computing galled networks from real data. <em><strong>Bioinformatics<\/strong><\/em>, 25(12),&nbsp;2009.&nbsp;<br><strong>[J23]<\/strong>&nbsp;S. Durocher, C. Paul. Kinetic maintenance of mobile k-centres on trees.&nbsp;<strong><em>Discrete Applied Mathematics<\/em><\/strong>, 157(7):1432-1446, 2009.&nbsp;<br><b>[J22]&nbsp;<\/b>S. Guillemot, F. Nicolas, V. Berry and C. Paul. On the approximability results for maximum agreement subtree and maximum compatible tree problems.&nbsp;<strong><em>Discrete Applied Mathematics<\/em><\/strong>, 157(7):1555-1570, 2009.&nbsp;<br><b>[J21]&nbsp;<\/b>C. Paul and J.A. Telle. Branchwidth of chordal graphs.&nbsp;<strong><em>Discrete Applied Mathematics<\/em><\/strong>, 157(12):2718-2725, 2009.&nbsp;<br><b>[J20]&nbsp;<\/b>C. Paul and J.A. Telle. Edge maximal graphs of branchwidth k : the k-branches.&nbsp;<strong><em>Discrete Mathematics<\/em><\/strong>, 309(6):1467-1475, 2009.&nbsp;<br><b>[J19]&nbsp;<\/b>S. B\u00e9rard, A. Chateau, C. Chauve, C. Paul and E. Tannier. Computation of perfect DCJ rearrangement with linear and circular chromosomes. In <em><strong>Journal of Computational Biology<\/strong><\/em>, 16(10) :1287-1309, 2009.&nbsp;<br><b>[J18]&nbsp;<\/b><i> Y. Villanger, P. Heggerness, C. Paul and J.A. Telle. Interval completion with few edges. In <\/i><strong>SIAM Journal on Computing<\/strong><i>, 38(5):2007-2020 , 2009.&nbsp;<br><\/i><b>[J17]&nbsp;<\/b>V. Berry, S. Guillemot, F. Nicolas and C. Paul. Linear time 3-approximation for MAST problem.&nbsp;<strong><em>ACM Transcations on Algorithms<\/em><\/strong>, 5(2):1-18, 2009.&nbsp;<br><b>[J16]&nbsp;<\/b>S. B\u00e9rard, C. Chauve and C. Paul. A more efficient algorithm for perfect sorting by reversals.&nbsp;<strong><em>Information Processing Letters<\/em><\/strong>, 106:90-95, 2008.<br><b>[J15]&nbsp;<\/b>C. Gavoille and C. Paul. Optimal Distance Labeling for Interval and Circular-Arc Graphs.&nbsp;<strong><em>SIAM Journal on Discrete Mathematics<\/em><\/strong>, 22(3) :1239-1258, 2008.&nbsp;<br><b>[J14]&nbsp;<\/b>A. Bretscher, D. Corneil, M. Habib and C. Paul. A simple linear time LexBFS cograph recognition algorithm.&nbsp;<strong><em>SIAM Journal on Discrete Mathematics<\/em><\/strong>, 22(4) :1277-1296, 2008. &nbsp;<br><b>[J13]<\/b>&nbsp;B.M. Bui Xuan and M. habib and C. Paul. Competitive Graph Searches.&nbsp;<strong><em>Theoretical Computer Science<\/em><\/strong>, 393(1-3):72-80, 2008.&nbsp;<br><b>[J12]&nbsp;<\/b>M. Habib, D. Kelly, E. Lebhar and C. Paul. Can transitive orientation make sandwich problems easier?&nbsp;<strong><em>Discrete Mathematics<\/em><\/strong>, 307:2030-2041, 2007.<br><b style=\"color: var( --e-global-color-text );font-family: var( --e-global-typography-text-font-family ), Sans-serif\">[J11]&nbsp;<\/b><span style=\"color: var( --e-global-color-text );font-family: var( --e-global-typography-text-font-family ), Sans-serif\">A. Bergeron, S. B\u00e9rard, C. Chauve, and C. Paul. Perfect sorting by reversals is not Always Difficult.&nbsp;<\/span><strong style=\"color: var( --e-global-color-text );font-family: var( --e-global-typography-text-font-family ), Sans-serif\"><em>IEEE-ACM Transaction on Computational Biology and Bioinformatics<\/em><\/strong><span style=\"color: var( --e-global-color-text );font-family: var( --e-global-typography-text-font-family ), Sans-serif\">, 4(1):4-16, 2007.&nbsp;<br><\/span><b style=\"color: var( --e-global-color-text );font-family: var( --e-global-typography-text-font-family ), Sans-serif\">[J10]&nbsp;<\/b><span style=\"color: var( --e-global-color-text );font-family: var( --e-global-typography-text-font-family ), Sans-serif\">C. Crespelle and C. Paul. Fully-Dynamic Recognition Algorithm and Certificate for Directed Cographs.&nbsp;<\/span><strong style=\"color: var( --e-global-color-text );font-family: var( --e-global-typography-text-font-family ), Sans-serif\"><em>Discrete Applied Mathematics<\/em><\/strong><span style=\"color: var( --e-global-color-text );font-family: var( --e-global-typography-text-font-family ), Sans-serif\">, 154(12):1722-1741, 2006.&nbsp;<br><\/span><b style=\"color: var( --e-global-color-text );font-family: var( --e-global-typography-text-font-family ), Sans-serif\">[J9]&nbsp;<\/b><span style=\"color: var( --e-global-color-text );font-family: var( --e-global-typography-text-font-family ), Sans-serif\">P. Fraigniaud and C. Gavoille and C. Paul. Eclecticism Shrinks Even Small Worlds.&nbsp;<\/span><strong style=\"color: var( --e-global-color-text );font-family: var( --e-global-typography-text-font-family ), Sans-serif\"><em>Journal of Distributed Computing<\/em><\/strong><span style=\"color: var( --e-global-color-text );font-family: var( --e-global-typography-text-font-family ), Sans-serif\">, 18(4):279-291, 2006.&nbsp;<br><\/span><b style=\"color: var( --e-global-color-text );font-family: var( --e-global-typography-text-font-family ), Sans-serif\">[J8]&nbsp;<\/b><span style=\"color: var( --e-global-color-text );font-family: var( --e-global-typography-text-font-family ), Sans-serif\">M. Habib and C. Paul. A Simple Linear Time Algorithm for Cograph Recongition.&nbsp;<\/span><strong style=\"color: var( --e-global-color-text );font-family: var( --e-global-typography-text-font-family ), Sans-serif\"><em>Discrete Applied Mathematics<\/em><\/strong><span style=\"color: var( --e-global-color-text );font-family: var( --e-global-typography-text-font-family ), Sans-serif\">, 145(2):183-197, 2005.&nbsp;<br><\/span><b style=\"color: var( --e-global-color-text );font-family: var( --e-global-typography-text-font-family ), Sans-serif\">[J7]&nbsp;<\/b><span style=\"color: var( --e-global-color-text );font-family: var( --e-global-typography-text-font-family ), Sans-serif\">C. Gavoille and C. Paul. Distance labeling and split decomposition.&nbsp;<\/span><strong style=\"color: var( --e-global-color-text );font-family: var( --e-global-typography-text-font-family ), Sans-serif\"><em>Discrete Mathematics<\/em><\/strong><span style=\"color: var( --e-global-color-text );font-family: var( --e-global-typography-text-font-family ), Sans-serif\">, 273(1-3):115-130, 2003.&nbsp;<br><\/span><b style=\"color: var( --e-global-color-text );font-family: var( --e-global-typography-text-font-family ), Sans-serif\">[J6]&nbsp;<\/b><span style=\"color: var( --e-global-color-text );font-family: var( --e-global-typography-text-font-family ), Sans-serif\">M. Habib and E. Lebhar and C. Paul. A note on finding all homogeneous set sandwiches.&nbsp;<\/span><strong style=\"color: var( --e-global-color-text );font-family: var( --e-global-typography-text-font-family ), Sans-serif\"><em>Information Processing Letters<\/em><\/strong><span style=\"color: var( --e-global-color-text );font-family: var( --e-global-typography-text-font-family ), Sans-serif\">, 87:147-151, 2003.&nbsp;<br><\/span><b style=\"color: var( --e-global-color-text );font-family: var( --e-global-typography-text-font-family ), Sans-serif\">[J5]&nbsp;<\/b><span style=\"color: var( --e-global-color-text );font-family: var( --e-global-typography-text-font-family ), Sans-serif\">D. Corneil, F. Dragan, M. Habib, and C. Paul. Diameter determination on restricted graph families.&nbsp;<\/span><strong style=\"color: var( --e-global-color-text );font-family: var( --e-global-typography-text-font-family ), Sans-serif\"><em>Discrete Applied Mathematics<\/em><\/strong><span style=\"color: var( --e-global-color-text );font-family: var( --e-global-typography-text-font-family ), Sans-serif\">, 113(2-3):143-166, 2001.&nbsp;<br><\/span><b style=\"color: var( --e-global-color-text );font-family: var( --e-global-typography-text-font-family ), Sans-serif\">[J4]&nbsp;<\/b><span style=\"color: var( --e-global-color-text );font-family: var( --e-global-typography-text-font-family ), Sans-serif\">M. Habib, C. Paul, and L. Viennot. Linear time recognition of&nbsp;<\/span><em style=\"color: var( --e-global-color-text );font-family: var( --e-global-typography-text-font-family ), Sans-serif\">P<\/em><span style=\"color: var( --e-global-color-text );font-family: var( --e-global-typography-text-font-family ), Sans-serif\">4-indifference graphs.&nbsp;<\/span><strong style=\"color: var( --e-global-color-text );font-family: var( --e-global-typography-text-font-family ), Sans-serif\"><em>Discrete Mathematics and Theoretical Computer Science<\/em><\/strong><span style=\"color: var( --e-global-color-text );font-family: var( --e-global-typography-text-font-family ), Sans-serif\">, 4(2):173-178, 2001. Special issue: Graph Decomposition.&nbsp;<br><\/span><b style=\"color: var( --e-global-color-text );font-family: var( --e-global-typography-text-font-family ), Sans-serif\">[J3]<\/b><span style=\"color: var( --e-global-color-text );font-family: var( --e-global-typography-text-font-family ), Sans-serif\">&nbsp;G. Damiand, M. Habib, and C. Paul. A simple paradigm for graph recognition : application to cographs and distance hereditary graphs.&nbsp;<\/span><strong style=\"color: var( --e-global-color-text );font-family: var( --e-global-typography-text-font-family ), Sans-serif\"><em>Theoretical Computer Science<\/em><\/strong><span style=\"color: var( --e-global-color-text );font-family: var( --e-global-typography-text-font-family ), Sans-serif\">, 263:99-111, 2001.&nbsp;<br><\/span><b style=\"color: var( --e-global-color-text );font-family: var( --e-global-typography-text-font-family ), Sans-serif\">[J2]<\/b><span style=\"color: var( --e-global-color-text );font-family: var( --e-global-typography-text-font-family ), Sans-serif\">&nbsp;M. Habib, R. McConnell, C. Paul, and L. Viennot. Lex-BFS and partition refinement, with applications to transitive orientation, interval graph recognition and consecutive ones testing.&nbsp;<\/span><strong style=\"color: var( --e-global-color-text );font-family: var( --e-global-typography-text-font-family ), Sans-serif\"><em>Theoretical Computer Science<\/em><\/strong><span style=\"color: var( --e-global-color-text );font-family: var( --e-global-typography-text-font-family ), Sans-serif\">, 234:59-84, 2000.&nbsp;<br><\/span><b style=\"color: var( --e-global-color-text );font-family: var( --e-global-typography-text-font-family ), Sans-serif\">[J1]<\/b><span style=\"color: var( --e-global-color-text );font-family: var( --e-global-typography-text-font-family ), Sans-serif\">&nbsp;M. Habib, C. Paul, and L. Viennot. Partition refinement : an interested algorithmic tool kit.&nbsp;<\/span><strong style=\"color: var( --e-global-color-text );font-family: var( --e-global-typography-text-font-family ), Sans-serif\"><em>International Journal of Foundation of Computer Science<\/em><\/strong><span style=\"color: var( --e-global-color-text );font-family: var( --e-global-typography-text-font-family ), Sans-serif\">, 10(2):147-170, 1999.<\/span><\/p>\t\t\t\t\t\t\t\t<\/div>\n\t\t\t\t<\/div>\n\t\t\t\t\t<\/div>\n\t\t<\/div>\n\t\t\t\t\t<\/div>\n\t\t<\/section>\n\t\t\t\t<\/div>\n\t\t","protected":false},"excerpt":{"rendered":"<p>Journal papers [J65]&nbsp;L. Magne,&nbsp;C. Paul,&nbsp;A. Sharma,&nbsp;D.M. Thilikos.&nbsp;Edge-treewidth: Algorithmic and combinatorial properties.&nbsp;Discrete Applied Mathematics, 341:40-54, 2023.[J64]&nbsp;G. Mescoff,&nbsp;C. Paul,&nbsp;D.M. Thilikos.&nbsp;The mixed search game against an agile and&hellip;<\/p>\n","protected":false},"author":34,"featured_media":0,"parent":0,"menu_order":0,"comment_status":"closed","ping_status":"closed","template":"elementor_header_footer","meta":{"_crdt_document":"","_uag_custom_page_level_css":"","footnotes":""},"class_list":["post-2285","page","type-page","status-publish","hentry"],"uagb_featured_image_src":{"full":false,"thumbnail":false,"medium":false,"medium_large":false,"large":false,"1536x1536":false,"2048x2048":false},"uagb_author_info":{"display_name":"Christophe PAUL","author_link":"https:\/\/www.lirmm.fr\/christophe-paul\/author\/christophe-paul\/"},"uagb_comment_info":0,"uagb_excerpt":"Journal papers [J65]&nbsp;L. Magne,&nbsp;C. Paul,&nbsp;A. Sharma,&nbsp;D.M. Thilikos.&nbsp;Edge-treewidth: Algorithmic and combinatorial properties.&nbsp;Discrete Applied Mathematics, 341:40-54, 2023.[J64]&nbsp;G. Mescoff,&nbsp;C. Paul,&nbsp;D.M. Thilikos.&nbsp;The mixed search game against an agile and&hellip;","_links":{"self":[{"href":"https:\/\/www.lirmm.fr\/christophe-paul\/wp-json\/wp\/v2\/pages\/2285","targetHints":{"allow":["GET"]}}],"collection":[{"href":"https:\/\/www.lirmm.fr\/christophe-paul\/wp-json\/wp\/v2\/pages"}],"about":[{"href":"https:\/\/www.lirmm.fr\/christophe-paul\/wp-json\/wp\/v2\/types\/page"}],"author":[{"embeddable":true,"href":"https:\/\/www.lirmm.fr\/christophe-paul\/wp-json\/wp\/v2\/users\/34"}],"replies":[{"embeddable":true,"href":"https:\/\/www.lirmm.fr\/christophe-paul\/wp-json\/wp\/v2\/comments?post=2285"}],"version-history":[{"count":0,"href":"https:\/\/www.lirmm.fr\/christophe-paul\/wp-json\/wp\/v2\/pages\/2285\/revisions"}],"wp:attachment":[{"href":"https:\/\/www.lirmm.fr\/christophe-paul\/wp-json\/wp\/v2\/media?parent=2285"}],"curies":[{"name":"wp","href":"https:\/\/api.w.org\/{rel}","templated":true}]}}