{"id":1568,"date":"2020-12-21T11:24:45","date_gmt":"2020-12-21T10:24:45","guid":{"rendered":"https:\/\/www.lirmm.fr\/dorist\/?page_id=1568"},"modified":"2022-05-25T14:59:38","modified_gmt":"2022-05-25T12:59:38","slug":"fiches-pratiques","status":"publish","type":"page","link":"https:\/\/www.lirmm.fr\/dorist\/fiches-pratiques\/","title":{"rendered":"Fiches pratiques"},"content":{"rendered":"\t\t<div data-elementor-type=\"wp-page\" data-elementor-id=\"1568\" class=\"elementor elementor-1568\" data-elementor-post-type=\"page\">\n\t\t\t\t\t\t<section class=\"elementor-section elementor-top-section elementor-element elementor-element-c4a1851 elementor-section-boxed elementor-section-height-default elementor-section-height-default\" data-id=\"c4a1851\" data-element_type=\"section\" data-e-type=\"section\">\n\t\t\t\t\t\t<div class=\"elementor-container elementor-column-gap-default\">\n\t\t\t\t\t<div class=\"elementor-column elementor-col-100 elementor-top-column elementor-element elementor-element-149824a\" data-id=\"149824a\" data-element_type=\"column\" data-e-type=\"column\">\n\t\t\t<div class=\"elementor-widget-wrap elementor-element-populated\">\n\t\t\t\t\t\t<div class=\"elementor-element elementor-element-439e822 elementor-widget elementor-widget-text-editor\" data-id=\"439e822\" data-element_type=\"widget\" data-e-type=\"widget\" data-widget_type=\"text-editor.default\">\n\t\t\t\t<div class=\"elementor-widget-container\">\n\t\t\t\t\t\t\t\t\t<p><strong>Fiches pratiques du CoopIST<\/strong><\/p><ul><li><a href=\"https:\/\/doi.org\/10.18167\/coopist\/0056\" target=\"_blank\" rel=\"noopener\">Se familiariser avec les PGD<\/a><\/li><li><a href=\"https:\/\/doi.org\/10.18167\/coopist\/0066\" target=\"_blank\" rel=\"noopener\">R\u00e9diger un PGD<\/a><\/li><li><a href=\"https:\/\/doi.org\/10.18167\/coopist\/0059\" target=\"_blank\" rel=\"noopener\">Rendre public ses jeux de donn\u00e9es scientifiques<\/a><\/li><\/ul>\t\t\t\t\t\t\t\t<\/div>\n\t\t\t\t<\/div>\n\t\t\t\t\t<\/div>\n\t\t<\/div>\n\t\t\t\t\t<\/div>\n\t\t<\/section>\n\t\t\t\t<section class=\"elementor-section elementor-top-section elementor-element elementor-element-7e05b24 elementor-section-boxed elementor-section-height-default elementor-section-height-default\" data-id=\"7e05b24\" data-element_type=\"section\" data-e-type=\"section\">\n\t\t\t\t\t\t<div class=\"elementor-container elementor-column-gap-default\">\n\t\t\t\t\t<div class=\"elementor-column elementor-col-100 elementor-top-column elementor-element elementor-element-20f73c4\" data-id=\"20f73c4\" data-element_type=\"column\" data-e-type=\"column\">\n\t\t\t<div class=\"elementor-widget-wrap elementor-element-populated\">\n\t\t\t\t\t\t<div class=\"elementor-element elementor-element-63bcf07 elementor-widget elementor-widget-heading\" data-id=\"63bcf07\" data-element_type=\"widget\" data-e-type=\"widget\" data-widget_type=\"heading.default\">\n\t\t\t\t<div class=\"elementor-widget-container\">\n\t\t\t\t\t<h1 class=\"elementor-heading-title elementor-size-default\"><a href=\"https:\/\/www.couperin.org\/science-ouverte\/ressources-du-gtso\/groupe-donnees\">Fiches pratiques du GTSO Donn\u00e9es Couperin<\/a><\/h1>\t\t\t\t<\/div>\n\t\t\t\t<\/div>\n\t\t\t\t\t<\/div>\n\t\t<\/div>\n\t\t\t\t\t<\/div>\n\t\t<\/section>\n\t\t\t\t<section class=\"elementor-section elementor-top-section elementor-element elementor-element-bc13df7 elementor-section-boxed elementor-section-height-default elementor-section-height-default\" data-id=\"bc13df7\" data-element_type=\"section\" data-e-type=\"section\">\n\t\t\t\t\t\t<div class=\"elementor-container elementor-column-gap-default\">\n\t\t\t\t\t<div class=\"elementor-column elementor-col-100 elementor-top-column elementor-element elementor-element-d26face\" data-id=\"d26face\" data-element_type=\"column\" data-e-type=\"column\">\n\t\t\t<div class=\"elementor-widget-wrap elementor-element-populated\">\n\t\t\t\t\t\t<section class=\"elementor-section elementor-inner-section elementor-element elementor-element-bf175e9 elementor-section-boxed elementor-section-height-default elementor-section-height-default\" data-id=\"bf175e9\" data-element_type=\"section\" data-e-type=\"section\">\n\t\t\t\t\t\t<div class=\"elementor-container elementor-column-gap-default\">\n\t\t\t\t\t<div class=\"elementor-column elementor-col-50 elementor-inner-column elementor-element elementor-element-4a34b71\" data-id=\"4a34b71\" data-element_type=\"column\" data-e-type=\"column\">\n\t\t\t<div class=\"elementor-widget-wrap elementor-element-populated\">\n\t\t\t\t\t\t<div class=\"elementor-element elementor-element-2563880 elementor-widget elementor-widget-text-editor\" data-id=\"2563880\" data-element_type=\"widget\" data-e-type=\"widget\" data-widget_type=\"text-editor.default\">\n\t\t\t\t<div class=\"elementor-widget-container\">\n\t\t\t\t\t\t\t\t\t<p>Le GTSO Donn\u00e9es de Couperin vous propose de d\u00e9couvrir sa derni\u00e8re fiche pratique, <strong>\u00ab\u00a0Quel(s) outil(s) de r\u00e9daction de plan de gestion de donn\u00e9es utiliser\u00a0?<\/strong>\u00a0\u00bb<\/p><p>Trois outils, DMP OPIDoR, Argos et Data Stewardship Wizard, ont \u00e9t\u00e9 pass\u00e9 au crible.<\/p>\t\t\t\t\t\t\t\t<\/div>\n\t\t\t\t<\/div>\n\t\t\t\t\t<\/div>\n\t\t<\/div>\n\t\t\t\t<div class=\"elementor-column elementor-col-50 elementor-inner-column elementor-element elementor-element-c8c9797\" data-id=\"c8c9797\" data-element_type=\"column\" data-e-type=\"column\">\n\t\t\t<div class=\"elementor-widget-wrap elementor-element-populated\">\n\t\t\t\t\t\t<div class=\"elementor-element elementor-element-76bb679 elementor-widget elementor-widget-text-editor\" data-id=\"76bb679\" data-element_type=\"widget\" data-e-type=\"widget\" data-widget_type=\"text-editor.default\">\n\t\t\t\t<div class=\"elementor-widget-container\">\n\t\t\t\t\t\t\t\t\t<p>La version PDF est \u00e0 t\u00e9l\u00e9charger sur <a href=\"https:\/\/zenodo.org\/record\/6513467#.Yo4n53VBwgY\">Zenodo<\/a>. Vous pouvez \u00e9galement d\u00e9couvrir la version dynamique sur <a href=\"https:\/\/view.genial.ly\/62334341cc78d2001855ef43\/guide-guidecomparatifoutilspgdgtsodr2022\" target=\"_blank\" rel=\"noopener\">Genially<\/a>.<\/p>\t\t\t\t\t\t\t\t<\/div>\n\t\t\t\t<\/div>\n\t\t\t\t\t<\/div>\n\t\t<\/div>\n\t\t\t\t\t<\/div>\n\t\t<\/section>\n\t\t\t\t\t<\/div>\n\t\t<\/div>\n\t\t\t\t\t<\/div>\n\t\t<\/section>\n\t\t\t\t<section class=\"elementor-section elementor-top-section elementor-element elementor-element-ed21c87 elementor-section-boxed elementor-section-height-default elementor-section-height-default\" data-id=\"ed21c87\" data-element_type=\"section\" data-e-type=\"section\">\n\t\t\t\t\t\t<div class=\"elementor-container elementor-column-gap-default\">\n\t\t\t\t\t<div class=\"elementor-column elementor-col-100 elementor-top-column elementor-element elementor-element-86e4381\" data-id=\"86e4381\" data-element_type=\"column\" data-e-type=\"column\">\n\t\t\t<div class=\"elementor-widget-wrap elementor-element-populated\">\n\t\t\t\t\t\t<div class=\"elementor-element elementor-element-b67251f elementor-icon-list--layout-traditional elementor-list-item-link-full_width elementor-widget elementor-widget-icon-list\" data-id=\"b67251f\" data-element_type=\"widget\" data-e-type=\"widget\" data-widget_type=\"icon-list.default\">\n\t\t\t\t<div class=\"elementor-widget-container\">\n\t\t\t\t\t\t\t<ul class=\"elementor-icon-list-items\">\n\t\t\t\t\t\t\t<li class=\"elementor-icon-list-item\">\n\t\t\t\t\t\t\t\t\t\t\t<a href=\"https:\/\/seafile.lirmm.fr\/f\/79be5ccc26654f1f9d54\/?dl=1\" rel=\"nofollow\">\n\n\t\t\t\t\t\t\t\t\t\t\t\t<span class=\"elementor-icon-list-icon\">\n\t\t\t\t\t\t\t<i aria-hidden=\"true\" class=\"fas fa-download\"><\/i>\t\t\t\t\t\t<\/span>\n\t\t\t\t\t\t\t\t\t\t<span class=\"elementor-icon-list-text\">Importer ses publications de HAL vers ORCID<\/span>\n\t\t\t\t\t\t\t\t\t\t\t<\/a>\n\t\t\t\t\t\t\t\t\t<\/li>\n\t\t\t\t\t\t\t\t<li class=\"elementor-icon-list-item\">\n\t\t\t\t\t\t\t\t\t\t\t<a href=\"https:\/\/seafile.lirmm.fr\/f\/1359f8fb6d664e4b9190\/?dl=1\" rel=\"nofollow\">\n\n\t\t\t\t\t\t\t\t\t\t\t\t<span class=\"elementor-icon-list-icon\">\n\t\t\t\t\t\t\t<i aria-hidden=\"true\" class=\"fas fa-download\"><\/i>\t\t\t\t\t\t<\/span>\n\t\t\t\t\t\t\t\t\t\t<span class=\"elementor-icon-list-text\">Fiche ORCID<\/span>\n\t\t\t\t\t\t\t\t\t\t\t<\/a>\n\t\t\t\t\t\t\t\t\t<\/li>\n\t\t\t\t\t\t\t\t<li class=\"elementor-icon-list-item\">\n\t\t\t\t\t\t\t\t\t\t\t<a href=\"https:\/\/seafile.lirmm.fr\/f\/d100e72515a94eb497c9\/?dl=1\">\n\n\t\t\t\t\t\t\t\t\t\t\t\t<span class=\"elementor-icon-list-icon\">\n\t\t\t\t\t\t\t<i aria-hidden=\"true\" class=\"fas fa-download\"><\/i>\t\t\t\t\t\t<\/span>\n\t\t\t\t\t\t\t\t\t\t<span class=\"elementor-icon-list-text\">Fiche DOI<\/span>\n\t\t\t\t\t\t\t\t\t\t\t<\/a>\n\t\t\t\t\t\t\t\t\t<\/li>\n\t\t\t\t\t\t\t\t<li class=\"elementor-icon-list-item\">\n\t\t\t\t\t\t\t\t\t\t\t<a href=\"https:\/\/seafile.lirmm.fr\/f\/dffe4dc863d04acca4e3\/?dl=1\">\n\n\t\t\t\t\t\t\t\t\t\t\t\t<span class=\"elementor-icon-list-icon\">\n\t\t\t\t\t\t\t<i aria-hidden=\"true\" class=\"fas fa-download\"><\/i>\t\t\t\t\t\t<\/span>\n\t\t\t\t\t\t\t\t\t\t<span class=\"elementor-icon-list-text\">Principes FAIR et Cycle de vie des donn\u00e9es<\/span>\n\t\t\t\t\t\t\t\t\t\t\t<\/a>\n\t\t\t\t\t\t\t\t\t<\/li>\n\t\t\t\t\t\t\t\t<li class=\"elementor-icon-list-item\">\n\t\t\t\t\t\t\t\t\t\t\t<a href=\"https:\/\/seafile.lirmm.fr\/f\/1ccb763201d34f4f9471\/?dl=1\">\n\n\t\t\t\t\t\t\t\t\t\t\t\t<span class=\"elementor-icon-list-icon\">\n\t\t\t\t\t\t\t<i aria-hidden=\"true\" class=\"fas fa-download\"><\/i>\t\t\t\t\t\t<\/span>\n\t\t\t\t\t\t\t\t\t\t<span class=\"elementor-icon-list-text\">Droits et obligations de diffusion des donn\u00e9es<\/span>\n\t\t\t\t\t\t\t\t\t\t\t<\/a>\n\t\t\t\t\t\t\t\t\t<\/li>\n\t\t\t\t\t\t<\/ul>\n\t\t\t\t\t\t<\/div>\n\t\t\t\t<\/div>\n\t\t\t\t\t<\/div>\n\t\t<\/div>\n\t\t\t\t\t<\/div>\n\t\t<\/section>\n\t\t\t\t<section class=\"elementor-section elementor-top-section elementor-element elementor-element-280bb44 elementor-section-boxed elementor-section-height-default elementor-section-height-default\" data-id=\"280bb44\" data-element_type=\"section\" data-e-type=\"section\">\n\t\t\t\t\t\t<div class=\"elementor-container elementor-column-gap-default\">\n\t\t\t\t\t<div class=\"elementor-column elementor-col-100 elementor-top-column elementor-element elementor-element-fb46826\" data-id=\"fb46826\" data-element_type=\"column\" data-e-type=\"column\">\n\t\t\t<div class=\"elementor-widget-wrap elementor-element-populated\">\n\t\t\t\t\t\t<div class=\"elementor-element elementor-element-f5aa44d elementor-widget elementor-widget-eael-adv-accordion\" data-id=\"f5aa44d\" data-element_type=\"widget\" data-e-type=\"widget\" data-widget_type=\"eael-adv-accordion.default\">\n\t\t\t\t<div class=\"elementor-widget-container\">\n\t\t\t\t\t            <div class=\"eael-adv-accordion\" id=\"eael-adv-accordion-f5aa44d\" data-scroll-on-click=\"no\" data-scroll-speed=\"300\" data-accordion-id=\"f5aa44d\" data-accordion-type=\"accordion\" data-toogle-speed=\"300\">\n            <div class=\"eael-accordion-list\">\n\t\t\t\t\t<div id=\"publication-darticles-dans-les-revues\" class=\"elementor-tab-title eael-accordion-header\" tabindex=\"0\" data-tab=\"1\" aria-controls=\"elementor-tab-content-2571\"><span class=\"eael-advanced-accordion-icon-closed\"><i aria-hidden=\"true\" class=\"fa-accordion-icon fas fa-question-circle\"><\/i><\/span><span class=\"eael-advanced-accordion-icon-opened\"><i aria-hidden=\"true\" class=\"fa-accordion-icon fas fa-minus\"><\/i><\/span><span class=\"eael-accordion-tab-title\">Publication d'articles dans les revues<\/span><i aria-hidden=\"true\" class=\"fa-toggle fas fa-angle-right\"><\/i><\/div><div id=\"elementor-tab-content-2571\" class=\"eael-accordion-content clearfix\" data-tab=\"1\" aria-labelledby=\"publication-darticles-dans-les-revues\"><ul><li><strong>L&rsquo;Abonnement<\/strong> : Mod\u00e8le classique h\u00e9rit\u00e9 de la publication de p\u00e9riodiques papiers. Les articles y sont plac\u00e9s derri\u00e8re un p\u00e9age (paywall) et sont rendus accessibles uniquement sur paiement individuel ou via des abonnements financ\u00e9s par les institutions de recherche. Bien qu&rsquo;il soit possible pour les chercheurs d&rsquo;y n\u00e9gocier la conservation de leurs droits d&rsquo;auteur, la plupart des articles publi\u00e9s dans ces revues sont plac\u00e9s sous copyright au b\u00e9n\u00e9fice exclusif de l&rsquo;\u00e9diteur, interdisant ainsi la diffusion et la r\u00e9utilisation des contenus.<\/li><li><strong>Le mod\u00e8le Hybride<\/strong> : Au sein d\u2019une m\u00eame revue peuvent parfois coexister des articles sur abonnement avec des articles en open access ; le choix du mode de diffusion de l\u2019article est laiss\u00e9 \u00e0 l\u2019auteur. Les \u00e9diteurs b\u00e9n\u00e9ficient ainsi de 2 sources de revenus : les abonnements traditionnels auxquels s\u2019ajoutent les APC. Le montant des APC pour les articles en OA hybride est sup\u00e9rieur de 50% par rapport \u00e0 celui des articles en OA non-hybride.<\/li><li><strong>Le mod\u00e8le Gold<\/strong> : Open Access (voie dor\u00e9e). Il existe plusieurs mod\u00e8les \u00e9conomiques (voir <a href=\"https:\/\/scienceouverte.couperin.org\/modeles-eco-du-gold\/#:~:text=Le%20mod%C3%A8le%20hybride%20%3A%20Au%20sein,auxquels%20s'ajoutent%20les%20APC.\" target=\"_blank\" rel=\"noopener\">site couperin<\/a>)<\/li><li><strong>Le mod\u00e8le diamant<\/strong> : Gratuit pour l&rsquo;auteur et pour le lecteur, financ\u00e9 par des subventions acad\u00e9miques. <a href=\"https:\/\/www.cnrs.fr\/fr\/cnrsinfo\/le-cnrs-encourage-ses-scientifiques-ne-plus-payer-pour-etre-publies?sstc=u30911nl6691\" target=\"_blank\" rel=\"noopener\">Recommand\u00e9 par le CNRS<\/a><\/li><\/ul><\/div>\n\t\t\t\t\t<\/div><\/div>\t\t\t\t<\/div>\n\t\t\t\t<\/div>\n\t\t\t\t\t<\/div>\n\t\t<\/div>\n\t\t\t\t\t<\/div>\n\t\t<\/section>\n\t\t\t\t<\/div>\n\t\t","protected":false},"excerpt":{"rendered":"<p>Fiches pratiques du CoopIST Se familiariser avec les PGD R\u00e9diger un PGD Rendre public ses jeux de donn\u00e9es scientifiques Fiches pratiques du GTSO Donn\u00e9es Couperin&hellip;<\/p>\n","protected":false},"author":32,"featured_media":0,"parent":0,"menu_order":0,"comment_status":"closed","ping_status":"closed","template":"","meta":{"_eb_attr":"","_crdt_document":"","footnotes":""},"class_list":["post-1568","page","type-page","status-publish","hentry"],"_links":{"self":[{"href":"https:\/\/www.lirmm.fr\/dorist\/wp-json\/wp\/v2\/pages\/1568","targetHints":{"allow":["GET"]}}],"collection":[{"href":"https:\/\/www.lirmm.fr\/dorist\/wp-json\/wp\/v2\/pages"}],"about":[{"href":"https:\/\/www.lirmm.fr\/dorist\/wp-json\/wp\/v2\/types\/page"}],"author":[{"embeddable":true,"href":"https:\/\/www.lirmm.fr\/dorist\/wp-json\/wp\/v2\/users\/32"}],"replies":[{"embeddable":true,"href":"https:\/\/www.lirmm.fr\/dorist\/wp-json\/wp\/v2\/comments?post=1568"}],"version-history":[{"count":46,"href":"https:\/\/www.lirmm.fr\/dorist\/wp-json\/wp\/v2\/pages\/1568\/revisions"}],"predecessor-version":[{"id":3345,"href":"https:\/\/www.lirmm.fr\/dorist\/wp-json\/wp\/v2\/pages\/1568\/revisions\/3345"}],"wp:attachment":[{"href":"https:\/\/www.lirmm.fr\/dorist\/wp-json\/wp\/v2\/media?parent=1568"}],"curies":[{"name":"wp","href":"https:\/\/api.w.org\/{rel}","templated":true}]}}