{"id":160,"date":"2020-12-16T17:34:06","date_gmt":"2020-12-16T16:34:06","guid":{"rendered":"https:\/\/www.lirmm.fr\/dorist\/?page_id=160"},"modified":"2024-02-26T12:34:01","modified_gmt":"2024-02-26T11:34:01","slug":"actualites","status":"publish","type":"page","link":"https:\/\/www.lirmm.fr\/dorist\/actualites\/","title":{"rendered":"Actualit\u00e9s"},"content":{"rendered":"\n<div class=\"wp-block-media-text alignwide is-stacked-on-mobile\" style=\"grid-template-columns:17% auto\"><figure class=\"wp-block-media-text__media\"><img fetchpriority=\"high\" decoding=\"async\" width=\"1024\" height=\"1024\" src=\"https:\/\/www.lirmm.fr\/dorist\/wp-content\/uploads\/sites\/27\/2024\/02\/Shrug-bro-1024x1024.png\" alt=\"\" class=\"wp-image-3995 size-full\" srcset=\"https:\/\/www.lirmm.fr\/dorist\/wp-content\/uploads\/sites\/27\/2024\/02\/Shrug-bro-1024x1024.png 1024w, https:\/\/www.lirmm.fr\/dorist\/wp-content\/uploads\/sites\/27\/2024\/02\/Shrug-bro-300x300.png 300w, https:\/\/www.lirmm.fr\/dorist\/wp-content\/uploads\/sites\/27\/2024\/02\/Shrug-bro-150x150.png 150w, https:\/\/www.lirmm.fr\/dorist\/wp-content\/uploads\/sites\/27\/2024\/02\/Shrug-bro-768x768.png 768w, https:\/\/www.lirmm.fr\/dorist\/wp-content\/uploads\/sites\/27\/2024\/02\/Shrug-bro-1536x1536.png 1536w, https:\/\/www.lirmm.fr\/dorist\/wp-content\/uploads\/sites\/27\/2024\/02\/Shrug-bro.png 2000w\" sizes=\"(max-width: 1024px) 100vw, 1024px\" \/><\/figure><div class=\"wp-block-media-text__content\">\n<h1 class=\"wp-block-heading\"><strong>D\u00e9finitions et foire aux questions<\/strong><\/h1>\n\n\n\n<p class=\"wp-block-paragraph\">le <a href=\"https:\/\/gtso.couperin.org\/gtdonnees\/presentation-du-gtso-donnees\/\">GTSO Donn\u00e9es<\/a> de Couperin a r\u00e9cemment mis \u00e0 jour toutes ses d\u00e9finitions et sa foire aux questions sur les donn\u00e9es de la recherche.<\/p>\n\n\n\n<p class=\"wp-block-paragraph\"><a href=\"https:\/\/storyset.com\/people\" target=\"_blank\" rel=\"noreferrer noopener\">source image<\/a><\/p>\n\n\n\n<p class=\"wp-block-paragraph\"><a href=\"https:\/\/gtso.couperin.org\/gtdonnees\/definitions-et-bonnes-pratiques\/\" target=\"_blank\" rel=\"noreferrer noopener\">FAQ<\/a><\/p>\n<\/div><\/div>\n\n\n\n<div class=\"wp-block-media-text alignwide is-stacked-on-mobile\" style=\"grid-template-columns:17% auto\"><figure class=\"wp-block-media-text__media\"><img decoding=\"async\" width=\"200\" height=\"200\" src=\"https:\/\/www.lirmm.fr\/dorist\/wp-content\/uploads\/sites\/27\/2023\/01\/Ateliersdeladonnee.png\" alt=\"atelier de la donn\u00e9e\" class=\"wp-image-3582 size-full\" srcset=\"https:\/\/www.lirmm.fr\/dorist\/wp-content\/uploads\/sites\/27\/2023\/01\/Ateliersdeladonnee.png 200w, https:\/\/www.lirmm.fr\/dorist\/wp-content\/uploads\/sites\/27\/2023\/01\/Ateliersdeladonnee-150x150.png 150w\" sizes=\"(max-width: 200px) 100vw, 200px\" \/><\/figure><div class=\"wp-block-media-text__content\">\n<h1 class=\"wp-block-heading\"><strong>L&rsquo;\u00e9cosyst\u00e8me s&rsquo;agrendit !<\/strong><\/h1>\n\n\n\n<p class=\"wp-block-paragraph\">Dans le cadre du deuxi\u00e8me appel \u00e0 manifestation d\u2019int\u00e9r\u00eat \u00ab Ateliers de la donn\u00e9e \u00bb, l&rsquo;atelier de la donn\u00e9e de l&rsquo;Universit\u00e9 de Montpellier ECODOR a \u00e9t\u00e9 labellis\u00e9.<\/p>\n\n\n\n<p class=\"wp-block-paragraph\"><a href=\"https:\/\/entrepot.recherche.data.gouv.fr\/\" target=\"_blank\" rel=\"noreferrer noopener\">Acc\u00e8s \u00e0 l&rsquo;entrep\u00f4t<\/a><\/p>\n<\/div><\/div>\n\n\n\n<div class=\"wp-block-group alignwide\"><div class=\"wp-block-group__inner-container is-layout-flow wp-block-group-is-layout-flow\">\n<p class=\"wp-block-paragraph\"><\/p>\n\n\n\n<div class=\"wp-block-media-text alignwide is-stacked-on-mobile\" style=\"grid-template-columns:34% auto\"><figure class=\"wp-block-media-text__media\"><img decoding=\"async\" width=\"664\" height=\"421\" src=\"https:\/\/www.lirmm.fr\/dorist\/wp-content\/uploads\/sites\/27\/2022\/05\/adobestock_500484638_72dpi.jpg\" alt=\"open source\" class=\"wp-image-3354 size-full\" srcset=\"https:\/\/www.lirmm.fr\/dorist\/wp-content\/uploads\/sites\/27\/2022\/05\/adobestock_500484638_72dpi.jpg 664w, https:\/\/www.lirmm.fr\/dorist\/wp-content\/uploads\/sites\/27\/2022\/05\/adobestock_500484638_72dpi-300x190.jpg 300w\" sizes=\"(max-width: 664px) 100vw, 664px\" \/><\/figure><div class=\"wp-block-media-text__content\">\n<p class=\"has-large-font-size wp-block-paragraph\">Valoriser la recherche par le logiciel libre<\/p>\n\n\n\n<p class=\"wp-block-paragraph\">Article dans CNRS Le journal : <a href=\"https:\/\/lejournal.cnrs.fr\/billets\/valoriser-la-recherche-par-le-logiciel-libre\" target=\"_blank\" rel=\"noreferrer noopener\">Lire l&rsquo;article<\/a><\/p>\n\n\n\n<p class=\"wp-block-paragraph\">V\u00e9ritable connaissance ex\u00e9cutable, le logiciel libre constitue pour le monde de la recherche un moyen de valoriser ses r\u00e9sultats et de les diffuser dans la soci\u00e9t\u00e9. C&rsquo;est la voie que pr\u00f4ne<strong> Daniel Le Berre<\/strong>, enseignant-chercheur en informatique.<\/p>\n<\/div><\/div>\n\n\n\n<p class=\"wp-block-paragraph\">\u00a9 \u00a0CharleneDaniela\/Stock.Adobe.com<\/p>\n\n\n\n<p class=\"wp-block-paragraph\"><\/p>\n<\/div><\/div>\n\n\n\n<h1 class=\"wp-block-heading\"><strong>15 p\u00e9taoctets de stockage sur M\u00e9so@LR !!<\/strong><\/h1>\n\n\n\n<p class=\"wp-block-paragraph\"><a rel=\"noreferrer noopener\" href=\"https:\/\/www.umontpellier.fr\/articles\/sciences-en-stock-avec-mesolr?utm_medium=mail&amp;utm_source=newsletter&amp;utm_campaign=16\" target=\"_blank\">En savoir plus<\/a><\/p>\n\n\n\n<h2 class=\"wp-block-heading\"><strong>Qu&rsquo;est que la Science Ouverte ?<\/strong><\/h2>\n\n\n\n<h3 class=\"wp-block-heading\"><strong>C&rsquo;est la diffusion sans entrave des r\u00e9sultats, des m\u00e9thodes et des produits de la recherche scientifique.<\/strong><\/h3>\n\n\n\n<ul class=\"wp-block-list\">\n<li>Elle s&rsquo;appuie sur l&rsquo;opportunit\u00e9 que repr\u00e9sente la mutation num\u00e9rique pour d\u00e9velopper l&rsquo;acc\u00e8s ouvert aux publications et aux donn\u00e9es, aux codes sources et aux m\u00e9thodes de la recherche.<\/li>\n\n\n\n<li> Elle permet \u00e0 la recherche financ\u00e9e sur fonds publics de conserver la ma\u00eetrise des r\u00e9sultats qu&rsquo;elle produit.<\/li>\n\n\n\n<li> Elle construit un \u00e9cosyst\u00e8me dans lequel la science est plus transparente, plus solidement \u00e9tay\u00e9e et reproductible, plus efficace et cumulative.<\/li>\n\n\n\n<li> Elle induit une d\u00e9mocratisation de l&rsquo;acc\u00e8s aux savoirs, utile \u00e0 l&rsquo;enseignement, \u00e0 la formation, \u00e0 l&rsquo;\u00e9conomie, aux politiques publiques, aux citoyens et \u00e0 la soci\u00e9t\u00e9 dans son ensemble.<\/li>\n\n\n\n<li> Elle constitue enfin un levier pour l&rsquo;int\u00e9grit\u00e9 scientifique et favorise la confiance des citoyens dans la science.<\/li>\n<\/ul>\n\n\n\n<hr class=\"wp-block-separator has-css-opacity\" \/>\n\n\n\n<h2 class=\"wp-block-heading\"><strong>Trois recommandations aux \u00e9tudiants <\/strong><\/h2>\n\n\n\n<p class=\"wp-block-paragraph\"><a rel=\"noreferrer noopener\" href=\"https:\/\/reseau.supdpo.fr\/wp-content\/uploads\/2020\/03\/SupDPO-Recommandations-e%CC%81tudiants-v1.pdf\" target=\"_blank\">Document<\/a><\/p>\n\n\n\n<div class=\"wp-block-media-text is-stacked-on-mobile is-vertically-aligned-top\" style=\"grid-template-columns:35% auto\"><figure class=\"wp-block-media-text__media\"><img loading=\"lazy\" decoding=\"async\" width=\"580\" height=\"348\" src=\"https:\/\/www.lirmm.fr\/dorist\/wp-content\/uploads\/sites\/27\/2020\/12\/gdpr-580x348-1.jpg\" alt=\"\" class=\"wp-image-1613 size-full\" srcset=\"https:\/\/www.lirmm.fr\/dorist\/wp-content\/uploads\/sites\/27\/2020\/12\/gdpr-580x348-1.jpg 580w, https:\/\/www.lirmm.fr\/dorist\/wp-content\/uploads\/sites\/27\/2020\/12\/gdpr-580x348-1-300x180.jpg 300w\" sizes=\"(max-width: 580px) 100vw, 580px\" \/><\/figure><div class=\"wp-block-media-text__content\">\n<p class=\"has-medium-font-size wp-block-paragraph\"><strong>Quinze recommandations aux chercheurs<\/strong> sur la protection des donn\u00e9es dans le cadre de leurs activit\u00e9s de recherche<\/p>\n<\/div><\/div>\n\n\n\n<p class=\"wp-block-paragraph\">Ce <a rel=\"noreferrer noopener\" href=\"https:\/\/reseau.supdpo.fr\/wp-content\/uploads\/2020\/03\/SupDPO-Recommandations-chercheurs-1.2-1.pdf\" target=\"_blank\">document<\/a>, propos\u00e9 conjointement par <a rel=\"noreferrer noopener\" href=\"https:\/\/reseau.supdpo.fr\/\" target=\"_blank\">SupDPO<\/a> et&nbsp;<a href=\"http:\/\/r3sup.amue.fr\/\" target=\"_blank\" rel=\"noreferrer noopener\">le r\u00e9seau R3Sup<\/a>&nbsp;des responsables recherche, a initialement \u00e9t\u00e9 \u00e9labor\u00e9 dans le cadre des journ\u00e9es \u00ab&nbsp;ateliers&nbsp;\u00bb 2019 de SupDPO, en associant des d\u00e9l\u00e9gu\u00e9.e.s \u00e0 la protection des donn\u00e9es d\u2019universit\u00e9s, grandes \u00e9coles, et organismes de recherche.<\/p>\n\n\n\n<p class=\"wp-block-paragraph\">Il vise \u00e0 diffuser des \u00e9l\u00e9ments-cl\u00e9s relatifs \u00e0 la protection des donn\u00e9es, ainsi que des conseils pratiques pour accompagner au mieux les chercheurs dans leurs projets.<\/p>\n\n\n\n<p class=\"wp-block-paragraph\">source : <a rel=\"noreferrer noopener\" href=\"https:\/\/reseau.supdpo.fr\/publications\/\" target=\"_blank\">https:\/\/reseau.supdpo.fr\/publications\/<\/a><\/p>\n\n\n\n<p class=\"wp-block-paragraph\">Pour toute demande d&rsquo;aide, contactez-nous via le <a href=\"https:\/\/www.lirmm.fr\/dorist\/contact\/\">formulaire de contact<\/a>.<\/p>\n","protected":false},"excerpt":{"rendered":"<p>D\u00e9finitions et foire aux questions le GTSO Donn\u00e9es de Couperin a r\u00e9cemment mis \u00e0 jour toutes ses d\u00e9finitions et sa foire aux questions sur les&hellip;<\/p>\n","protected":false},"author":32,"featured_media":0,"parent":0,"menu_order":0,"comment_status":"closed","ping_status":"closed","template":"elementor_theme","meta":{"_eb_attr":"","_crdt_document":"","footnotes":""},"class_list":["post-160","page","type-page","status-publish","hentry"],"_links":{"self":[{"href":"https:\/\/www.lirmm.fr\/dorist\/wp-json\/wp\/v2\/pages\/160","targetHints":{"allow":["GET"]}}],"collection":[{"href":"https:\/\/www.lirmm.fr\/dorist\/wp-json\/wp\/v2\/pages"}],"about":[{"href":"https:\/\/www.lirmm.fr\/dorist\/wp-json\/wp\/v2\/types\/page"}],"author":[{"embeddable":true,"href":"https:\/\/www.lirmm.fr\/dorist\/wp-json\/wp\/v2\/users\/32"}],"replies":[{"embeddable":true,"href":"https:\/\/www.lirmm.fr\/dorist\/wp-json\/wp\/v2\/comments?post=160"}],"version-history":[{"count":39,"href":"https:\/\/www.lirmm.fr\/dorist\/wp-json\/wp\/v2\/pages\/160\/revisions"}],"predecessor-version":[{"id":4002,"href":"https:\/\/www.lirmm.fr\/dorist\/wp-json\/wp\/v2\/pages\/160\/revisions\/4002"}],"wp:attachment":[{"href":"https:\/\/www.lirmm.fr\/dorist\/wp-json\/wp\/v2\/media?parent=160"}],"curies":[{"name":"wp","href":"https:\/\/api.w.org\/{rel}","templated":true}]}}