{"id":181,"date":"2020-12-16T18:00:44","date_gmt":"2020-12-16T17:00:44","guid":{"rendered":"https:\/\/www.lirmm.fr\/dorist\/?page_id=181"},"modified":"2022-12-14T12:58:49","modified_gmt":"2022-12-14T11:58:49","slug":"pgd-vs-dmp","status":"publish","type":"page","link":"https:\/\/www.lirmm.fr\/dorist\/pgd-vs-dmp\/","title":{"rendered":"Plan de gestion de donn\u00e9es"},"content":{"rendered":"\t\t<div data-elementor-type=\"wp-page\" data-elementor-id=\"181\" class=\"elementor elementor-181\" data-elementor-post-type=\"page\">\n\t\t\t\t\t\t<section class=\"elementor-section elementor-top-section elementor-element elementor-element-a48c342 elementor-section-boxed elementor-section-height-default elementor-section-height-default\" data-id=\"a48c342\" data-element_type=\"section\" data-e-type=\"section\">\n\t\t\t\t\t\t<div class=\"elementor-container elementor-column-gap-default\">\n\t\t\t\t\t<div class=\"elementor-column elementor-col-66 elementor-top-column elementor-element elementor-element-52a360e\" data-id=\"52a360e\" data-element_type=\"column\" data-e-type=\"column\">\n\t\t\t<div class=\"elementor-widget-wrap elementor-element-populated\">\n\t\t\t\t\t\t<div class=\"elementor-element elementor-element-99fd445 elementor-widget elementor-widget-heading\" data-id=\"99fd445\" data-element_type=\"widget\" data-e-type=\"widget\" data-widget_type=\"heading.default\">\n\t\t\t\t<div class=\"elementor-widget-container\">\n\t\t\t\t\t<h1 class=\"elementor-heading-title elementor-size-medium\">Quelques d\u00e9finitions<\/h1>\t\t\t\t<\/div>\n\t\t\t\t<\/div>\n\t\t\t\t<div class=\"elementor-element elementor-element-cb01f3b elementor-widget elementor-widget-text-editor\" data-id=\"cb01f3b\" data-element_type=\"widget\" data-e-type=\"widget\" data-widget_type=\"text-editor.default\">\n\t\t\t\t<div class=\"elementor-widget-container\">\n\t\t\t\t\t\t\t\t\t<p><i>Un PGD est un document qui d\u00e9crit la fa\u00e7on dont les donn\u00e9es seront obtenues, trait\u00e9es, organis\u00e9es, stock\u00e9es, s\u00e9curis\u00e9es, pr\u00e9serv\u00e9es, partag\u00e9es au cours et \u00e0 l&rsquo;issue du projet. C&rsquo;est une aide \u00e0 la mise en place de bonnes pratiques de gestion \u00e0 toutes les \u00e9tapes du cycle de vie des donn\u00e9es (INRA).<\/i><\/p><p><i> Ca peut \u00eatre vu aussi comme un document formel r\u00e9dig\u00e9 au commencement d\u2019un projet de recherche et qui d\u00e9finit ce que les chercheurs feront de leurs donn\u00e9es pendant et apr\u00e8s le projet, explicitant notamment la mise \u00e0 disposition des donn\u00e9es (INIST) <\/i><\/p><p><i>ou comme un document \u00e9volutif qui aide les chercheurs \u00e0 d\u00e9finir un plan pour g\u00e9rer les donn\u00e9es utilis\u00e9es et g\u00e9n\u00e9r\u00e9es dans le cadre de son projet de recherche. Initi\u00e9 au d\u00e9but du projet, ce plan est mis \u00e0 jour de mani\u00e8re p\u00e9riodique pour s&rsquo;assurer de son ad\u00e9quation avec le d\u00e9roulement de l&rsquo;activit\u00e9 ou du projet (wikipedia).<\/i><\/p><p>Un plan de gestion de donn\u00e9es est un document qui d\u00e9finit comment une organisation g\u00e8re et utilise ses donn\u00e9es. Il peut inclure des informations sur les processus de collecte, de stockage, d&rsquo;analyse et de partage des donn\u00e9es, ainsi que sur les politiques et les normes en mati\u00e8re de gestion de donn\u00e9es. Le plan de gestion de donn\u00e9es sert \u00e0 assurer la qualit\u00e9 et l&rsquo;int\u00e9grit\u00e9 des donn\u00e9es de l&rsquo;organisation, \u00e0 faciliter leur utilisation pour prendre des d\u00e9cisions \u00e9clair\u00e9es et \u00e0 garantir que les donn\u00e9es sont utilis\u00e9es de mani\u00e8re responsable et conforme aux r\u00e9glementations en vigueur.(chatGPT)<\/p>\t\t\t\t\t\t\t\t<\/div>\n\t\t\t\t<\/div>\n\t\t\t\t<div class=\"elementor-element elementor-element-f7649a5 elementor-widget elementor-widget-heading\" data-id=\"f7649a5\" data-element_type=\"widget\" data-e-type=\"widget\" data-widget_type=\"heading.default\">\n\t\t\t\t<div class=\"elementor-widget-container\">\n\t\t\t\t\t<h1 class=\"elementor-heading-title elementor-size-small\">Quelques rappels sur les PGD<\/h1>\t\t\t\t<\/div>\n\t\t\t\t<\/div>\n\t\t\t\t<div class=\"elementor-element elementor-element-691aa37 elementor-widget elementor-widget-text-editor\" data-id=\"691aa37\" data-element_type=\"widget\" data-e-type=\"widget\" data-widget_type=\"text-editor.default\">\n\t\t\t\t<div class=\"elementor-widget-container\">\n\t\t\t\t\t\t\t\t\t<p>PGD (Plan de Gestion de Donn\u00e9es) = DMP (Data Management Plan)<\/p>\t\t\t\t\t\t\t\t<\/div>\n\t\t\t\t<\/div>\n\t\t\t\t<div class=\"elementor-element elementor-element-a3e836c elementor-widget elementor-widget-text-editor\" data-id=\"a3e836c\" data-element_type=\"widget\" data-e-type=\"widget\" data-widget_type=\"text-editor.default\">\n\t\t\t\t<div class=\"elementor-widget-container\">\n\t\t\t\t\t\t\t\t\t<ul><li>Document qui se pr\u00e9sente sous la forme de questions \u00e0 compl\u00e9ter pour expliquer la mani\u00e8re dont vous allez g\u00e9rer vos donn\u00e9es pendant et apr\u00e8s le projet.<\/li><li>Pas de trame unique, mais de nombreux mod\u00e9les de DMP existent (\u00e9tablis par des organismes, instituts, financeurs)<\/li><li>D\u00e9crit la fa\u00e7on dont les donn\u00e9es seront produites, document\u00e9es, (r\u00e9)utilis\u00e9es, g\u00e9r\u00e9es et partag\u00e9es pendant et apr\u00e8s le projet.<\/li><li>Outil d&rsquo;aide pour mettre en place une r\u00e9flexion autour des donn\u00e9es afin de les rendre <strong>FAIR<\/strong> (Faciles \u00e0 trouver, Accessibles, Interop\u00e9rables, R\u00e9utilisables).<\/li><\/ul>\t\t\t\t\t\t\t\t<\/div>\n\t\t\t\t<\/div>\n\t\t\t\t\t<\/div>\n\t\t<\/div>\n\t\t\t\t<div class=\"elementor-column elementor-col-33 elementor-top-column elementor-element elementor-element-bfab985\" data-id=\"bfab985\" data-element_type=\"column\" data-e-type=\"column\">\n\t\t\t<div class=\"elementor-widget-wrap\">\n\t\t\t\t\t\t\t<\/div>\n\t\t<\/div>\n\t\t\t\t\t<\/div>\n\t\t<\/section>\n\t\t\t\t<section class=\"elementor-section elementor-top-section elementor-element elementor-element-558988f elementor-section-boxed elementor-section-height-default elementor-section-height-default\" data-id=\"558988f\" data-element_type=\"section\" data-e-type=\"section\">\n\t\t\t\t\t\t<div class=\"elementor-container elementor-column-gap-default\">\n\t\t\t\t\t<div class=\"elementor-column elementor-col-100 elementor-top-column elementor-element elementor-element-b52e1f9\" data-id=\"b52e1f9\" data-element_type=\"column\" data-e-type=\"column\">\n\t\t\t<div class=\"elementor-widget-wrap elementor-element-populated\">\n\t\t\t\t\t\t<div class=\"elementor-element elementor-element-df43c5c elementor-widget elementor-widget-image\" data-id=\"df43c5c\" data-element_type=\"widget\" data-e-type=\"widget\" data-widget_type=\"image.default\">\n\t\t\t\t<div class=\"elementor-widget-container\">\n\t\t\t\t\t\t\t\t\t\t\t\t\t\t\t<img fetchpriority=\"high\" decoding=\"async\" width=\"843\" height=\"952\" src=\"https:\/\/www.lirmm.fr\/dorist\/wp-content\/uploads\/sites\/27\/2020\/12\/Cycle_Vie_Donnees_V3-907x1024.jpg\" class=\"attachment-large size-large wp-image-1756\" alt=\"cycle\" srcset=\"https:\/\/www.lirmm.fr\/dorist\/wp-content\/uploads\/sites\/27\/2020\/12\/Cycle_Vie_Donnees_V3-907x1024.jpg 907w, https:\/\/www.lirmm.fr\/dorist\/wp-content\/uploads\/sites\/27\/2020\/12\/Cycle_Vie_Donnees_V3-266x300.jpg 266w, https:\/\/www.lirmm.fr\/dorist\/wp-content\/uploads\/sites\/27\/2020\/12\/Cycle_Vie_Donnees_V3-768x867.jpg 768w, https:\/\/www.lirmm.fr\/dorist\/wp-content\/uploads\/sites\/27\/2020\/12\/Cycle_Vie_Donnees_V3.jpg 931w\" sizes=\"(max-width: 843px) 100vw, 843px\" \/>\t\t\t\t\t\t\t\t\t\t\t\t\t\t\t<\/div>\n\t\t\t\t<\/div>\n\t\t\t\t\t<\/div>\n\t\t<\/div>\n\t\t\t\t\t<\/div>\n\t\t<\/section>\n\t\t\t\t<section class=\"elementor-section elementor-top-section elementor-element elementor-element-5accd58 elementor-section-boxed elementor-section-height-default elementor-section-height-default\" data-id=\"5accd58\" data-element_type=\"section\" data-e-type=\"section\">\n\t\t\t\t\t\t<div class=\"elementor-container elementor-column-gap-default\">\n\t\t\t\t\t<div class=\"elementor-column elementor-col-50 elementor-top-column elementor-element elementor-element-8fea0dc\" data-id=\"8fea0dc\" data-element_type=\"column\" data-e-type=\"column\">\n\t\t\t<div class=\"elementor-widget-wrap elementor-element-populated\">\n\t\t\t\t\t\t<div class=\"elementor-element elementor-element-813d7a9 elementor-widget elementor-widget-heading\" data-id=\"813d7a9\" data-element_type=\"widget\" data-e-type=\"widget\" data-widget_type=\"heading.default\">\n\t\t\t\t<div class=\"elementor-widget-container\">\n\t\t\t\t\t<div class=\"elementor-heading-title elementor-size-medium\">D\u00e9couvrez en moins de 3 minutes, ce qu'est un plan de gestion de donn\u00e9es <\/div>\t\t\t\t<\/div>\n\t\t\t\t<\/div>\n\t\t\t\t<div class=\"elementor-element elementor-element-d537a59 elementor-widget elementor-widget-image\" data-id=\"d537a59\" data-element_type=\"widget\" data-e-type=\"widget\" data-widget_type=\"image.default\">\n\t\t\t\t<div class=\"elementor-widget-container\">\n\t\t\t\t\t\t\t\t\t\t\t\t\t\t\t<img decoding=\"async\" width=\"300\" height=\"168\" src=\"https:\/\/www.lirmm.fr\/dorist\/wp-content\/uploads\/sites\/27\/2021\/01\/logo-doranum-300x168.png\" class=\"attachment-medium size-medium wp-image-1778\" alt=\"doranum\" srcset=\"https:\/\/www.lirmm.fr\/dorist\/wp-content\/uploads\/sites\/27\/2021\/01\/logo-doranum-300x168.png 300w, https:\/\/www.lirmm.fr\/dorist\/wp-content\/uploads\/sites\/27\/2021\/01\/logo-doranum-768x429.png 768w, https:\/\/www.lirmm.fr\/dorist\/wp-content\/uploads\/sites\/27\/2021\/01\/logo-doranum.png 819w\" sizes=\"(max-width: 300px) 100vw, 300px\" \/>\t\t\t\t\t\t\t\t\t\t\t\t\t\t\t<\/div>\n\t\t\t\t<\/div>\n\t\t\t\t\t<\/div>\n\t\t<\/div>\n\t\t\t\t<div class=\"elementor-column elementor-col-50 elementor-top-column elementor-element elementor-element-ef981b7\" data-id=\"ef981b7\" data-element_type=\"column\" data-e-type=\"column\">\n\t\t\t<div class=\"elementor-widget-wrap elementor-element-populated\">\n\t\t\t\t\t\t<div class=\"elementor-element elementor-element-d0c256f elementor-widget elementor-widget-video\" data-id=\"d0c256f\" data-element_type=\"widget\" data-e-type=\"widget\" data-settings=\"{&quot;youtube_url&quot;:&quot;https:\\\/\\\/www.youtube.com\\\/watch?v=YFxyKRNV5QU&quot;,&quot;video_type&quot;:&quot;youtube&quot;,&quot;controls&quot;:&quot;yes&quot;}\" data-widget_type=\"video.default\">\n\t\t\t\t<div class=\"elementor-widget-container\">\n\t\t\t\t\t\t\t<div class=\"elementor-wrapper elementor-open-inline\">\n\t\t\t<div class=\"elementor-video\"><\/div>\t\t<\/div>\n\t\t\t\t\t\t<\/div>\n\t\t\t\t<\/div>\n\t\t\t\t\t<\/div>\n\t\t<\/div>\n\t\t\t\t\t<\/div>\n\t\t<\/section>\n\t\t\t\t<\/div>\n\t\t","protected":false},"excerpt":{"rendered":"<p>Quelques d\u00e9finitions Un PGD est un document qui d\u00e9crit la fa\u00e7on dont les donn\u00e9es seront obtenues, trait\u00e9es, organis\u00e9es, stock\u00e9es, s\u00e9curis\u00e9es, pr\u00e9serv\u00e9es, partag\u00e9es au cours et&hellip;<\/p>\n","protected":false},"author":32,"featured_media":0,"parent":0,"menu_order":0,"comment_status":"closed","ping_status":"closed","template":"","meta":{"_eb_attr":"","_crdt_document":"","footnotes":""},"class_list":["post-181","page","type-page","status-publish","hentry"],"_links":{"self":[{"href":"https:\/\/www.lirmm.fr\/dorist\/wp-json\/wp\/v2\/pages\/181","targetHints":{"allow":["GET"]}}],"collection":[{"href":"https:\/\/www.lirmm.fr\/dorist\/wp-json\/wp\/v2\/pages"}],"about":[{"href":"https:\/\/www.lirmm.fr\/dorist\/wp-json\/wp\/v2\/types\/page"}],"author":[{"embeddable":true,"href":"https:\/\/www.lirmm.fr\/dorist\/wp-json\/wp\/v2\/users\/32"}],"replies":[{"embeddable":true,"href":"https:\/\/www.lirmm.fr\/dorist\/wp-json\/wp\/v2\/comments?post=181"}],"version-history":[{"count":24,"href":"https:\/\/www.lirmm.fr\/dorist\/wp-json\/wp\/v2\/pages\/181\/revisions"}],"predecessor-version":[{"id":3494,"href":"https:\/\/www.lirmm.fr\/dorist\/wp-json\/wp\/v2\/pages\/181\/revisions\/3494"}],"wp:attachment":[{"href":"https:\/\/www.lirmm.fr\/dorist\/wp-json\/wp\/v2\/media?parent=181"}],"curies":[{"name":"wp","href":"https:\/\/api.w.org\/{rel}","templated":true}]}}