{"id":183,"date":"2020-12-16T18:01:44","date_gmt":"2020-12-16T17:01:44","guid":{"rendered":"https:\/\/www.lirmm.fr\/dorist\/?page_id=183"},"modified":"2021-02-02T12:03:20","modified_gmt":"2021-02-02T11:03:20","slug":"solutions-de-stockage","status":"publish","type":"page","link":"https:\/\/www.lirmm.fr\/dorist\/solutions-de-stockage\/","title":{"rendered":"Stockage et sauvegarde des donn\u00e9es"},"content":{"rendered":"\n<div class=\"wp-block-columns is-layout-flex wp-container-core-columns-is-layout-8f761849 wp-block-columns-is-layout-flex\">\n<div class=\"wp-block-column is-layout-flow wp-block-column-is-layout-flow\" style=\"flex-basis:100%\">\n<p class=\"has-drop-cap has-normal-font-size wp-block-paragraph\">Cette pr\u00e9sentation interactive ci-dessous a pour objectif de montrer, sous l&rsquo;angle du cycle de vie des donn\u00e9es de la recherche, les \u00e9tapes de stockage et sauvegarde \u00e0 moyen et long terme afin de sensibiliser les chercheurs-es \u00e0 avoir une r\u00e9flexion sur les diff\u00e9rents niveaux de sauvegarde des donn\u00e9es pour leurs projets de recherche.<\/p>\n\n\n\n<pre class=\"wp-block-code\"><code><a rel=\"noreferrer noopener\" href=\"https:\/\/view.genial.ly\/600a974a80d3810d7a38f3f3\/video-presentation-cycle-donnees\" target=\"_blank\">Pr\u00e9sentation du cycle de vie des donn\u00e9es de la recherche<\/a>  <\/code><\/pre>\n\n\n\n<p class=\"wp-block-paragraph\"><\/p>\n\n\n\n<div class=\"wp-block-columns alignwide are-vertically-aligned-center has-black-color has-text-color is-layout-flex wp-container-core-columns-is-layout-8f761849 wp-block-columns-is-layout-flex\">\n<div class=\"wp-block-column is-vertically-aligned-center is-layout-flow wp-block-column-is-layout-flow\" style=\"flex-basis:100%\">\n<div class=\"wp-block-group\"><div class=\"wp-block-group__inner-container is-layout-flow wp-block-group-is-layout-flow\">\n<div class=\"wp-block-columns is-layout-flex wp-container-core-columns-is-layout-8f761849 wp-block-columns-is-layout-flex\">\n<div class=\"wp-block-column is-layout-flow wp-block-column-is-layout-flow\" style=\"flex-basis:100%\"><\/div>\n<\/div>\n<\/div><\/div>\n<\/div>\n<\/div>\n\n\n\n<p class=\"wp-block-paragraph\"><\/p>\n<\/div>\n<\/div>\n\n\n\n<p class=\"wp-block-paragraph\"><\/p>\n","protected":false},"excerpt":{"rendered":"<p>Cette pr\u00e9sentation interactive ci-dessous a pour objectif de montrer, sous l&rsquo;angle du cycle de vie des donn\u00e9es de la recherche, les \u00e9tapes de stockage et&hellip;<\/p>\n","protected":false},"author":32,"featured_media":0,"parent":0,"menu_order":0,"comment_status":"closed","ping_status":"closed","template":"","meta":{"_eb_attr":"","_crdt_document":"","footnotes":""},"class_list":["post-183","page","type-page","status-publish","hentry"],"_links":{"self":[{"href":"https:\/\/www.lirmm.fr\/dorist\/wp-json\/wp\/v2\/pages\/183","targetHints":{"allow":["GET"]}}],"collection":[{"href":"https:\/\/www.lirmm.fr\/dorist\/wp-json\/wp\/v2\/pages"}],"about":[{"href":"https:\/\/www.lirmm.fr\/dorist\/wp-json\/wp\/v2\/types\/page"}],"author":[{"embeddable":true,"href":"https:\/\/www.lirmm.fr\/dorist\/wp-json\/wp\/v2\/users\/32"}],"replies":[{"embeddable":true,"href":"https:\/\/www.lirmm.fr\/dorist\/wp-json\/wp\/v2\/comments?post=183"}],"version-history":[{"count":17,"href":"https:\/\/www.lirmm.fr\/dorist\/wp-json\/wp\/v2\/pages\/183\/revisions"}],"predecessor-version":[{"id":2219,"href":"https:\/\/www.lirmm.fr\/dorist\/wp-json\/wp\/v2\/pages\/183\/revisions\/2219"}],"wp:attachment":[{"href":"https:\/\/www.lirmm.fr\/dorist\/wp-json\/wp\/v2\/media?parent=183"}],"curies":[{"name":"wp","href":"https:\/\/api.w.org\/{rel}","templated":true}]}}