{"id":189,"date":"2020-12-16T18:03:38","date_gmt":"2020-12-16T17:03:38","guid":{"rendered":"https:\/\/www.lirmm.fr\/dorist\/?page_id=189"},"modified":"2022-10-31T11:56:33","modified_gmt":"2022-10-31T10:56:33","slug":"rgpd-vs-gdpr","status":"publish","type":"page","link":"https:\/\/www.lirmm.fr\/dorist\/rgpd-vs-gdpr\/","title":{"rendered":"RGPD"},"content":{"rendered":"\t\t<div data-elementor-type=\"wp-page\" data-elementor-id=\"189\" class=\"elementor elementor-189\" data-elementor-post-type=\"page\">\n\t\t\t\t\t\t<section class=\"elementor-section elementor-top-section elementor-element elementor-element-46066a4 elementor-section-boxed elementor-section-height-default elementor-section-height-default\" data-id=\"46066a4\" data-element_type=\"section\" data-e-type=\"section\">\n\t\t\t\t\t\t<div class=\"elementor-container elementor-column-gap-default\">\n\t\t\t\t\t<div class=\"elementor-column elementor-col-50 elementor-top-column elementor-element elementor-element-1e49ccb\" data-id=\"1e49ccb\" data-element_type=\"column\" data-e-type=\"column\">\n\t\t\t<div class=\"elementor-widget-wrap elementor-element-populated\">\n\t\t\t\t\t\t<div class=\"elementor-element elementor-element-6f056a2 elementor-widget elementor-widget-heading\" data-id=\"6f056a2\" data-element_type=\"widget\" data-e-type=\"widget\" data-widget_type=\"heading.default\">\n\t\t\t\t<div class=\"elementor-widget-container\">\n\t\t\t\t\t<div class=\"elementor-heading-title elementor-size-medium\">R\u00e8glement g\u00e9n\u00e9ral sur la protection des donn\u00e9es (RGPD)<\/div>\t\t\t\t<\/div>\n\t\t\t\t<\/div>\n\t\t\t\t<div class=\"elementor-element elementor-element-31fcc9f elementor-widget elementor-widget-text-editor\" data-id=\"31fcc9f\" data-element_type=\"widget\" data-e-type=\"widget\" data-widget_type=\"text-editor.default\">\n\t\t\t\t<div class=\"elementor-widget-container\">\n\t\t\t\t\t\t\t\t\t<p>Le R\u00e8glement du Parlement europ\u00e9en et du Conseil du 27 avril 2016 relatif \u00e0 la protection des personnes physiques \u00e0 l\u2019\u00e9gard du traitement des donn\u00e9es \u00e0 caract\u00e8re personnel et \u00e0 la libre circulation de ces donn\u00e9es ( R\u00e8glement g\u00e9n\u00e9ral sur la protection des donn\u00e9es ou <strong>RGPD<\/strong>) <strong>est entr\u00e9\u00a0en vigueur le 25 mai 2018<\/strong>.\u00a0\u00c0 partir de cette date, le RGPD est\u00a0directement applicable \u00e0 tous les acteurs actifs sur le territoire de l\u2019Union europ\u00e9enne.\u00a0<\/p>\t\t\t\t\t\t\t\t<\/div>\n\t\t\t\t<\/div>\n\t\t\t\t\t<\/div>\n\t\t<\/div>\n\t\t\t\t<div class=\"elementor-column elementor-col-50 elementor-top-column elementor-element elementor-element-f334ebe\" data-id=\"f334ebe\" data-element_type=\"column\" data-e-type=\"column\">\n\t\t\t<div class=\"elementor-widget-wrap elementor-element-populated\">\n\t\t\t\t\t\t<div class=\"elementor-element elementor-element-64f8769 elementor-widget elementor-widget-image\" data-id=\"64f8769\" data-element_type=\"widget\" data-e-type=\"widget\" data-widget_type=\"image.default\">\n\t\t\t\t<div class=\"elementor-widget-container\">\n\t\t\t\t\t\t\t\t\t\t\t\t\t\t\t<img fetchpriority=\"high\" decoding=\"async\" width=\"300\" height=\"196\" src=\"https:\/\/www.lirmm.fr\/dorist\/wp-content\/uploads\/sites\/27\/2020\/12\/business-512x335-1-300x196.jpg\" class=\"attachment-medium size-medium wp-image-1607\" alt=\"RGPD\" srcset=\"https:\/\/www.lirmm.fr\/dorist\/wp-content\/uploads\/sites\/27\/2020\/12\/business-512x335-1-300x196.jpg 300w, https:\/\/www.lirmm.fr\/dorist\/wp-content\/uploads\/sites\/27\/2020\/12\/business-512x335-1.jpg 512w\" sizes=\"(max-width: 300px) 100vw, 300px\" \/>\t\t\t\t\t\t\t\t\t\t\t\t\t\t\t<\/div>\n\t\t\t\t<\/div>\n\t\t\t\t\t<\/div>\n\t\t<\/div>\n\t\t\t\t\t<\/div>\n\t\t<\/section>\n\t\t\t\t<section class=\"elementor-section elementor-top-section elementor-element elementor-element-d6090c5 elementor-section-boxed elementor-section-height-default elementor-section-height-default\" data-id=\"d6090c5\" data-element_type=\"section\" data-e-type=\"section\">\n\t\t\t\t\t\t<div class=\"elementor-container elementor-column-gap-default\">\n\t\t\t\t\t<div class=\"elementor-column elementor-col-100 elementor-top-column elementor-element elementor-element-0748b9b\" data-id=\"0748b9b\" data-element_type=\"column\" data-e-type=\"column\">\n\t\t\t<div class=\"elementor-widget-wrap elementor-element-populated\">\n\t\t\t\t\t\t<div class=\"elementor-element elementor-element-5693fbf elementor-widget elementor-widget-text-editor\" data-id=\"5693fbf\" data-element_type=\"widget\" data-e-type=\"widget\" data-widget_type=\"text-editor.default\">\n\t\t\t\t<div class=\"elementor-widget-container\">\n\t\t\t\t\t\t\t\t\t<p><a href=\"https:\/\/view.genial.ly\/5fdc872ea666f40d7dc5fbd1\/guide-rgpd-2021-scdamucso\" target=\"_blank\" rel=\"noopener\"><span style=\"text-decoration: underline\"><strong>Ce visuel<\/strong><\/span><\/a>\u00a0 est un compte rendu de la formation <strong>Protection des donn\u00e9es personnelles et RGPD : quelles obligations pour le chercheur ?<\/strong> du 15 d\u00e9cembre 2020<em>,\u00a0<\/em>qui a pr\u00e9sent\u00e9\u00a0le champ d\u2019application du R\u00e8glement g\u00e9n\u00e9ral sur la protection des donn\u00e9es, son contenu et l\u2019impact de son application pour les chercheurs<cite>.<\/cite><\/p><p>Merci \u00e0 H\u00e9l\u00e8ne SKRZYPNIAK pour cette intervention tr\u00e8s riche.<\/p><p>Si vous avez un projet qui collecte des donn\u00e9es personnelles identifiant des individus, nous pouvons vous apporter notre aide dans la mise en conformit\u00e9 RGPD des traitements associ\u00e9s.<\/p><p>Pour cela, contacter nous par mail [cor-spd(AT)lirmm(dot)fr] ou par l&rsquo;interm\u00e9diaire du <a href=\"https:\/\/www.lirmm.fr\/dorist\/contact\/\">formulaire de contact.<\/a><\/p>\t\t\t\t\t\t\t\t<\/div>\n\t\t\t\t<\/div>\n\t\t\t\t\t<\/div>\n\t\t<\/div>\n\t\t\t\t\t<\/div>\n\t\t<\/section>\n\t\t\t\t<section class=\"elementor-section elementor-top-section elementor-element elementor-element-15a7d6d elementor-section-boxed elementor-section-height-default elementor-section-height-default\" data-id=\"15a7d6d\" data-element_type=\"section\" data-e-type=\"section\">\n\t\t\t\t\t\t<div class=\"elementor-container elementor-column-gap-default\">\n\t\t\t\t\t<div class=\"elementor-column elementor-col-100 elementor-top-column elementor-element elementor-element-77087a3\" data-id=\"77087a3\" data-element_type=\"column\" data-e-type=\"column\">\n\t\t\t<div class=\"elementor-widget-wrap elementor-element-populated\">\n\t\t\t\t\t\t<div class=\"elementor-element elementor-element-554aad0 elementor-widget elementor-widget-text-editor\" data-id=\"554aad0\" data-element_type=\"widget\" data-e-type=\"widget\" data-widget_type=\"text-editor.default\">\n\t\t\t\t<div class=\"elementor-widget-container\">\n\t\t\t\t\t\t\t\t\t<p>Quelques r\u00e9f\u00e9rences :<\/p><ul><li>Protection des donn\u00e9es (<a href=\"https:\/\/intranet.cnrs.fr\/protection_donnees\/Pages\/default.aspx\">Intranet du CNRS<\/a>)<\/li><li>Texte officiel (<a href=\"https:\/\/www.cnil.fr\/fr\/reglement-europeen-protection-donnees\">CNIL<\/a>)<\/li><li>Les droits pour ma\u00eetriser vos donn\u00e9es personnelles (<a href=\"https:\/\/www.cnil.fr\/les-droits-pour-maitriser-vos-donnees-personnelles\">CNIL<\/a>)<\/li><li>Analyse d&rsquo;impact sur la protection des donn\u00e9es (<a href=\"https:\/\/www.cnil.fr\/fr\/outil-pia-telechargez-et-installez-le-logiciel-de-la-cnil\">Outil de la CNIL<\/a>)<\/li><\/ul><p>Guide du CNRS<\/p><ul><li>version 2019 (<a href=\"https:\/\/www.lirmm.fr\/dorist\/wp-content\/uploads\/sites\/27\/2021\/03\/guide-rgpd.pdf\">guide-rgpd<\/a>)<\/li><li>version 2 2021 (<a href=\"https:\/\/www.lirmm.fr\/dorist\/wp-content\/uploads\/sites\/27\/2021\/03\/Guide_rgpd_2021.pdf\">Guide_rgpd_2021<\/a>)<\/li><\/ul><p><span style=\"color: #000080\"><strong>Guide pratique sur l&rsquo;anonymisation de donn\u00e9es<\/strong><\/span> :<\/p><p>Lien de t\u00e9l\u00e9chargement : <a href=\"https:\/\/seafile.lirmm.fr\/f\/967cfc7ee0b347d3abd1\/?dl=1\">pdf file<\/a><\/p><div><p>Publi\u00e9 par :<\/p><div>ARCAD Software<\/div><div><a href=\"http:\/\/www.arcadsoftware.fr\" target=\"_blank\" rel=\"noopener\">www.arcadsoftware.fr<\/a> F\u00e9vrier 2022<\/div><\/div>\t\t\t\t\t\t\t\t<\/div>\n\t\t\t\t<\/div>\n\t\t\t\t\t<\/div>\n\t\t<\/div>\n\t\t\t\t\t<\/div>\n\t\t<\/section>\n\t\t\t\t<\/div>\n\t\t","protected":false},"excerpt":{"rendered":"<p>R\u00e8glement g\u00e9n\u00e9ral sur la protection des donn\u00e9es (RGPD) Le R\u00e8glement du Parlement europ\u00e9en et du Conseil du 27 avril 2016 relatif \u00e0 la protection des&hellip;<\/p>\n","protected":false},"author":32,"featured_media":0,"parent":0,"menu_order":0,"comment_status":"closed","ping_status":"closed","template":"","meta":{"_eb_attr":"","_crdt_document":"","footnotes":""},"class_list":["post-189","page","type-page","status-publish","hentry"],"_links":{"self":[{"href":"https:\/\/www.lirmm.fr\/dorist\/wp-json\/wp\/v2\/pages\/189","targetHints":{"allow":["GET"]}}],"collection":[{"href":"https:\/\/www.lirmm.fr\/dorist\/wp-json\/wp\/v2\/pages"}],"about":[{"href":"https:\/\/www.lirmm.fr\/dorist\/wp-json\/wp\/v2\/types\/page"}],"author":[{"embeddable":true,"href":"https:\/\/www.lirmm.fr\/dorist\/wp-json\/wp\/v2\/users\/32"}],"replies":[{"embeddable":true,"href":"https:\/\/www.lirmm.fr\/dorist\/wp-json\/wp\/v2\/comments?post=189"}],"version-history":[{"count":140,"href":"https:\/\/www.lirmm.fr\/dorist\/wp-json\/wp\/v2\/pages\/189\/revisions"}],"predecessor-version":[{"id":3451,"href":"https:\/\/www.lirmm.fr\/dorist\/wp-json\/wp\/v2\/pages\/189\/revisions\/3451"}],"wp:attachment":[{"href":"https:\/\/www.lirmm.fr\/dorist\/wp-json\/wp\/v2\/media?parent=189"}],"curies":[{"name":"wp","href":"https:\/\/api.w.org\/{rel}","templated":true}]}}