{"id":191,"date":"2020-12-16T18:03:58","date_gmt":"2020-12-16T17:03:58","guid":{"rendered":"https:\/\/www.lirmm.fr\/dorist\/?page_id=191"},"modified":"2021-12-21T16:41:43","modified_gmt":"2021-12-21T15:41:43","slug":"formations","status":"publish","type":"page","link":"https:\/\/www.lirmm.fr\/dorist\/formations\/","title":{"rendered":"Formations"},"content":{"rendered":"\n<p class=\"wp-block-paragraph\"><strong>Formations propos\u00e9es par le Coll\u00e8ge Doctoral de l&rsquo;Universit\u00e9 de Montpellier <\/strong><\/p>\n\n\n\n<p class=\"wp-block-paragraph\">Catalogue Doctorants : <a href=\"https:\/\/collegedoctoral.umontpellier.fr\/\" target=\"_blank\" rel=\"noreferrer noopener\">Science et Soci\u00e9t\u00e9<\/a><\/p>\n","protected":false},"excerpt":{"rendered":"<p>Formations propos\u00e9es par le Coll\u00e8ge Doctoral de l&rsquo;Universit\u00e9 de Montpellier Catalogue Doctorants : Science et Soci\u00e9t\u00e9<\/p>\n","protected":false},"author":32,"featured_media":0,"parent":0,"menu_order":0,"comment_status":"closed","ping_status":"closed","template":"","meta":{"_eb_attr":"","_crdt_document":"","footnotes":""},"class_list":["post-191","page","type-page","status-publish","hentry"],"_links":{"self":[{"href":"https:\/\/www.lirmm.fr\/dorist\/wp-json\/wp\/v2\/pages\/191","targetHints":{"allow":["GET"]}}],"collection":[{"href":"https:\/\/www.lirmm.fr\/dorist\/wp-json\/wp\/v2\/pages"}],"about":[{"href":"https:\/\/www.lirmm.fr\/dorist\/wp-json\/wp\/v2\/types\/page"}],"author":[{"embeddable":true,"href":"https:\/\/www.lirmm.fr\/dorist\/wp-json\/wp\/v2\/users\/32"}],"replies":[{"embeddable":true,"href":"https:\/\/www.lirmm.fr\/dorist\/wp-json\/wp\/v2\/comments?post=191"}],"version-history":[{"count":2,"href":"https:\/\/www.lirmm.fr\/dorist\/wp-json\/wp\/v2\/pages\/191\/revisions"}],"predecessor-version":[{"id":2898,"href":"https:\/\/www.lirmm.fr\/dorist\/wp-json\/wp\/v2\/pages\/191\/revisions\/2898"}],"wp:attachment":[{"href":"https:\/\/www.lirmm.fr\/dorist\/wp-json\/wp\/v2\/media?parent=191"}],"curies":[{"name":"wp","href":"https:\/\/api.w.org\/{rel}","templated":true}]}}