{"id":221,"date":"2020-12-17T12:01:52","date_gmt":"2020-12-17T11:01:52","guid":{"rendered":"https:\/\/www.lirmm.fr\/dorist\/?page_id=221"},"modified":"2022-03-21T11:05:04","modified_gmt":"2022-03-21T10:05:04","slug":"faq","status":"publish","type":"page","link":"https:\/\/www.lirmm.fr\/dorist\/faq\/","title":{"rendered":"FAQ"},"content":{"rendered":"\t\t<div data-elementor-type=\"wp-page\" data-elementor-id=\"221\" class=\"elementor elementor-221\" data-elementor-post-type=\"page\">\n\t\t\t\t\t\t<section class=\"elementor-section elementor-top-section elementor-element elementor-element-d60a587 elementor-section-boxed elementor-section-height-default elementor-section-height-default\" data-id=\"d60a587\" data-element_type=\"section\" data-e-type=\"section\">\n\t\t\t\t\t\t<div class=\"elementor-container elementor-column-gap-default\">\n\t\t\t\t\t<div class=\"elementor-column elementor-col-100 elementor-top-column elementor-element elementor-element-d79d5ce\" data-id=\"d79d5ce\" data-element_type=\"column\" data-e-type=\"column\">\n\t\t\t<div class=\"elementor-widget-wrap elementor-element-populated\">\n\t\t\t\t\t\t\t<\/div>\n\t\t<\/div>\n\t\t\t\t\t<\/div>\n\t\t<\/section>\n\t\t\t\t<section class=\"elementor-section elementor-top-section elementor-element elementor-element-d6767c7 elementor-section-boxed elementor-section-height-default elementor-section-height-default\" data-id=\"d6767c7\" data-element_type=\"section\" data-e-type=\"section\">\n\t\t\t\t\t\t<div class=\"elementor-container elementor-column-gap-default\">\n\t\t\t\t\t<div class=\"elementor-column elementor-col-100 elementor-top-column elementor-element elementor-element-ca05495\" data-id=\"ca05495\" data-element_type=\"column\" data-e-type=\"column\">\n\t\t\t<div class=\"elementor-widget-wrap elementor-element-populated\">\n\t\t\t\t\t\t<div class=\"elementor-element elementor-element-c722e49 elementor-widget elementor-widget-eael-adv-accordion\" data-id=\"c722e49\" data-element_type=\"widget\" data-e-type=\"widget\" data-widget_type=\"eael-adv-accordion.default\">\n\t\t\t\t<div class=\"elementor-widget-container\">\n\t\t\t\t\t            <div class=\"eael-adv-accordion\" id=\"eael-adv-accordion-c722e49\" data-scroll-on-click=\"no\" data-scroll-speed=\"300\" data-accordion-id=\"c722e49\" data-accordion-type=\"accordion\" data-toogle-speed=\"300\">\n            <div class=\"eael-accordion-list\">\n\t\t\t\t\t<div id=\"quest-ce-quun-pid-\" class=\"elementor-tab-title eael-accordion-header\" tabindex=\"0\" data-tab=\"1\" aria-controls=\"elementor-tab-content-2081\"><span class=\"eael-advanced-accordion-icon-closed\"><i aria-hidden=\"true\" class=\"fa-accordion-icon fas fa-question-circle\"><\/i><\/span><span class=\"eael-advanced-accordion-icon-opened\"><i aria-hidden=\"true\" class=\"fa-accordion-icon fas fa-minus\"><\/i><\/span><span class=\"eael-accordion-tab-title\">Qu'est-ce qu'un PID ?<\/span><i aria-hidden=\"true\" class=\"fa-toggle fas fa-angle-right\"><\/i><\/div><div id=\"elementor-tab-content-2081\" class=\"eael-accordion-content clearfix\" data-tab=\"1\" aria-labelledby=\"quest-ce-quun-pid-\"><div class=\"grve-element grve-text grve-leader-text\"><p>Les identifiants p\u00e9rennes sont des \u00e9l\u00e9ments importants du mouvement de l\u2019Open Science. Il en existe <strong>2 grands types<\/strong> : les identifiants objet pour vos productions scientifiques (publications, donn\u00e9es et logiciels) et les identifiants contributeur pour les auteurs et les institutions. Un\u00a0<strong>identifiant p\u00e9renne<\/strong>\u00a0(Persistent identifier ou PID) est un code alphanum\u00e9rique associ\u00e9 \u00e0 un objet ou ressource de fa\u00e7on permanente. Il est disponible et g\u00e9rable \u00e0 long terme ; il ne changera pas si l\u2019objet est renomm\u00e9 ou d\u00e9plac\u00e9 (changement de site, d\u2019entrep\u00f4ts de donn\u00e9es\u2026).<\/p><\/div><blockquote><div class=\"grve-element grve-divider grve-align-center\">Le DOI (attribu\u00e9 par Crossref et DataCite) pour les ressources et l\u2019ORCID pour les contributeurs sont les identifiants les plus utilis\u00e9s : environ <strong>275 million de DOI<\/strong> (<em>source : <a href=\"https:\/\/www.doi.org\/faq.html\" target=\"_blank\" rel=\"noopener\">FAQ DOI<\/a> au 01\/12\/2021<\/em>) et <strong>plus de 7 million d\u2019ORCID<\/strong> (<em>source<\/em> :\u00a0<em><a href=\"https:\/\/doi.org\/10.23640\/07243.16687207.v1\" target=\"_blank\" rel=\"nofollow external noopener noreferrer\">From Vision to Value ORCID\u2019s 2022\u20132025 Strategic Plan<\/a> au 27\/9\/2021<\/em>)<\/div><\/blockquote><\/div>\n\t\t\t\t\t<\/div><div class=\"eael-accordion-list\">\n\t\t\t\t\t<div id=\"quels-sont-les-principes-du-rgpd-\" class=\"elementor-tab-title eael-accordion-header\" tabindex=\"0\" data-tab=\"2\" aria-controls=\"elementor-tab-content-2082\"><span class=\"eael-advanced-accordion-icon-closed\"><i aria-hidden=\"true\" class=\"fa-accordion-icon fas fa-question-circle\"><\/i><\/span><span class=\"eael-advanced-accordion-icon-opened\"><i aria-hidden=\"true\" class=\"fa-accordion-icon fas fa-minus\"><\/i><\/span><span class=\"eael-accordion-tab-title\">Quels sont les principes du RGPD ?<\/span><i aria-hidden=\"true\" class=\"fa-toggle fas fa-angle-right\"><\/i><\/div><div id=\"elementor-tab-content-2082\" class=\"eael-accordion-content clearfix\" data-tab=\"2\" aria-labelledby=\"quels-sont-les-principes-du-rgpd-\"><p>Les 5 grands principes des r\u00e8gles de protection des donn\u00e9es personnelles\u00a0sont les suivants :<\/p><ul><li><strong>Le principe de finalit\u00e9\u00a0<\/strong>: le responsable d&rsquo;un fichier ne peut enregistrer et utiliser des informations sur des personnes physiques que dans un but bien pr\u00e9cis, l\u00e9gal et l\u00e9gitime ;<\/li><li><strong>Le principe de proportionnalit\u00e9 et de pertinence\u00a0<\/strong>: les informations enregistr\u00e9es doivent \u00eatre pertinentes et strictement n\u00e9cessaires au regard de la finalit\u00e9 du fichier ;<\/li><li><strong>Le principe d&rsquo;une dur\u00e9e de conservation limit\u00e9e\u00a0<\/strong>: il n&rsquo;est pas possible de conserver des informations sur des personnes physiques dans un fichier pour une dur\u00e9e ind\u00e9finie. Une dur\u00e9e de conservation pr\u00e9cise doit \u00eatre fix\u00e9e, en fonction du type d&rsquo;information enregistr\u00e9e et de la finalit\u00e9 du fichier ;<\/li><li><strong>Le principe de s\u00e9curit\u00e9 et de confidentialit\u00e9\u00a0<\/strong>: le responsable du fichier doit garantir la s\u00e9curit\u00e9 et la confidentialit\u00e9 des informations qu&rsquo;il d\u00e9tient. Il doit en particulier veiller \u00e0 ce que seules les personnes autoris\u00e9es aient acc\u00e8s \u00e0 ces informations ;<\/li><li><strong><a href=\"https:\/\/www.cnil.fr\/fr\/rgpd-exemples-de-mentions-dinformation\" target=\"_blank\" rel=\"noopener\">Les droits des personnes<\/a>\u00a0<\/strong><\/li><\/ul><\/div>\n\t\t\t\t\t<\/div><div class=\"eael-accordion-list\">\n\t\t\t\t\t<div id=\"quest-ce-que-le-modle-auteur-payeur-\" class=\"elementor-tab-title eael-accordion-header\" tabindex=\"0\" data-tab=\"3\" aria-controls=\"elementor-tab-content-2083\"><span class=\"eael-advanced-accordion-icon-closed\"><i aria-hidden=\"true\" class=\"fa-accordion-icon fas fa-question-circle\"><\/i><\/span><span class=\"eael-advanced-accordion-icon-opened\"><i aria-hidden=\"true\" class=\"fa-accordion-icon fas fa-minus\"><\/i><\/span><span class=\"eael-accordion-tab-title\">Qu'est-ce que le mod\u00e8le auteur- payeur ?<\/span><i aria-hidden=\"true\" class=\"fa-toggle fas fa-angle-right\"><\/i><\/div><div id=\"elementor-tab-content-2083\" class=\"eael-accordion-content clearfix\" data-tab=\"3\" aria-labelledby=\"quest-ce-que-le-modle-auteur-payeur-\"><p>Le mod\u00e8le <strong>auteur-payeur<\/strong> consiste \u00e0 faire payer des frais \u00e0 l&rsquo;auteur ou \u00e0 son institution pour publier un article qui sera ainsi en acc\u00e8s libre sur le site de la revue. Ces frais sont des APC pour Article Processing Charges.<br \/>Il s\u2019oppose au mod\u00e8le <strong>lecteur-payeur<\/strong> o\u00f9 le contenu de la revue est accessible par abonnement.<br \/>Dans une revue auteur-payeur, les APC peuvent \u00eatre <strong>OPTIONNELS<\/strong> (pour les revues avec abonnements payants, seuls les articles dont les auteurs ont pay\u00e9 des APC \u00e9tant en acc\u00e8s libre) ou <strong>OBLIGATOIRES<\/strong> (pour les revues int\u00e9gralement en acc\u00e8s libre).<br \/>Tous les frais li\u00e9s \u00e0 la publication d&rsquo;un article ne sont pas forc\u00e9ment des APC : il peut s&rsquo;agir de frais pour figures en couleur ou pages suppl\u00e9mentaires.<\/p><p><strong>On ne parle d&rsquo;APC que si les frais permettent la publication en libre acc\u00e8s.<\/strong><\/p><\/div>\n\t\t\t\t\t<\/div><\/div>\t\t\t\t<\/div>\n\t\t\t\t<\/div>\n\t\t\t\t<div class=\"elementor-element elementor-element-2c67730 elementor-widget elementor-widget-eael-adv-accordion\" data-id=\"2c67730\" data-element_type=\"widget\" data-e-type=\"widget\" data-widget_type=\"eael-adv-accordion.default\">\n\t\t\t\t<div class=\"elementor-widget-container\">\n\t\t\t\t\t            <div class=\"eael-adv-accordion\" id=\"eael-adv-accordion-2c67730\" data-scroll-on-click=\"no\" data-scroll-speed=\"300\" data-accordion-id=\"2c67730\" data-accordion-type=\"accordion\" data-toogle-speed=\"300\">\n            <div class=\"eael-accordion-list\">\n\t\t\t\t\t<div id=\"quest-ce-quune-revue-hybride-\" class=\"elementor-tab-title eael-accordion-header\" tabindex=\"0\" data-tab=\"1\" aria-controls=\"elementor-tab-content-4651\"><span class=\"eael-advanced-accordion-icon-closed\"><i aria-hidden=\"true\" class=\"fa-accordion-icon fas fa-question-circle\"><\/i><\/span><span class=\"eael-advanced-accordion-icon-opened\"><i aria-hidden=\"true\" class=\"fa-accordion-icon fas fa-minus\"><\/i><\/span><span class=\"eael-accordion-tab-title\">Qu'est-ce qu'une revue hybride ?<\/span><i aria-hidden=\"true\" class=\"fa-toggle fas fa-angle-right\"><\/i><\/div><div id=\"elementor-tab-content-4651\" class=\"eael-accordion-content clearfix\" data-tab=\"1\" aria-labelledby=\"quest-ce-quune-revue-hybride-\"><p>Une revue hybride contient \u00e0 la fois des articles accessibles par abonnement et d\u2019autres en acc\u00e8s libre. La revue propose \u00e0 l&rsquo;auteur une option payante de mise en acc\u00e8s libre de son article sur le site de la revue. Le reste des articles demeurent disponibles sur abonnement.<br \/><strong>Les institutions et les financeurs de la recherche d\u00e9conseillent aux auteurs de payer un APC dans une revue hybride :<\/strong><\/p><ul><li>en raison de leur mod\u00e8le \u00e9conomique, qui permet \u00e0 l\u2019\u00e9diteur de b\u00e9n\u00e9ficier d\u2019une deuxi\u00e8me source de revenus en plus des abonnements,<\/li><li>et parce que les \u00e9diteurs ne sont de ce fait pas incit\u00e9s \u00e0 transformer leurs revues hybrides en revues int\u00e9gralement en libre acc\u00e8s<\/li><\/ul><p>Tr\u00e8s souvent, les APC dans les revues hybrides ne sont pas pris en charge par les financeurs.<br \/>C\u2019est ainsi le cas de :<\/p><ul><li>la Commission europ\u00e9enne, pour le prochain programme-cadre Horizon Europe, qui s\u2019appliquera \u00e0 partir de 2021 ;<\/li><li>l\u2019ANR, ainsi que tous les financeurs de la recherche regroup\u00e9s au sein de la cOAlition S et signataires du Plan S, applicable \u00e0 partir de 2021 : publier dans une revue hybride ne sera pas consid\u00e9r\u00e9 comme conforme aux exigences du Plan S, sauf si la revue s\u2019est engag\u00e9e \u00e0 passer int\u00e9gralement en libre acc\u00e8s dans un temps limit\u00e9 et au sein d\u2019un accord dit transformant ;<\/li><li>certaines institutions, telles que l\u2019Inria, le CNRS, ou l\u2019Universit\u00e9 de Strasbourg.<\/li><\/ul><\/div>\n\t\t\t\t\t<\/div><div class=\"eael-accordion-list\">\n\t\t\t\t\t<div id=\"comment-choisir-une-revue-en-accs-libre-\" class=\"elementor-tab-title eael-accordion-header\" tabindex=\"0\" data-tab=\"2\" aria-controls=\"elementor-tab-content-4652\"><span class=\"eael-advanced-accordion-icon-closed\"><i aria-hidden=\"true\" class=\"fa-accordion-icon fas fa-question-circle\"><\/i><\/span><span class=\"eael-advanced-accordion-icon-opened\"><i aria-hidden=\"true\" class=\"fa-accordion-icon fas fa-minus\"><\/i><\/span><span class=\"eael-accordion-tab-title\">Comment choisir une revue en acc\u00e8s libre ?<\/span><i aria-hidden=\"true\" class=\"fa-toggle fas fa-angle-right\"><\/i><\/div><div id=\"elementor-tab-content-4652\" class=\"eael-accordion-content clearfix\" data-tab=\"2\" aria-labelledby=\"comment-choisir-une-revue-en-accs-libre-\"><p>Pour choisir une revue en acc\u00e8s libre, il convient de v\u00e9rifier un certain nombre de crit\u00e8res. Trois sites peuvent vous aider :<\/p><ul><li><a href=\"https:\/\/sparcopen.org\/our-work\/howopenisit\" target=\"_blank\" rel=\"noopener\">HowOpenIsIt<\/a> ? : guide mis \u00e0 disposition par SPARC, The Scholarly Publishing and Academic Resources Coalition, et proposant 6 crit\u00e8res pour mesurer le degr\u00e9 d&rsquo;ouverture des revues (mesure ind\u00e9pendante).<\/li><li><a href=\"http:\/\/thinkchecksubmit.org\/\" target=\"_blank\" rel=\"noopener\">Think Check Submit (TCS)<\/a> : questions \u00e0 se poser avant de soumettre pour v\u00e9rifier la qualit\u00e9 scientifique, le mod\u00e8le \u00e9conomique et le degr\u00e9 d&rsquo;ouverture de la revue (TCS est une initiative inter-organismes dirig\u00e9e par des repr\u00e9sentants d&rsquo;associations et d&rsquo;\u00e9diteurs commerciaux :<br \/><a href=\"http:\/\/thinkchecksubmit.org\/about\/\" target=\"_blank\" rel=\"noopener\">voir les participants<\/a> ).<\/li><li><a href=\"https:\/\/www.qoam.eu\/\" target=\"_blank\" rel=\"noopener\">Quality Open Access Market (QOAM )<\/a> : \u00e9valuation qualitative faite directement par la communaut\u00e9 scientifique : un Journal Score Card est calcul\u00e9 en fonction des avis \u00e9mis (QOAM est une initiative n\u00e9erlandaise).<\/li><li><a href=\"https:\/\/doaj.org\/\" target=\"_blank\" rel=\"noopener\">Directory of Open Access Journals (DOAJ)<\/a> est un r\u00e9pertoire mondial des revues en acc\u00e8s ouvert. Il pr\u00e9cise si la revue facture des APC et leur montant indicatif le cas \u00e9ch\u00e9ant.<\/li><\/ul><\/div>\n\t\t\t\t\t<\/div><div class=\"eael-accordion-list\">\n\t\t\t\t\t<div id=\"ma-revue-est-elle-intgralement-en-accs-libre-\" class=\"elementor-tab-title eael-accordion-header\" tabindex=\"0\" data-tab=\"3\" aria-controls=\"elementor-tab-content-4653\"><span class=\"eael-advanced-accordion-icon-closed\"><i aria-hidden=\"true\" class=\"fa-accordion-icon fas fa-question-circle\"><\/i><\/span><span class=\"eael-advanced-accordion-icon-opened\"><i aria-hidden=\"true\" class=\"fa-accordion-icon fas fa-minus\"><\/i><\/span><span class=\"eael-accordion-tab-title\">Ma revue est- elle int\u00e9gralement en acc\u00e8s libre ?<\/span><i aria-hidden=\"true\" class=\"fa-toggle fas fa-angle-right\"><\/i><\/div><div id=\"elementor-tab-content-4653\" class=\"eael-accordion-content clearfix\" data-tab=\"3\" aria-labelledby=\"ma-revue-est-elle-intgralement-en-accs-libre-\"><p>Consultez le <a href=\"https:\/\/doaj.org\/\" target=\"_blank\" rel=\"noopener\">Directory of Open Access Journal (DOAJ )<\/a> : recherche par sujet, titre de journal, \u00e9diteur, &#8230; et possibilit\u00e9 d&rsquo;affiner avec le crit\u00e8re \u00a0\u00bb Article Processing Charge APC \u00ab\u00a0, Licence, &#8230;<\/p><p><strong>NB<\/strong> : Existe \u00e9galement pour les ouvrages : <a href=\"http:\/\/www.doabooks.org\/\" target=\"_blank\" rel=\"noopener\">Directory of Open Access Book (DOAB)<\/a> .<br \/>Voir aussi le <a href=\"https:\/\/road.issn.org\/\" target=\"_blank\" rel=\"noopener\">ROAD<\/a> \u00a0\u00bb r\u00e9pertoire des ressources scientifiques et universitaires en libre acc\u00e8s \u00ab\u00a0.<br \/>ROAD est un service propos\u00e9 par le Centre International de l\u2019ISSN avec le soutien de l\u2019UNESCO.<\/p><\/div>\n\t\t\t\t\t<\/div><div class=\"eael-accordion-list\">\n\t\t\t\t\t<div id=\"quest-ce-quun-diteur-prdateur-\" class=\"elementor-tab-title eael-accordion-header\" tabindex=\"0\" data-tab=\"4\" aria-controls=\"elementor-tab-content-4654\"><span class=\"eael-advanced-accordion-icon-closed\"><i aria-hidden=\"true\" class=\"fa-accordion-icon fas fa-question-circle\"><\/i><\/span><span class=\"eael-advanced-accordion-icon-opened\"><i aria-hidden=\"true\" class=\"fa-accordion-icon fas fa-minus\"><\/i><\/span><span class=\"eael-accordion-tab-title\">Qu'est-ce qu'un \u00e9diteur \"pr\u00e9dateur\" ?<\/span><i aria-hidden=\"true\" class=\"fa-toggle fas fa-angle-right\"><\/i><\/div><div id=\"elementor-tab-content-4654\" class=\"eael-accordion-content clearfix\" data-tab=\"4\" aria-labelledby=\"quest-ce-quun-diteur-prdateur-\"><p>Avec le mod\u00e8le auteur-payeur sont apparus des \u00e9diteurs motiv\u00e9s uniquement par l&rsquo;app\u00e2t du gain. Ils publient des revues dont la qualit\u00e9 scientifique est douteuse. Ils ont souvent une d\u00e9marche commerciale tr\u00e8s offensive. Ainsi, lorsqu&rsquo;on est d\u00e9march\u00e9 pour publier ou \u00eatre membre du comit\u00e9 \u00e9ditorial d&rsquo;une revue, il faut imp\u00e9rativement en v\u00e9rifier la qualit\u00e9 scientifique. Pour ce faire, il existe un certain nombre de crit\u00e8res \u00e0 v\u00e9rifier notamment via l&rsquo;outil <a href=\"http:\/\/thinkchecksubmit.org\/\" target=\"_blank\" rel=\"noopener\">Think Check Submit (TCS)<\/a> ou <a href=\"https:\/\/app.lib.uliege.be\/compass-to-publish\/\" target=\"_blank\" rel=\"noopener\">Compass to publish<\/a> (questions \u00e0 se poser avant de soumettre).<br \/>A titre indicatif, le DOAJ a retir\u00e9 de nombreux titres de sa base pour cause de suspicion de comportement pr\u00e9dateur : voir la <a href=\"http:\/\/bit.ly\/2ru0jWX\" target=\"_blank\" rel=\"noopener\">liste<\/a>.<\/p><\/div>\n\t\t\t\t\t<\/div><\/div>\t\t\t\t<\/div>\n\t\t\t\t<\/div>\n\t\t\t\t\t<\/div>\n\t\t<\/div>\n\t\t\t\t\t<\/div>\n\t\t<\/section>\n\t\t\t\t<section class=\"elementor-section elementor-top-section elementor-element elementor-element-861dcca elementor-section-boxed elementor-section-height-default elementor-section-height-default\" data-id=\"861dcca\" data-element_type=\"section\" data-e-type=\"section\">\n\t\t\t\t\t\t<div class=\"elementor-container elementor-column-gap-default\">\n\t\t\t\t\t<div class=\"elementor-column elementor-col-100 elementor-top-column elementor-element elementor-element-cbbbca1\" data-id=\"cbbbca1\" data-element_type=\"column\" data-e-type=\"column\">\n\t\t\t<div class=\"elementor-widget-wrap elementor-element-populated\">\n\t\t\t\t\t\t<div class=\"elementor-element elementor-element-44a379e elementor-widget elementor-widget-accordion\" data-id=\"44a379e\" data-element_type=\"widget\" data-e-type=\"widget\" data-widget_type=\"accordion.default\">\n\t\t\t\t<div class=\"elementor-widget-container\">\n\t\t\t\t\t\t\t<div class=\"elementor-accordion\">\n\t\t\t\t\t\t\t<div class=\"elementor-accordion-item\">\n\t\t\t\t\t<div id=\"elementor-tab-title-7191\" class=\"elementor-tab-title\" data-tab=\"1\" role=\"button\" aria-controls=\"elementor-tab-content-7191\" aria-expanded=\"false\">\n\t\t\t\t\t\t\t\t\t\t\t\t\t<span class=\"elementor-accordion-icon elementor-accordion-icon-left\" aria-hidden=\"true\">\n\t\t\t\t\t\t\t\t\t\t\t\t\t\t\t<span class=\"elementor-accordion-icon-closed\"><i class=\"fas fa-question-circle\"><\/i><\/span>\n\t\t\t\t\t\t\t\t<span class=\"elementor-accordion-icon-opened\"><i class=\"fas fa-question-circle\"><\/i><\/span>\n\t\t\t\t\t\t\t\t\t\t\t\t\t\t<\/span>\n\t\t\t\t\t\t\t\t\t\t\t\t<a class=\"elementor-accordion-title\" tabindex=\"0\">Lorsqu'on a attribu\u00e9 une licence, peut-on la changer au cours de son projet de recherche ?<\/a>\n\t\t\t\t\t<\/div>\n\t\t\t\t\t<div id=\"elementor-tab-content-7191\" class=\"elementor-tab-content elementor-clearfix\" data-tab=\"1\" role=\"region\" aria-labelledby=\"elementor-tab-title-7191\"><p>interview de Lionel Maurel disponible dans<a href=\"https:\/\/doranum.fr\/aspects-juridiques-ethiques\/questions-juridiques-liees-aux-donnees-de-la-recherche\/\" target=\"_blank\" rel=\"noopener\"> DoRANum<\/a> : Question 3<\/p><\/div>\n\t\t\t\t<\/div>\n\t\t\t\t\t\t\t<div class=\"elementor-accordion-item\">\n\t\t\t\t\t<div id=\"elementor-tab-title-7192\" class=\"elementor-tab-title\" data-tab=\"2\" role=\"button\" aria-controls=\"elementor-tab-content-7192\" aria-expanded=\"false\">\n\t\t\t\t\t\t\t\t\t\t\t\t\t<span class=\"elementor-accordion-icon elementor-accordion-icon-left\" aria-hidden=\"true\">\n\t\t\t\t\t\t\t\t\t\t\t\t\t\t\t<span class=\"elementor-accordion-icon-closed\"><i class=\"fas fa-question-circle\"><\/i><\/span>\n\t\t\t\t\t\t\t\t<span class=\"elementor-accordion-icon-opened\"><i class=\"fas fa-question-circle\"><\/i><\/span>\n\t\t\t\t\t\t\t\t\t\t\t\t\t\t<\/span>\n\t\t\t\t\t\t\t\t\t\t\t\t<a class=\"elementor-accordion-title\" tabindex=\"0\">Qu'est-ce que Open Science Framework ?<\/a>\n\t\t\t\t\t<\/div>\n\t\t\t\t\t<div id=\"elementor-tab-content-7192\" class=\"elementor-tab-content elementor-clearfix\" data-tab=\"2\" role=\"region\" aria-labelledby=\"elementor-tab-title-7192\"><p>OSF est un outil de gestion de projet gratuit et open source qui aide les chercheurs tout au long du cycle de vie de leur projet. En tant qu&rsquo;outil de collaboration, OSF aide les \u00e9quipes de recherche \u00e0 travailler sur des projets en priv\u00e9 ou \u00e0 rendre l&rsquo;ensemble du projet accessible au public pour une large diffusion. En tant que syst\u00e8me de flux de travail, OSF permet de se connecter aux nombreux produits que les chercheurs utilisent d\u00e9j\u00e0, ce qui simplifie leur processus et augmente leur efficacit\u00e9.<\/p><p>Pour en savoir plus, consultez le site <a href=\"https:\/\/www.cos.io\/products\/osf\" target=\"_blank\" rel=\"noopener\">https:\/\/www.cos.io\/products\/osf<\/a><\/p><\/div>\n\t\t\t\t<\/div>\n\t\t\t\t\t\t\t\t<\/div>\n\t\t\t\t\t\t<\/div>\n\t\t\t\t<\/div>\n\t\t\t\t\t<\/div>\n\t\t<\/div>\n\t\t\t\t\t<\/div>\n\t\t<\/section>\n\t\t\t\t<\/div>\n\t\t","protected":false},"excerpt":{"rendered":"<p>Qu&rsquo;est-ce qu&rsquo;un PID ? Les identifiants p\u00e9rennes sont des \u00e9l\u00e9ments importants du mouvement de l\u2019Open Science. Il en existe 2 grands types : les identifiants&hellip;<\/p>\n","protected":false},"author":32,"featured_media":0,"parent":0,"menu_order":0,"comment_status":"closed","ping_status":"closed","template":"","meta":{"_eb_attr":"","_crdt_document":"","footnotes":""},"class_list":["post-221","page","type-page","status-publish","hentry"],"_links":{"self":[{"href":"https:\/\/www.lirmm.fr\/dorist\/wp-json\/wp\/v2\/pages\/221","targetHints":{"allow":["GET"]}}],"collection":[{"href":"https:\/\/www.lirmm.fr\/dorist\/wp-json\/wp\/v2\/pages"}],"about":[{"href":"https:\/\/www.lirmm.fr\/dorist\/wp-json\/wp\/v2\/types\/page"}],"author":[{"embeddable":true,"href":"https:\/\/www.lirmm.fr\/dorist\/wp-json\/wp\/v2\/users\/32"}],"replies":[{"embeddable":true,"href":"https:\/\/www.lirmm.fr\/dorist\/wp-json\/wp\/v2\/comments?post=221"}],"version-history":[{"count":91,"href":"https:\/\/www.lirmm.fr\/dorist\/wp-json\/wp\/v2\/pages\/221\/revisions"}],"predecessor-version":[{"id":3103,"href":"https:\/\/www.lirmm.fr\/dorist\/wp-json\/wp\/v2\/pages\/221\/revisions\/3103"}],"wp:attachment":[{"href":"https:\/\/www.lirmm.fr\/dorist\/wp-json\/wp\/v2\/media?parent=221"}],"curies":[{"name":"wp","href":"https:\/\/api.w.org\/{rel}","templated":true}]}}