{"id":232,"date":"2020-12-17T12:14:50","date_gmt":"2020-12-17T11:14:50","guid":{"rendered":"https:\/\/www.lirmm.fr\/dorist\/?page_id=232"},"modified":"2021-08-30T10:33:07","modified_gmt":"2021-08-30T08:33:07","slug":"informations-legales","status":"publish","type":"page","link":"https:\/\/www.lirmm.fr\/dorist\/informations-legales\/","title":{"rendered":"Informations l\u00e9gales"},"content":{"rendered":"\n<p class=\"wp-block-paragraph\"><strong>Responsable de traitement <\/strong>: Philippe Poignet, directeur du LIRMM<\/p>\n\n\n\n<h3 class=\"wp-block-heading\"><font color=\"#ff0000\">Donn\u00e9es personnelles et informations nominatives<\/font><\/h3>\n\n\n\n<p class=\"wp-block-paragraph\">La pr\u00e9sente information d\u00e9crit les collectes et traitements de donn\u00e9es personnelles des internautes visitant le site web \u00ab&nbsp;Dorist\u00bb sous la responsabilit\u00e9 de Isabelle Gouat, responsable de la cellule IST et Donn\u00e9es de la Recherche et Cathy Tuchming son adjointe.<\/p>\n\n\n\n<p class=\"wp-block-paragraph\">La correspondante d\u00e9l\u00e9gu\u00e9e \u00e0 la protection des donn\u00e9es du LIRMM (<a href=\"mailto:cor-spd@lirmm.fr\" data-type=\"mailto\">cor-spd@lirmm.fr<\/a>) peut \u00eatre consult\u00e9e pour toute question sur le traitement des donn\u00e9es associ\u00e9 au site web.<\/p>\n\n\n\n<p class=\"wp-block-paragraph\"><strong>Les donn\u00e9es collect\u00e9es<\/strong>&nbsp;:<\/p>\n\n\n\n<p class=\"wp-block-paragraph\">Donn\u00e9es d\u2019identification&nbsp;: Nom \u2013 Mail (formulaire de contact)<\/p>\n\n\n\n<p class=\"wp-block-paragraph\"><strong>Les destinataires des donn\u00e9es<\/strong>&nbsp;:<\/p>\n\n\n\n<p class=\"wp-block-paragraph\">En interne \u00e0 l\u2019unit\u00e9&nbsp;: les personnes en charge du site web, de la communication, la direction de l\u2019unit\u00e9<\/p>\n\n\n\n<p class=\"wp-block-paragraph\"><strong>Base l\u00e9gale&nbsp;:<\/strong><\/p>\n\n\n\n<p class=\"wp-block-paragraph\">Le traitement est n\u00e9cessaire aux fins des int\u00e9r\u00eats l\u00e9gitimes poursuivis par le responsable du traitement<\/p>\n\n\n\n<p class=\"wp-block-paragraph\"><strong>Gestion des cookies<\/strong><\/p>\n\n\n\n<p class=\"wp-block-paragraph\">Ce site ne d\u00e9pose aucun cookie.<\/p>\n\n\n\n<p class=\"wp-block-paragraph\"><strong>Conservation des donn\u00e9es<\/strong><\/p>\n\n\n\n<ul class=\"wp-block-list\"><li>La mise en ligne de formulaires de contact&nbsp;:<strong> <\/strong>1 mois \u00e0 compter de la r\u00e9ponse <\/li><li>L\u2019inscription \u00e0 des newsletters&nbsp;: jusqu\u2019\u00e0 la demande de d\u00e9sabonnement par la personne concern\u00e9e<\/li><li>La participation \u00e0 des \u00e9v\u00e8nements&nbsp;: 1 mois apr\u00e8s la fin de l\u2019\u00e9v\u00e8nement<\/li><li>Le contenu&nbsp;: au maximum jusqu\u2019au d\u00e9part de la personne<\/li><\/ul>\n\n\n\n<p class=\"wp-block-paragraph\"><strong>Transfert des donn\u00e9es hors UE&nbsp;:<\/strong><\/p>\n\n\n\n<p class=\"wp-block-paragraph\">Les informations publi\u00e9es sur le site sont susceptibles d\u2019\u00eatre accessibles, du fait de leur pr\u00e9sence sur Internet, hors de l\u2019Union europ\u00e9enne.<\/p>\n\n\n\n<p class=\"wp-block-paragraph\">Lorsque certaines informations sont obligatoires pour acc\u00e9der \u00e0 des fonctionnalit\u00e9s sp\u00e9cifiques du site, ce caract\u00e8re obligatoire est indiqu\u00e9 au moment de la collecte de la saisie des donn\u00e9es. En cas de refus de votre part de fournir des informations obligatoires, vous pourriez ne pas avoir acc\u00e8s \u00e0 certains services.<\/p>\n\n\n\n<p class=\"wp-block-paragraph\">Conform\u00e9ment aux dispositions l\u00e9gales et r\u00e9glementaires applicables, en particulier la loi n\u00b0 78-17 du 6 janvier modifi\u00e9e relative \u00e0 l\u2019informatique, aux fichiers et aux libert\u00e9s et le r\u00e8glement europ\u00e9en n\u00b0 2016\/679\/UE du 27 avril 2016 (applicable depuis le 25 mai 2018), vous disposez des droits suivants&nbsp;:<\/p>\n\n\n\n<ul class=\"wp-block-list\"><li>Exercer votre droit d\u2019acc\u00e8s, pour conna\u00eetre les donn\u00e9es personnelles qui vous concernent&nbsp;;<\/li><li>Demander la mise \u00e0 jour de vos donn\u00e9es, si elles sont inexactes&nbsp;;<\/li><li>Demander la portabilit\u00e9 ou la suppression de vos donn\u00e9es&nbsp;;<\/li><li>Demander la suppression de votre compte&nbsp;;<\/li><li>Demander la limitation du traitement de vos donn\u00e9es&nbsp;;<\/li><li>Vous opposer, pour des motifs l\u00e9gitimes, au traitement de vos donn\u00e9es&nbsp;;<\/li><li>Retirer votre consentement au traitement de vos donn\u00e9es.<\/li><\/ul>\n\n\n\n<p class=\"wp-block-paragraph\">Vous pouvez exercer ces droits en vous adressant \u00e0\u00a0: <a href=\"mailto:cor-spd@lirmm.fr\" data-type=\"URL\">Cathy Tuchming<\/a><\/p>\n\n\n\n<p class=\"wp-block-paragraph\">Vous pouvez contacter \u00e9galement votre DPD \u00e0 l\u2019adresse suivante&nbsp;:<\/p>\n\n\n\n<p class=\"wp-block-paragraph\"><em>CNRS \u2013 SPD<\/em><\/p>\n\n\n\n<p class=\"wp-block-paragraph\"><em>Site Jean Zay \u2013 B\u00e2t Ariane<\/em><\/p>\n\n\n\n<p class=\"wp-block-paragraph\"><em>2 rue Jean Zay<\/em><\/p>\n\n\n\n<p class=\"wp-block-paragraph\"><em>54500 VANDOEUVRE LES NANCY<\/em><\/p>\n\n\n\n<p class=\"wp-block-paragraph\"><a href=\"mailto:dpd.demandes@cnrs.fr\"><em>dpd.demandes@cnrs.fr<\/em><\/a><\/p>\n\n\n\n<p class=\"wp-block-paragraph\">Si vous estimez, apr\u00e8s nous avoir contact\u00e9s, que vos droits Informatique et Libert\u00e9s ne sont pas respect\u00e9s, vous avez la possibilit\u00e9 d\u2019introduire une r\u00e9clamation aupr\u00e8s de la CNIL.<\/p>\n","protected":false},"excerpt":{"rendered":"<p>Responsable de traitement : Philippe Poignet, directeur du LIRMM Donn\u00e9es personnelles et informations nominatives La pr\u00e9sente information d\u00e9crit les collectes et traitements de donn\u00e9es personnelles&hellip;<\/p>\n","protected":false},"author":32,"featured_media":0,"parent":0,"menu_order":0,"comment_status":"closed","ping_status":"closed","template":"","meta":{"_eb_attr":"","_crdt_document":"","footnotes":""},"class_list":["post-232","page","type-page","status-publish","hentry"],"_links":{"self":[{"href":"https:\/\/www.lirmm.fr\/dorist\/wp-json\/wp\/v2\/pages\/232","targetHints":{"allow":["GET"]}}],"collection":[{"href":"https:\/\/www.lirmm.fr\/dorist\/wp-json\/wp\/v2\/pages"}],"about":[{"href":"https:\/\/www.lirmm.fr\/dorist\/wp-json\/wp\/v2\/types\/page"}],"author":[{"embeddable":true,"href":"https:\/\/www.lirmm.fr\/dorist\/wp-json\/wp\/v2\/users\/32"}],"replies":[{"embeddable":true,"href":"https:\/\/www.lirmm.fr\/dorist\/wp-json\/wp\/v2\/comments?post=232"}],"version-history":[{"count":5,"href":"https:\/\/www.lirmm.fr\/dorist\/wp-json\/wp\/v2\/pages\/232\/revisions"}],"predecessor-version":[{"id":2649,"href":"https:\/\/www.lirmm.fr\/dorist\/wp-json\/wp\/v2\/pages\/232\/revisions\/2649"}],"wp:attachment":[{"href":"https:\/\/www.lirmm.fr\/dorist\/wp-json\/wp\/v2\/media?parent=232"}],"curies":[{"name":"wp","href":"https:\/\/api.w.org\/{rel}","templated":true}]}}