{"id":3079,"date":"2022-03-15T16:55:59","date_gmt":"2022-03-15T15:55:59","guid":{"rendered":"https:\/\/www.lirmm.fr\/dorist\/?page_id=3079"},"modified":"2024-05-01T18:04:59","modified_gmt":"2024-05-01T16:04:59","slug":"serious-game","status":"publish","type":"page","link":"https:\/\/www.lirmm.fr\/dorist\/serious-game\/","title":{"rendered":"Serious Game"},"content":{"rendered":"\t\t<div data-elementor-type=\"wp-page\" data-elementor-id=\"3079\" class=\"elementor elementor-3079\" data-elementor-post-type=\"page\">\n\t\t\t\t\t\t<section class=\"elementor-section elementor-top-section elementor-element elementor-element-6c6e39f elementor-section-boxed elementor-section-height-default elementor-section-height-default\" data-id=\"6c6e39f\" data-element_type=\"section\" data-e-type=\"section\">\n\t\t\t\t\t\t<div class=\"elementor-container elementor-column-gap-default\">\n\t\t\t\t\t<div class=\"elementor-column elementor-col-50 elementor-top-column elementor-element elementor-element-14bf927\" data-id=\"14bf927\" data-element_type=\"column\" data-e-type=\"column\">\n\t\t\t<div class=\"elementor-widget-wrap elementor-element-populated\">\n\t\t\t\t\t\t<div class=\"elementor-element elementor-element-9be2961 elementor-widget elementor-widget-image\" data-id=\"9be2961\" data-element_type=\"widget\" data-e-type=\"widget\" data-widget_type=\"image.default\">\n\t\t\t\t<div class=\"elementor-widget-container\">\n\t\t\t\t\t\t\t\t\t\t\t\t\t\t\t<img fetchpriority=\"high\" decoding=\"async\" width=\"843\" height=\"562\" src=\"https:\/\/www.lirmm.fr\/dorist\/wp-content\/uploads\/sites\/27\/2022\/03\/game-ge76290e33_1920-1024x683.jpg\" class=\"attachment-large size-large wp-image-3000\" alt=\"jeu\" srcset=\"https:\/\/www.lirmm.fr\/dorist\/wp-content\/uploads\/sites\/27\/2022\/03\/game-ge76290e33_1920-1024x683.jpg 1024w, https:\/\/www.lirmm.fr\/dorist\/wp-content\/uploads\/sites\/27\/2022\/03\/game-ge76290e33_1920-300x200.jpg 300w, https:\/\/www.lirmm.fr\/dorist\/wp-content\/uploads\/sites\/27\/2022\/03\/game-ge76290e33_1920-768x512.jpg 768w, https:\/\/www.lirmm.fr\/dorist\/wp-content\/uploads\/sites\/27\/2022\/03\/game-ge76290e33_1920-1536x1024.jpg 1536w, https:\/\/www.lirmm.fr\/dorist\/wp-content\/uploads\/sites\/27\/2022\/03\/game-ge76290e33_1920.jpg 1920w\" sizes=\"(max-width: 843px) 100vw, 843px\" \/>\t\t\t\t\t\t\t\t\t\t\t\t\t\t\t<\/div>\n\t\t\t\t<\/div>\n\t\t\t\t\t<\/div>\n\t\t<\/div>\n\t\t\t\t<div class=\"elementor-column elementor-col-50 elementor-top-column elementor-element elementor-element-9dcde32\" data-id=\"9dcde32\" data-element_type=\"column\" data-e-type=\"column\">\n\t\t\t<div class=\"elementor-widget-wrap elementor-element-populated\">\n\t\t\t\t\t\t<div class=\"elementor-element elementor-element-8b99ff8 elementor-widget elementor-widget-image\" data-id=\"8b99ff8\" data-element_type=\"widget\" data-e-type=\"widget\" data-widget_type=\"image.default\">\n\t\t\t\t<div class=\"elementor-widget-container\">\n\t\t\t\t\t\t\t\t\t\t\t\t\t\t\t<img decoding=\"async\" width=\"583\" height=\"375\" src=\"https:\/\/www.lirmm.fr\/dorist\/wp-content\/uploads\/sites\/27\/2022\/03\/Capture-decran-du-2022-03-15-16-38-40.png\" class=\"attachment-large size-large wp-image-3081\" alt=\"GopenDoRe\" srcset=\"https:\/\/www.lirmm.fr\/dorist\/wp-content\/uploads\/sites\/27\/2022\/03\/Capture-decran-du-2022-03-15-16-38-40.png 583w, https:\/\/www.lirmm.fr\/dorist\/wp-content\/uploads\/sites\/27\/2022\/03\/Capture-decran-du-2022-03-15-16-38-40-300x193.png 300w\" sizes=\"(max-width: 583px) 100vw, 583px\" \/>\t\t\t\t\t\t\t\t\t\t\t\t\t\t\t<\/div>\n\t\t\t\t<\/div>\n\t\t\t\t\t<\/div>\n\t\t<\/div>\n\t\t\t\t\t<\/div>\n\t\t<\/section>\n\t\t\t\t<section class=\"elementor-section elementor-top-section elementor-element elementor-element-491ebf3 elementor-section-boxed elementor-section-height-default elementor-section-height-default\" data-id=\"491ebf3\" data-element_type=\"section\" data-e-type=\"section\">\n\t\t\t\t\t\t<div class=\"elementor-container elementor-column-gap-default\">\n\t\t\t\t\t<div class=\"elementor-column elementor-col-100 elementor-top-column elementor-element elementor-element-0128b68\" data-id=\"0128b68\" data-element_type=\"column\" data-e-type=\"column\">\n\t\t\t<div class=\"elementor-widget-wrap elementor-element-populated\">\n\t\t\t\t\t\t<div class=\"elementor-element elementor-element-7ea4778 elementor-widget elementor-widget-text-editor\" data-id=\"7ea4778\" data-element_type=\"widget\" data-e-type=\"widget\" data-widget_type=\"text-editor.default\">\n\t\t\t\t<div class=\"elementor-widget-container\">\n\t\t\t\t\t\t\t\t\t<p>Le partage des donn\u00e9es va de pair avec une bonne gestion des donn\u00e9es.<\/p><p>En effet, pour pouvoir \u00eatre diffus\u00e9es, les donn\u00e9es doivent avoir \u00e9t\u00e9 au pr\u00e9alable d\u00e9crites, document\u00e9es, conserv\u00e9es dans un format r\u00e9utilisable, etc.<\/p><p>Mais comment g\u00e9rer et partager ses donn\u00e9es ? Quels sont les bonnes pratiques \u00e0 conna\u00eetre ?<\/p><p>GopenDoRe a \u00e9t\u00e9 cr\u00e9\u00e9 par l\u2019\u00e9quipe <a href=\"https:\/\/doranum.fr\/enjeux-benefices\/gopendore-jeu-sur-la-gestion-des-donnees-de-recherche\/\" target=\"_blank\" rel=\"noopener\">DoRANum<\/a> pour animer de fa\u00e7on ludique les formations sur la gestion et le partage des donn\u00e9es de la recherche.<\/p><p>\u00a0<\/p>\t\t\t\t\t\t\t\t<\/div>\n\t\t\t\t<\/div>\n\t\t\t\t\t<\/div>\n\t\t<\/div>\n\t\t\t\t\t<\/div>\n\t\t<\/section>\n\t\t\t\t<section class=\"elementor-section elementor-top-section elementor-element elementor-element-a65b668 elementor-section-boxed elementor-section-height-default elementor-section-height-default\" data-id=\"a65b668\" data-element_type=\"section\" data-e-type=\"section\">\n\t\t\t\t\t\t<div class=\"elementor-container elementor-column-gap-default\">\n\t\t\t\t\t<div class=\"elementor-column elementor-col-100 elementor-top-column elementor-element elementor-element-cc9f403\" data-id=\"cc9f403\" data-element_type=\"column\" data-e-type=\"column\">\n\t\t\t<div class=\"elementor-widget-wrap elementor-element-populated\">\n\t\t\t\t\t\t<div class=\"elementor-element elementor-element-8fd547e elementor-widget elementor-widget-text-editor\" data-id=\"8fd547e\" data-element_type=\"widget\" data-e-type=\"widget\" data-widget_type=\"text-editor.default\">\n\t\t\t\t<div class=\"elementor-widget-container\">\n\t\t\t\t\t\t\t\t\t<p><strong>Organisation d&rsquo;ateliers de jeu<\/strong> :<\/p><p>1\u00e8re session : 23 mai 2022<\/p>\t\t\t\t\t\t\t\t<\/div>\n\t\t\t\t<\/div>\n\t\t\t\t\t<\/div>\n\t\t<\/div>\n\t\t\t\t\t<\/div>\n\t\t<\/section>\n\t\t\t\t<\/div>\n\t\t","protected":false},"excerpt":{"rendered":"<p>Le partage des donn\u00e9es va de pair avec une bonne gestion des donn\u00e9es. En effet, pour pouvoir \u00eatre diffus\u00e9es, les donn\u00e9es doivent avoir \u00e9t\u00e9 au&hellip;<\/p>\n","protected":false},"author":32,"featured_media":0,"parent":0,"menu_order":0,"comment_status":"closed","ping_status":"closed","template":"","meta":{"_eb_attr":"","_crdt_document":"","footnotes":""},"class_list":["post-3079","page","type-page","status-publish","hentry"],"_links":{"self":[{"href":"https:\/\/www.lirmm.fr\/dorist\/wp-json\/wp\/v2\/pages\/3079","targetHints":{"allow":["GET"]}}],"collection":[{"href":"https:\/\/www.lirmm.fr\/dorist\/wp-json\/wp\/v2\/pages"}],"about":[{"href":"https:\/\/www.lirmm.fr\/dorist\/wp-json\/wp\/v2\/types\/page"}],"author":[{"embeddable":true,"href":"https:\/\/www.lirmm.fr\/dorist\/wp-json\/wp\/v2\/users\/32"}],"replies":[{"embeddable":true,"href":"https:\/\/www.lirmm.fr\/dorist\/wp-json\/wp\/v2\/comments?post=3079"}],"version-history":[{"count":7,"href":"https:\/\/www.lirmm.fr\/dorist\/wp-json\/wp\/v2\/pages\/3079\/revisions"}],"predecessor-version":[{"id":3292,"href":"https:\/\/www.lirmm.fr\/dorist\/wp-json\/wp\/v2\/pages\/3079\/revisions\/3292"}],"wp:attachment":[{"href":"https:\/\/www.lirmm.fr\/dorist\/wp-json\/wp\/v2\/media?parent=3079"}],"curies":[{"name":"wp","href":"https:\/\/api.w.org\/{rel}","templated":true}]}}