{"id":3346,"date":"2022-05-27T11:23:39","date_gmt":"2022-05-27T09:23:39","guid":{"rendered":"https:\/\/www.lirmm.fr\/dorist\/?page_id=3346"},"modified":"2023-02-22T15:17:04","modified_gmt":"2023-02-22T14:17:04","slug":"open-access-et-publication","status":"publish","type":"page","link":"https:\/\/www.lirmm.fr\/dorist\/open-access-et-publication\/","title":{"rendered":"OPEN ACCESS ET PUBLICATION"},"content":{"rendered":"\t\t<div data-elementor-type=\"wp-page\" data-elementor-id=\"3346\" class=\"elementor elementor-3346\" data-elementor-post-type=\"page\">\n\t\t\t\t\t\t<section class=\"elementor-section elementor-top-section elementor-element elementor-element-6305767 elementor-section-boxed elementor-section-height-default elementor-section-height-default\" data-id=\"6305767\" data-element_type=\"section\" data-e-type=\"section\">\n\t\t\t\t\t\t<div class=\"elementor-container elementor-column-gap-default\">\n\t\t\t\t\t<div class=\"elementor-column elementor-col-100 elementor-top-column elementor-element elementor-element-ceaed95\" data-id=\"ceaed95\" data-element_type=\"column\" data-e-type=\"column\">\n\t\t\t<div class=\"elementor-widget-wrap elementor-element-populated\">\n\t\t\t\t\t\t<div class=\"elementor-element elementor-element-4cb65cf elementor-widget elementor-widget-toggle\" data-id=\"4cb65cf\" data-element_type=\"widget\" data-e-type=\"widget\" data-widget_type=\"toggle.default\">\n\t\t\t\t<div class=\"elementor-widget-container\">\n\t\t\t\t\t\t\t<div class=\"elementor-toggle\">\n\t\t\t\t\t\t\t<div class=\"elementor-toggle-item\">\n\t\t\t\t\t<div id=\"elementor-tab-title-8041\" class=\"elementor-tab-title\" data-tab=\"1\" role=\"button\" aria-controls=\"elementor-tab-content-8041\" aria-expanded=\"false\">\n\t\t\t\t\t\t\t\t\t\t\t\t<span class=\"elementor-toggle-icon elementor-toggle-icon-left\" aria-hidden=\"true\">\n\t\t\t\t\t\t\t\t\t\t\t\t\t\t\t<span class=\"elementor-toggle-icon-closed\"><i class=\"fas fa-caret-right\"><\/i><\/span>\n\t\t\t\t\t\t\t\t<span class=\"elementor-toggle-icon-opened\"><i class=\"elementor-toggle-icon-opened fas fa-caret-up\"><\/i><\/span>\n\t\t\t\t\t\t\t\t\t\t\t\t\t<\/span>\n\t\t\t\t\t\t\t\t\t\t\t\t<a class=\"elementor-toggle-title\" tabindex=\"0\">Conna\u00eetre et conserver son droit d'auteur<\/a>\n\t\t\t\t\t<\/div>\n\n\t\t\t\t\t<div id=\"elementor-tab-content-8041\" class=\"elementor-tab-content elementor-clearfix\" data-tab=\"1\" role=\"region\" aria-labelledby=\"elementor-tab-title-8041\"><p>Lors de la publication d\u2019un article de recherche, un contrat est pass\u00e9 avec une maison d\u2019\u00e9dition. Ce contrat peut en r\u00e9alit\u00e9 prendre plusieurs noms (License to Publish, Author agreement, contrat d\u2019\u00e9dition, contrat de cession de droits\u2026) mais il est obligatoire et sa finalit\u00e9 est unique : accorder \u00e0 la maison d\u2019\u00e9dition le droit de diffuser l\u2019article. Cette cession du droit de diffusion peut \u00eatre exclusive ou non.<\/p><p>Lors de la publication dans une revue sous abonnement ou hybride, dans la grande majorit\u00e9 des cas la cession est exclusive. Cela signifie que seule la maison d\u2019\u00e9dition poss\u00e8de l\u2019exclusivit\u00e9 de la diffusion. Les auteurs et autrices perdent alors l\u2019int\u00e9gralit\u00e9 du droit de diffusion ce qui limite l\u2019utilisation qu\u2019elles peuvent faire de leur propre article. Ces termes du contrat peuvent \u00eatre n\u00e9goci\u00e9s. Il est possible pour cela de se rapprocher des services d\u00e9di\u00e9s des biblioth\u00e8ques universitaires ou de s\u2019appuyer sur son institution. La cession non exclusive du droit de diffusion peut ensuite permettre aux auteurs et autrices de diffuser sans embargo la version publi\u00e9e de leur manuscrit, en la d\u00e9posant dans une archive ouverte telle que HAL (selon le mod\u00e8le de la voie verte) ou sur le site de leur \u00e9quipe, par exemple.<\/p><p>Aujourd\u2019hui l\u2019acc\u00e8s ouvert complet et imm\u00e9diat aux publications scientifiques, quel que soit le type de revue choisi, est une recommandation de nombreux financeurs europ\u00e9ens de la recherche, qui deviendra bient\u00f4t une obligation. Cela passe notamment par le Plan S, port\u00e9 par une coalition de financeurs nationaux europ\u00e9ens de la recherche, la cOAlition S. L\u2019un des grands principes de ce plan est l\u2019apposition syst\u00e9matique d\u2019une licence CC-BY ou \u00e9quivalent sur la version accept\u00e9e de l\u2019article (aussi appel\u00e9e post-print). Cette strat\u00e9gie, dite de r\u00e9tention des droits, permettrait de d\u00e9poser imm\u00e9diatement son manuscrit dans une archive ouverte institutionnelle, comme HAL, sans que la maison d\u2019\u00e9dition s\u2019y oppose puisque la licence CC-BY autorise la libre diffusion en vue de toute r\u00e9utilisation. Des n\u00e9gociations sont en cours entre la cOAlition S et les principales maisons d\u2019\u00e9dition auxquelles ont habituellement recours les chercheurs et chercheuses financ\u00e9es par les membres de la coalition.<\/p><\/div>\n\t\t\t\t<\/div>\n\t\t\t\t\t\t\t<div class=\"elementor-toggle-item\">\n\t\t\t\t\t<div id=\"elementor-tab-title-8042\" class=\"elementor-tab-title\" data-tab=\"2\" role=\"button\" aria-controls=\"elementor-tab-content-8042\" aria-expanded=\"false\">\n\t\t\t\t\t\t\t\t\t\t\t\t<span class=\"elementor-toggle-icon elementor-toggle-icon-left\" aria-hidden=\"true\">\n\t\t\t\t\t\t\t\t\t\t\t\t\t\t\t<span class=\"elementor-toggle-icon-closed\"><i class=\"fas fa-caret-right\"><\/i><\/span>\n\t\t\t\t\t\t\t\t<span class=\"elementor-toggle-icon-opened\"><i class=\"elementor-toggle-icon-opened fas fa-caret-up\"><\/i><\/span>\n\t\t\t\t\t\t\t\t\t\t\t\t\t<\/span>\n\t\t\t\t\t\t\t\t\t\t\t\t<a class=\"elementor-toggle-title\" tabindex=\"0\">Outils pour diffuser vos publications<\/a>\n\t\t\t\t\t<\/div>\n\n\t\t\t\t\t<div id=\"elementor-tab-content-8042\" class=\"elementor-tab-content elementor-clearfix\" data-tab=\"2\" role=\"region\" aria-labelledby=\"elementor-tab-title-8042\"><p><a href=\"https:\/\/dissem.in\/\" target=\"_blank\" rel=\"noopener\"><strong>Dissemin<\/strong><\/a> d\u00e9tecte les articles qui se cachent derri\u00e8re des revues payantes et aide leurs auteurs \u00e0 les t\u00e9l\u00e9charger en un clic vers un d\u00e9p\u00f4t ouvert.<\/p><\/div>\n\t\t\t\t<\/div>\n\t\t\t\t\t\t\t\t<\/div>\n\t\t\t\t\t\t<\/div>\n\t\t\t\t<\/div>\n\t\t\t\t\t<\/div>\n\t\t<\/div>\n\t\t\t\t\t<\/div>\n\t\t<\/section>\n\t\t\t\t<\/div>\n\t\t","protected":false},"excerpt":{"rendered":"<p>Conna\u00eetre et conserver son droit d&rsquo;auteur Lors de la publication d\u2019un article de recherche, un contrat est pass\u00e9 avec une maison d\u2019\u00e9dition. Ce contrat peut&hellip;<\/p>\n","protected":false},"author":32,"featured_media":0,"parent":0,"menu_order":0,"comment_status":"closed","ping_status":"closed","template":"","meta":{"_eb_attr":"","_crdt_document":"","footnotes":""},"class_list":["post-3346","page","type-page","status-publish","hentry"],"_links":{"self":[{"href":"https:\/\/www.lirmm.fr\/dorist\/wp-json\/wp\/v2\/pages\/3346","targetHints":{"allow":["GET"]}}],"collection":[{"href":"https:\/\/www.lirmm.fr\/dorist\/wp-json\/wp\/v2\/pages"}],"about":[{"href":"https:\/\/www.lirmm.fr\/dorist\/wp-json\/wp\/v2\/types\/page"}],"author":[{"embeddable":true,"href":"https:\/\/www.lirmm.fr\/dorist\/wp-json\/wp\/v2\/users\/32"}],"replies":[{"embeddable":true,"href":"https:\/\/www.lirmm.fr\/dorist\/wp-json\/wp\/v2\/comments?post=3346"}],"version-history":[{"count":10,"href":"https:\/\/www.lirmm.fr\/dorist\/wp-json\/wp\/v2\/pages\/3346\/revisions"}],"predecessor-version":[{"id":3657,"href":"https:\/\/www.lirmm.fr\/dorist\/wp-json\/wp\/v2\/pages\/3346\/revisions\/3657"}],"wp:attachment":[{"href":"https:\/\/www.lirmm.fr\/dorist\/wp-json\/wp\/v2\/media?parent=3346"}],"curies":[{"name":"wp","href":"https:\/\/api.w.org\/{rel}","templated":true}]}}