{"id":3719,"date":"2023-05-24T13:54:35","date_gmt":"2023-05-24T11:54:35","guid":{"rendered":"https:\/\/www.lirmm.fr\/dorist\/?page_id=3719"},"modified":"2024-04-16T17:00:49","modified_gmt":"2024-04-16T15:00:49","slug":"le-barometre-de-la-science-ouverte","status":"publish","type":"page","link":"https:\/\/www.lirmm.fr\/dorist\/le-barometre-de-la-science-ouverte\/","title":{"rendered":"Le barom\u00e8tre de la Science Ouverte"},"content":{"rendered":"\t\t<div data-elementor-type=\"wp-page\" data-elementor-id=\"3719\" class=\"elementor elementor-3719\" data-elementor-post-type=\"page\">\n\t\t\t\t\t\t<section class=\"elementor-section elementor-top-section elementor-element elementor-element-6a302ba elementor-section-boxed elementor-section-height-default elementor-section-height-default\" data-id=\"6a302ba\" data-element_type=\"section\" data-e-type=\"section\">\n\t\t\t\t\t\t<div class=\"elementor-container elementor-column-gap-default\">\n\t\t\t\t\t<div class=\"elementor-column elementor-col-100 elementor-top-column elementor-element elementor-element-a04fd25\" data-id=\"a04fd25\" data-element_type=\"column\" data-e-type=\"column\">\n\t\t\t<div class=\"elementor-widget-wrap elementor-element-populated\">\n\t\t\t\t\t\t<div class=\"elementor-element elementor-element-c332664 elementor-widget elementor-widget-text-editor\" data-id=\"c332664\" data-element_type=\"widget\" data-e-type=\"widget\" data-widget_type=\"text-editor.default\">\n\t\t\t\t<div class=\"elementor-widget-container\">\n\t\t\t\t\t\t\t\t\t<p>Le\u00a0<a title=\"nouvelle fen\u00eatre\" href=\"https:\/\/bso.dataesr.ovh\/\" target=\"_blank\" rel=\"noopener\">Barom\u00e8tre fran\u00e7ais de la Science Ouverte (BSO)<\/a>\u00a0est l\u2019une des actions du\u00a0<a title=\"nouvelle fen\u00eatre\" href=\"https:\/\/www.ouvrirlascience.fr\/plan-national-pour-la-science-ouverte\/\" target=\"_blank\" rel=\"noopener\">Plan national pour la science ouverte<\/a>. Mis en place en 2019, il permet de suivre le taux national des publications de recherche en libre acc\u00e8s : publications dont au moins l\u2019un des auteurs est affili\u00e9 \u00e0 un \u00e9tablissement en France. Tout \u00e9tablissement de recherche peut aujourd\u2019hui demander au Minist\u00e8re de d\u00e9cliner ces indicateurs pour construire son propre Barom\u00e8tre.<\/p><p>Les graphiques dynamiques ci-dessous (en cliquant sur l&rsquo;image) permettent de visualiser les indicateurs de la d\u00e9clinaison locale du LIRMM.<\/p>\t\t\t\t\t\t\t\t<\/div>\n\t\t\t\t<\/div>\n\t\t\t\t\t<\/div>\n\t\t<\/div>\n\t\t\t\t\t<\/div>\n\t\t<\/section>\n\t\t\t\t<section class=\"elementor-section elementor-top-section elementor-element elementor-element-70b203d elementor-section-boxed elementor-section-height-default elementor-section-height-default\" data-id=\"70b203d\" data-element_type=\"section\" data-e-type=\"section\">\n\t\t\t\t\t\t<div class=\"elementor-container elementor-column-gap-default\">\n\t\t\t\t\t<div class=\"elementor-column elementor-col-100 elementor-top-column elementor-element elementor-element-d06c00d\" data-id=\"d06c00d\" data-element_type=\"column\" data-e-type=\"column\">\n\t\t\t<div class=\"elementor-widget-wrap elementor-element-populated\">\n\t\t\t\t\t\t<div class=\"elementor-element elementor-element-fbedc4d elementor-widget elementor-widget-shortcode\" data-id=\"fbedc4d\" data-element_type=\"widget\" data-e-type=\"widget\" data-widget_type=\"shortcode.default\">\n\t\t\t\t<div class=\"elementor-widget-container\">\n\t\t\t\t\t\t\t<div class=\"elementor-shortcode\"><div class=\"carousel-slider-outer carousel-slider-outer-image-carousel-url carousel-slider-outer-4279\" style=\"--carousel-slider-nav-color:rgb(237,97,54);--carousel-slider-active-nav-color:rgb(173,0,237);--carousel-slider-arrow-size:48px;--carousel-slider-bullet-size:10px\">\n<div id=\"&#039;id-4279\" class=\"carousel-slider carousel-slider-4279 arrows-visibility-hover dots-visibility-never arrows-outside dots-center dots-circle owl-carousel\" data-slide-type=\"image-carousel-url\" data-owl-settings='{\"nav\":true,\"dots\":false,\"slideBy\":1,\"stagePadding\":0,\"margin\":10,\"loop\":true,\"lazyLoad\":false,\"autoplay\":true,\"autoplayTimeout\":5000,\"autoplaySpeed\":500,\"autoplayHoverPause\":true,\"autoWidth\":false,\"items\":1}'>\n<div class=\"carousel-slider__item\">\n\t<a href=\"https:\/\/barometredelascienceouverte.esr.gouv.fr\/integration\/fr\/publi.general.dynamique-ouverture.chart-taux-ouverture?bsoLocalAffiliation=199111950H&#038;displayComment=true&#038;displayTitle=true&#038;displayFooter=true&#038;endYear=2022&#038;lastObservationYear=2023&#038;startYear=2018&#038;firstObservationYear=2018&#038;useHalId=false\" target=\"_blank\"><img decoding=\"async\" alt=\"Acces ouvert\" src=\"https:\/\/www.lirmm.fr\/dorist\/wp-content\/uploads\/sites\/27\/2024\/04\/TAO-publis.png\" \/><div class=\"carousel-slider__caption\"><h4 class=\"title\">Taux d&#039;acc\u00e8s ouvert des publications scientifiques du LIRMM<\/h4><p class=\"caption\">Ce graphique pr\u00e9sente, pour chaque ann\u00e9e d&#039;observation depuis 2018, le taux d&#039;acc\u00e8s ouvert des publications scientifiques du LIRMM, avec un DOI Crossref, parues durant l&#039;ann\u00e9e pr\u00e9c\u00e9dente. Ainsi, 90 % des publications scientifiques du LIRMM, avec un DOI Crossref, publi\u00e9es en 2021 \u00e9taient en acc\u00e8s ouvert en 2022 (date d&#039;observation). En 2022, ce taux s&#039;\u00e9l\u00e8ve \u00e0 87 %. Le taux d&#039;acc\u00e8s a donc \u00e9volu\u00e9 de -3 point(s) en une ann\u00e9e.<\/p><\/div><\/a><\/div>\n<div class=\"carousel-slider__item\">\n\t<a href=\"https:\/\/barometredelascienceouverte.esr.gouv.fr\/integration\/fr\/publi.general.dynamique-ouverture.chart-evolution-proportion?bsoLocalAffiliation=199111950H&#038;displayComment=true&#038;displayTitle=true&#038;displayFooter=true&#038;endYear=2022&#038;lastObservationYear=2023&#038;startYear=2018&#038;firstObservationYear=2018&#038;useHalId=false\" target=\"_blank\"><img decoding=\"async\" alt=\"evolution\" src=\"https:\/\/www.lirmm.fr\/dorist\/wp-content\/uploads\/sites\/27\/2024\/04\/evol_TAO.png\" \/><div class=\"carousel-slider__caption\"><h4 class=\"title\">\u00c9volution du taux d&#039;acc\u00e8s ouvert des publications scientifiques du LIRMM, avec un DOI Crossref, par ann\u00e9e d&#039;observation<\/h4><p class=\"caption\">Ce graphique pr\u00e9sente, pour chaque date d&#039;observation, le taux d&#039;acc\u00e8s ouvert des publications scientifiques du LIRMM, avec un DOI Crossref, par date de publication. Chaque courbe repr\u00e9sente les taux d&#039;ouverture constat\u00e9s pour une date d&#039;observation, et les taux d&#039;ouverture sont exprim\u00e9s en fonction de l&#039;ann\u00e9e de parution des publications. Pour chaque ann\u00e9e de publication, on observe que le taux d&#039;acc\u00e8s ouvert augmente en fonction de la date \u00e0 laquelle est effectu\u00e9e l&#039;observation. Cela est d\u00fb au processus de lib\u00e9ration des publications les plus r\u00e9centes par l&#039;expiration des barri\u00e8res mobiles ou les d\u00e9p\u00f4ts sur archives ouvertes apr\u00e8s une p\u00e9riode d&#039;embargo. Ainsi, le taux d&#039;acc\u00e8s ouvert des publications parues en 2019 est pass\u00e9 de 80 % en 2020 \u00e0 91 % en 2023. Lorsque le taux d&#039;acc\u00e8s ouvert est plus \u00e9lev\u00e9 pour la derni\u00e8re ann\u00e9e de publication que pour les ann\u00e9es pr\u00e9c\u00e9dentes, cela t\u00e9moigne d&#039;un raccourcissement des d\u00e9lais dans la mise \u00e0 disposition en acc\u00e8s ouvert.<\/p><\/div><\/a><\/div>\n<div class=\"carousel-slider__item\">\n\t<a href=\"https:\/\/barometredelascienceouverte.esr.gouv.fr\/integration\/fr\/publi.general.voies-ouverture.chart-repartition-publications?bsoLocalAffiliation=199111950H&#038;displayComment=true&#038;displayTitle=true&#038;displayFooter=true&#038;endYear=2022&#038;lastObservationYear=2023&#038;startYear=2018&#038;firstObservationYear=2018&#038;useHalId=false\" target=\"_blank\"><img decoding=\"async\" alt=\"R\u00e9partion\" src=\"https:\/\/www.lirmm.fr\/dorist\/wp-content\/uploads\/sites\/27\/2024\/04\/repartition.png\" \/><div class=\"carousel-slider__caption\"><h4 class=\"title\">R\u00e9partition des publications scientifiques du LIRMM, avec un DOI Crossref, parues en 2022 par voie d&#039;ouverture (observ\u00e9 en 2023)<\/h4><p class=\"caption\">Ce graphique repr\u00e9sente pour la date d&#039;observation la plus r\u00e9cente (2023), comment se r\u00e9partissent les publications du LIRMM, avec un DOI Crossref, en acc\u00e8s ouvert parues durant l&#039;ann\u00e9e pr\u00e9c\u00e9dente par voie d&#039;ouverture. Il est \u00e0 noter que, d&#039;une mise \u00e0 jour \u00e0 l&#039;autre, une publication prise individuellement peut changer de statut, par exemple en passant de la cat\u00e9gorie &quot;ouverture via l&#039;\u00e9diteur&quot; \u00e0 &quot;ouverture via l&#039;\u00e9diteur et archive ouverte&quot; si la publication a \u00e9t\u00e9 entre-temps d\u00e9pos\u00e9e sur une archive ouverte. On observe que, pour les publications parues en 2022, 33 % sont ouvertes via les deux voies, 51 % uniquement via une archive ouverte et 3 % uniquement via l&#039;\u00e9diteur.<\/p><\/div><\/a><\/div>\n<div class=\"carousel-slider__item\">\n\t<a href=\"https:\/\/barometredelascienceouverte.esr.gouv.fr\/integration\/fr\/publi.general.voies-ouverture.chart-repartition-taux?bsoLocalAffiliation=199111950H&#038;displayComment=true&#038;displayTitle=true&#038;displayFooter=true&#038;endYear=2022&#038;lastObservationYear=2023&#038;startYear=2018&#038;firstObservationYear=2018&#038;useHalId=false\" target=\"_blank\"><img decoding=\"async\" alt=\"r\u00e9partition par ann\u00e9e de publication\" src=\"https:\/\/www.lirmm.fr\/dorist\/wp-content\/uploads\/sites\/27\/2024\/04\/repart-VO-AN.png\" \/><div class=\"carousel-slider__caption\"><h4 class=\"title\">R\u00e9partition des publications scientifiques du LIRMM, avec un DOI Crossref, en acc\u00e8s ouvert par voie d&#039;ouverture et par ann\u00e9e de publication (observ\u00e9 en 2023)<\/h4><p class=\"caption\">Ce graphique repr\u00e9sente pour la date d&#039;observation la plus r\u00e9cente (2023), comment se r\u00e9partissent les publications du LIRMM, avec un DOI Crossref, en acc\u00e8s ouvert par ann\u00e9e de publication et par voie d&#039;ouverture. Il est \u00e0 noter que, d&#039;une mise \u00e0 jour \u00e0 l&#039;autre, une publication prise individuellement peut changer de statut, par exemple en passant de la cat\u00e9gorie &quot;ouverture via l&#039;\u00e9diteur&quot; \u00e0 &quot;ouverture via l&#039;\u00e9diteur et archive ouverte&quot; si la publication a \u00e9t\u00e9 entre-temps d\u00e9pos\u00e9e sur une archive ouverte. On observe que, pour les publications parues en 2022, 33 % sont ouvertes via les deux voies, 51 % uniquement via une archive ouverte et 3 % uniquement via l&#039;\u00e9diteur.<\/p><\/div><\/a><\/div>\n<div class=\"carousel-slider__item\">\n\t<a href=\"https:\/\/barometredelascienceouverte.esr.gouv.fr\/integration\/fr\/publi.general.genres-ouverture.chart-repartition-genres?bsoLocalAffiliation=199111950H&#038;displayComment=true&#038;displayTitle=true&#038;displayFooter=true&#038;endYear=2022&#038;lastObservationYear=2023&#038;startYear=2018&#038;firstObservationYear=2018&#038;useHalId=false\" target=\"_blank\"><img decoding=\"async\" alt=\"TAO par type de publis\" src=\"https:\/\/www.lirmm.fr\/dorist\/wp-content\/uploads\/sites\/27\/2024\/04\/publis-2021.png\" \/><div class=\"carousel-slider__caption\"><h4 class=\"title\">Taux d&#039;acc\u00e8s ouvert par type de publications du LIRMM, avec un DOI Crossref, publications de 2022<\/h4><p class=\"caption\">Ce graphique pr\u00e9sente le taux d&#039;acc\u00e8s ouvert des diff\u00e9rents types de publications du LIRMM, avec un DOI Crossref, en consid\u00e9rant l&#039;ensemble des publications parues en 2022. Il pr\u00e9cise, pour chacun, quelles sont les voies d&#039;ouverture emprunt\u00e9es. Les pratiques de diffusion des pr\u00e9publications sur des plateformes ouvertes d\u00e9di\u00e9es expliquent que leur taux d&#039;acc\u00e8s ouvert avoisine les 100 %. On remarque notamment que le barom\u00e8tre mesure un ratio de 89 % d&#039;acc\u00e8s ouvert pour les articles de revue, et 80 % d&#039;acc\u00e8s ouvert pour les chapitres d&#039;ouvrage. Les initiatives d&#039;acc\u00e8s ouvert ont en effet historiquement d\u00e9marr\u00e9 par les revues et les articles. Les ouvrages et les chapitres sont moins engag\u00e9s dans le processus d&#039;ouverture.<\/p><\/div><\/a><\/div>\n<div class=\"carousel-slider__item\">\n\t<a href=\"https:\/\/barometredelascienceouverte.esr.gouv.fr\/integration\/fr\/publi.general.genres-ouverture.chart-evolution-proportion?bsoLocalAffiliation=199111950H&#038;displayComment=true&#038;displayTitle=true&#038;displayFooter=true&#038;endYear=2022&#038;lastObservationYear=2023&#038;startYear=2018&#038;firstObservationYear=2018&#038;useHalId=false\" target=\"_blank\"><img decoding=\"async\" alt=\"DOI Crossref\" src=\"https:\/\/www.lirmm.fr\/dorist\/wp-content\/uploads\/sites\/27\/2024\/04\/evolution.png\" \/><div class=\"carousel-slider__caption\"><h4 class=\"title\">\u00c9volution du taux d&#039;acc\u00e8s ouvert des publications du LIRMM, avec un DOI Crossref, par type de publication<\/h4><p class=\"caption\">Ce graphique pr\u00e9sente, pour chaque type de publication, le taux d&#039;acc\u00e8s ouvert des publications scientifiques du LIRMM, avec un DOI Crossref, par date de publication.<\/p><\/div><\/a><\/div>\n<div class=\"carousel-slider__item\">\n\t<a href=\"https:\/\/barometredelascienceouverte.esr.gouv.fr\/integration\/fr\/publi.disciplines.dynamique-ouverture.chart-taux-ouverture?bsoLocalAffiliation=199111950H&#038;displayComment=true&#038;displayTitle=true&#038;displayFooter=true&#038;endYear=2022&#038;lastObservationYear=2023&#038;startYear=2018&#038;firstObservationYear=2018&#038;useHalId=false\" target=\"_blank\"><img decoding=\"async\" alt=\"TAO par discipline\" src=\"https:\/\/www.lirmm.fr\/dorist\/wp-content\/uploads\/sites\/27\/2024\/04\/disciplines.png\" \/><div class=\"carousel-slider__caption\"><h4 class=\"title\">Taux d&#039;acc\u00e8s ouvert par discipline et par ann\u00e9e d&#039;observation, pour les publications du LIRMM, avec un DOI Crossref, parues durant l&#039;ann\u00e9e pr\u00e9c\u00e9dente (disciplines pr\u00e9sent\u00e9es dans l&#039;ordre du taux d&#039;acc\u00e8s d\u00e9croissant)<\/h4><p class=\"caption\">Pour chaque ann\u00e9e d&#039;observation depuis 2018, le barom\u00e8tre estime le taux d&#039;acc\u00e8s ouvert des publications scientifiques du LIRMM, avec un DOI Crossref, parues durant l&#039;ann\u00e9e pr\u00e9c\u00e9dente. Ce graphique d\u00e9cline les r\u00e9sultats par champ disciplinaire. La nomenclature des disciplines est inf\u00e9r\u00e9e \u00e0 partir d&#039;un algorithme de classification entra\u00een\u00e9 sur la base Pascal et Francis. La classification des publications a \u00e9t\u00e9 r\u00e9alis\u00e9e automatiquement \u00e0 partir des m\u00e9tadonn\u00e9es concernant le nom de la revue et le titre de la publication. Ainsi, 100 % des publications scientifiques du LIRMM, avec un DOI Crossref, en biologie fondamentale publi\u00e9es en 2022 \u00e9taient en acc\u00e8s ouvert l&#039;ann\u00e9e suivante, en 2023 (ann\u00e9e d&#039;observation).<\/p><\/div><\/a><\/div>\n<div class=\"carousel-slider__item\">\n\t<a href=\"https:\/\/barometredelascienceouverte.esr.gouv.fr\/integration\/fr\/publi.disciplines.voies-ouverture.chart-repartition-publications?bsoLocalAffiliation=199111950H&#038;displayComment=true&#038;displayTitle=true&#038;displayFooter=true&#038;endYear=2022&#038;lastObservationYear=2023&#038;startYear=2018&#038;firstObservationYear=2018&#038;useHalId=false\" target=\"_blank\"><img decoding=\"async\" alt=\"r\u00e9partition\" src=\"https:\/\/www.lirmm.fr\/dorist\/wp-content\/uploads\/sites\/27\/2024\/04\/repartition-2021.png\" \/><div class=\"carousel-slider__caption\"><h4 class=\"title\">R\u00e9partition des publications du LIRMM, avec un DOI Crossref, par voie d&#039;ouverture pour chaque discipline (publications de 2022)<\/h4><p class=\"caption\">Pour chaque discipline, ce graphique repr\u00e9sente, pour les publications du LIRMM, avec un DOI Crossref, parues en 2022 et \u00e0 la date d&#039;observation la plus r\u00e9cente (2023), quelle est la part respective des diff\u00e9rentes voies d&#039;ouverture : publication en acc\u00e8s ouvert par l&#039;\u00e9diteur, d\u00e9p\u00f4t dans une ou plusieurs archives ouvertes, ou bien ces deux voies simultan\u00e9ment. Il est \u00e0 noter que, d&#039;une mise \u00e0 jour \u00e0 l&#039;autre, chaque publication prise individuellement peut changer de statut, par exemple en passant de la cat\u00e9gorie &quot;ouverture via l&#039;\u00e9diteur&quot; \u00e0 &quot;ouverture via l&#039;\u00e9diteur et archive ouverte&quot; si la publication a \u00e9t\u00e9 d\u00e9pos\u00e9e sur une archive ouverte entretemps. On remarque notamment que, pour les publications publi\u00e9es en 2022 en informatique et sciences de l&#039;information, 48 % des publications sont ouvertes via la voie archive ouverte, 33 % sont ouvertes via la voie \u00e9diteur &amp; archive ouverte et 3 % le sont via la voie \u00e9diteur.<\/p><\/div><\/a><\/div>\n<\/div><!-- .carousel-slider-4279 -->\n<\/div><!-- .carousel-slider-outer-4279 -->\n<\/div>\n\t\t\t\t\t\t<\/div>\n\t\t\t\t<\/div>\n\t\t\t\t\t<\/div>\n\t\t<\/div>\n\t\t\t\t\t<\/div>\n\t\t<\/section>\n\t\t\t\t<\/div>\n\t\t","protected":false},"excerpt":{"rendered":"<p>Le\u00a0Barom\u00e8tre fran\u00e7ais de la Science Ouverte (BSO)\u00a0est l\u2019une des actions du\u00a0Plan national pour la science ouverte. Mis en place en 2019, il permet de suivre&hellip;<\/p>\n","protected":false},"author":32,"featured_media":0,"parent":0,"menu_order":0,"comment_status":"closed","ping_status":"closed","template":"","meta":{"_eb_attr":"","_crdt_document":"","footnotes":""},"class_list":["post-3719","page","type-page","status-publish","hentry"],"_links":{"self":[{"href":"https:\/\/www.lirmm.fr\/dorist\/wp-json\/wp\/v2\/pages\/3719","targetHints":{"allow":["GET"]}}],"collection":[{"href":"https:\/\/www.lirmm.fr\/dorist\/wp-json\/wp\/v2\/pages"}],"about":[{"href":"https:\/\/www.lirmm.fr\/dorist\/wp-json\/wp\/v2\/types\/page"}],"author":[{"embeddable":true,"href":"https:\/\/www.lirmm.fr\/dorist\/wp-json\/wp\/v2\/users\/32"}],"replies":[{"embeddable":true,"href":"https:\/\/www.lirmm.fr\/dorist\/wp-json\/wp\/v2\/comments?post=3719"}],"version-history":[{"count":49,"href":"https:\/\/www.lirmm.fr\/dorist\/wp-json\/wp\/v2\/pages\/3719\/revisions"}],"predecessor-version":[{"id":4283,"href":"https:\/\/www.lirmm.fr\/dorist\/wp-json\/wp\/v2\/pages\/3719\/revisions\/4283"}],"wp:attachment":[{"href":"https:\/\/www.lirmm.fr\/dorist\/wp-json\/wp\/v2\/media?parent=3719"}],"curies":[{"name":"wp","href":"https:\/\/api.w.org\/{rel}","templated":true}]}}