{"id":255,"date":"2021-02-19T13:28:49","date_gmt":"2021-02-19T12:28:49","guid":{"rendered":"https:\/\/perso.lirmm.fr\/yassine-haddab\/?page_id=255"},"modified":"2023-02-08T16:59:52","modified_gmt":"2023-02-08T15:59:52","slug":"accueil","status":"publish","type":"page","link":"https:\/\/www.lirmm.fr\/eric-bourreau\/","title":{"rendered":"Accueil"},"content":{"rendered":"\t\t<div data-elementor-type=\"wp-page\" data-elementor-id=\"255\" class=\"elementor elementor-255\" data-elementor-post-type=\"page\">\n\t\t\t\t\t\t<section class=\"elementor-section elementor-top-section elementor-element elementor-element-3c7ca1d elementor-section-boxed elementor-section-height-default elementor-section-height-default\" data-id=\"3c7ca1d\" data-element_type=\"section\" data-e-type=\"section\">\n\t\t\t\t\t\t<div class=\"elementor-container elementor-column-gap-default\">\n\t\t\t\t\t<div class=\"elementor-column elementor-col-50 elementor-top-column elementor-element elementor-element-69208f4\" data-id=\"69208f4\" data-element_type=\"column\" data-e-type=\"column\">\n\t\t\t<div class=\"elementor-widget-wrap elementor-element-populated\">\n\t\t\t\t\t\t<div class=\"elementor-element elementor-element-803ce5c elementor-widget elementor-widget-image\" data-id=\"803ce5c\" data-element_type=\"widget\" data-e-type=\"widget\" data-widget_type=\"image.default\">\n\t\t\t\t<div class=\"elementor-widget-container\">\n\t\t\t\t\t\t\t\t\t\t\t\t\t\t\t<img fetchpriority=\"high\" decoding=\"async\" width=\"274\" height=\"300\" src=\"https:\/\/www.lirmm.fr\/eric-bourreau\/wp-content\/uploads\/sites\/50\/2023\/02\/Eric-Bourreau-ASE2019-274x300.png\" class=\"attachment-medium size-medium wp-image-396\" alt=\"\" srcset=\"https:\/\/www.lirmm.fr\/eric-bourreau\/wp-content\/uploads\/sites\/50\/2023\/02\/Eric-Bourreau-ASE2019-274x300.png 274w, https:\/\/www.lirmm.fr\/eric-bourreau\/wp-content\/uploads\/sites\/50\/2023\/02\/Eric-Bourreau-ASE2019-e1675871079897.png 250w\" sizes=\"(max-width: 274px) 100vw, 274px\" \/>\t\t\t\t\t\t\t\t\t\t\t\t\t\t\t<\/div>\n\t\t\t\t<\/div>\n\t\t\t\t\t<\/div>\n\t\t<\/div>\n\t\t\t\t<div class=\"elementor-column elementor-col-50 elementor-top-column elementor-element elementor-element-5098882\" data-id=\"5098882\" data-element_type=\"column\" data-e-type=\"column\">\n\t\t\t<div class=\"elementor-widget-wrap elementor-element-populated\">\n\t\t\t\t\t\t<div class=\"elementor-element elementor-element-1be963d elementor-widget elementor-widget-heading\" data-id=\"1be963d\" data-element_type=\"widget\" data-e-type=\"widget\" data-widget_type=\"heading.default\">\n\t\t\t\t<div class=\"elementor-widget-container\">\n\t\t\t\t\t<h2 class=\"elementor-heading-title elementor-size-default\">Biographie<\/h2>\t\t\t\t<\/div>\n\t\t\t\t<\/div>\n\t\t\t\t<div class=\"elementor-element elementor-element-7ea8ed2 elementor-widget elementor-widget-text-editor\" data-id=\"7ea8ed2\" data-element_type=\"widget\" data-e-type=\"widget\" data-widget_type=\"text-editor.default\">\n\t\t\t\t<div class=\"elementor-widget-container\">\n\t\t\t\t\t\t\t\t\t<p>Maitre de conf\u00e9rence \u00e0 l&rsquo;Universit\u00e9 de Montpelllier depuis 2005.<\/p><p>Enseignant chercheur en Informatique au LIRMM.<\/p><p>2 enfants<\/p><p>\u00a0<\/p>\t\t\t\t\t\t\t\t<\/div>\n\t\t\t\t<\/div>\n\t\t\t\t<div class=\"elementor-element elementor-element-a2d296b elementor-align-center elementor-widget elementor-widget-button\" data-id=\"a2d296b\" data-element_type=\"widget\" data-e-type=\"widget\" data-widget_type=\"button.default\">\n\t\t\t\t<div class=\"elementor-widget-container\">\n\t\t\t\t\t\t\t\t\t<div class=\"elementor-button-wrapper\">\n\t\t\t\t\t<a class=\"elementor-button elementor-button-link elementor-size-sm elementor-animation-grow\" href=\"https:\/\/cv.hal.science\/ericbourreau\" target=\"_blank\">\n\t\t\t\t\t\t<span class=\"elementor-button-content-wrapper\">\n\t\t\t\t\t\t\t\t\t<span class=\"elementor-button-text\">mon CV Hal<\/span>\n\t\t\t\t\t<\/span>\n\t\t\t\t\t<\/a>\n\t\t\t\t<\/div>\n\t\t\t\t\t\t\t\t<\/div>\n\t\t\t\t<\/div>\n\t\t\t\t\t<\/div>\n\t\t<\/div>\n\t\t\t\t\t<\/div>\n\t\t<\/section>\n\t\t\t\t<section class=\"elementor-section elementor-top-section elementor-element elementor-element-eacf12d elementor-section-boxed elementor-section-height-default elementor-section-height-default\" data-id=\"eacf12d\" data-element_type=\"section\" data-e-type=\"section\">\n\t\t\t\t\t\t<div class=\"elementor-container elementor-column-gap-default\">\n\t\t\t\t\t<div class=\"elementor-column elementor-col-50 elementor-top-column elementor-element elementor-element-17e1dfb\" data-id=\"17e1dfb\" data-element_type=\"column\" data-e-type=\"column\">\n\t\t\t<div class=\"elementor-widget-wrap elementor-element-populated\">\n\t\t\t\t\t\t<div class=\"elementor-element elementor-element-e1a8d4c elementor-widget elementor-widget-heading\" data-id=\"e1a8d4c\" data-element_type=\"widget\" data-e-type=\"widget\" data-widget_type=\"heading.default\">\n\t\t\t\t<div class=\"elementor-widget-container\">\n\t\t\t\t\t<h2 class=\"elementor-heading-title elementor-size-default\">Exp\u00e9riences<\/h2>\t\t\t\t<\/div>\n\t\t\t\t<\/div>\n\t\t\t\t<div class=\"elementor-element elementor-element-ad3f32c elementor-widget elementor-widget-text-editor\" data-id=\"ad3f32c\" data-element_type=\"widget\" data-e-type=\"widget\" data-widget_type=\"text-editor.default\">\n\t\t\t\t<div class=\"elementor-widget-container\">\n\t\t\t\t\t\t\t\t\t<p>Bac+5 MATH-INFO (1992)<br><\/p>\n<p>Th\u00e8se en Programmation par Contraintes (1999)<br><\/p>\n<p>R\u00e9solutions de probl\u00e8mes combinatoires dans l&rsquo;Industrie (Lufthansa, Verreries d&rsquo;Arc, TF1, Bouygues Telecom) de 1996 \u00e0 2004.<\/p>\t\t\t\t\t\t\t\t<\/div>\n\t\t\t\t<\/div>\n\t\t\t\t\t<\/div>\n\t\t<\/div>\n\t\t\t\t<div class=\"elementor-column elementor-col-50 elementor-top-column elementor-element elementor-element-899a335\" data-id=\"899a335\" data-element_type=\"column\" data-e-type=\"column\">\n\t\t\t<div class=\"elementor-widget-wrap elementor-element-populated\">\n\t\t\t\t\t\t<div class=\"elementor-element elementor-element-0e748fe elementor-widget elementor-widget-image\" data-id=\"0e748fe\" data-element_type=\"widget\" data-e-type=\"widget\" data-widget_type=\"image.default\">\n\t\t\t\t<div class=\"elementor-widget-container\">\n\t\t\t\t\t\t\t\t\t\t\t\t\t\t\t<img decoding=\"async\" width=\"255\" height=\"300\" src=\"https:\/\/www.lirmm.fr\/eric-bourreau\/wp-content\/uploads\/sites\/50\/2023\/02\/16x16-2-255x300.jpg\" class=\"attachment-medium size-medium wp-image-401\" alt=\"\" srcset=\"https:\/\/www.lirmm.fr\/eric-bourreau\/wp-content\/uploads\/sites\/50\/2023\/02\/16x16-2-255x300.jpg 255w, https:\/\/www.lirmm.fr\/eric-bourreau\/wp-content\/uploads\/sites\/50\/2023\/02\/16x16-2-869x1024.jpg 869w, https:\/\/www.lirmm.fr\/eric-bourreau\/wp-content\/uploads\/sites\/50\/2023\/02\/16x16-2-768x905.jpg 768w, https:\/\/www.lirmm.fr\/eric-bourreau\/wp-content\/uploads\/sites\/50\/2023\/02\/16x16-2-1304x1536.jpg 1304w, https:\/\/www.lirmm.fr\/eric-bourreau\/wp-content\/uploads\/sites\/50\/2023\/02\/16x16-2.jpg 1329w\" sizes=\"(max-width: 255px) 100vw, 255px\" \/>\t\t\t\t\t\t\t\t\t\t\t\t\t\t\t<\/div>\n\t\t\t\t<\/div>\n\t\t\t\t\t<\/div>\n\t\t<\/div>\n\t\t\t\t\t<\/div>\n\t\t<\/section>\n\t\t\t\t<\/div>\n\t\t","protected":false},"excerpt":{"rendered":"<p>Biographie Maitre de conf\u00e9rence \u00e0 l&rsquo;Universit\u00e9 de Montpelllier depuis 2005. Enseignant chercheur en Informatique au LIRMM. 2 enfants \u00a0 mon CV Hal Exp\u00e9riences Bac+5 MATH-INFO (1992) Th\u00e8se en Programmation par Contraintes (1999) R\u00e9solutions de probl\u00e8mes combinatoires dans l&rsquo;Industrie (Lufthansa, Verreries d&rsquo;Arc, TF1, Bouygues Telecom) de 1996 \u00e0 2004.<\/p>\n","protected":false},"author":35,"featured_media":0,"parent":0,"menu_order":0,"comment_status":"closed","ping_status":"closed","template":"","meta":{"_crdt_document":"","_uag_custom_page_level_css":"","footnotes":""},"class_list":["post-255","page","type-page","status-publish","hentry"],"uagb_featured_image_src":{"full":false,"thumbnail":false,"medium":false,"medium_large":false,"large":false,"1536x1536":false,"2048x2048":false},"uagb_author_info":{"display_name":"Perso Admin","author_link":"https:\/\/www.lirmm.fr\/eric-bourreau\/author\/lirmmperso\/"},"uagb_comment_info":0,"uagb_excerpt":"Biographie Maitre de conf\u00e9rence \u00e0 l&rsquo;Universit\u00e9 de Montpelllier depuis 2005. Enseignant chercheur en Informatique au LIRMM. 2 enfants \u00a0 mon CV Hal Exp\u00e9riences Bac+5 MATH-INFO (1992) Th\u00e8se en Programmation par Contraintes (1999) R\u00e9solutions de probl\u00e8mes combinatoires dans l&rsquo;Industrie (Lufthansa, Verreries d&rsquo;Arc, TF1, Bouygues Telecom) de 1996 \u00e0 2004.","_links":{"self":[{"href":"https:\/\/www.lirmm.fr\/eric-bourreau\/wp-json\/wp\/v2\/pages\/255","targetHints":{"allow":["GET"]}}],"collection":[{"href":"https:\/\/www.lirmm.fr\/eric-bourreau\/wp-json\/wp\/v2\/pages"}],"about":[{"href":"https:\/\/www.lirmm.fr\/eric-bourreau\/wp-json\/wp\/v2\/types\/page"}],"author":[{"embeddable":true,"href":"https:\/\/www.lirmm.fr\/eric-bourreau\/wp-json\/wp\/v2\/users\/35"}],"replies":[{"embeddable":true,"href":"https:\/\/www.lirmm.fr\/eric-bourreau\/wp-json\/wp\/v2\/comments?post=255"}],"version-history":[{"count":0,"href":"https:\/\/www.lirmm.fr\/eric-bourreau\/wp-json\/wp\/v2\/pages\/255\/revisions"}],"wp:attachment":[{"href":"https:\/\/www.lirmm.fr\/eric-bourreau\/wp-json\/wp\/v2\/media?parent=255"}],"curies":[{"name":"wp","href":"https:\/\/api.w.org\/{rel}","templated":true}]}}