{"id":1460,"date":"2026-01-09T11:42:41","date_gmt":"2026-01-09T10:42:41","guid":{"rendered":"https:\/\/www.lirmm.fr\/pkm-2026\/?page_id=1460"},"modified":"2026-01-30T16:12:45","modified_gmt":"2026-01-30T15:12:45","slug":"social-event","status":"publish","type":"page","link":"https:\/\/www.lirmm.fr\/pkm-2026\/social-event\/","title":{"rendered":"Social Event"},"content":{"rendered":"\t\t<div data-elementor-type=\"wp-page\" data-elementor-id=\"1460\" class=\"elementor elementor-1460\" data-elementor-post-type=\"page\">\n\t\t\t\t\t\t<section class=\"elementor-section elementor-top-section elementor-element elementor-element-5904757 elementor-section-boxed elementor-section-height-default elementor-section-height-default\" data-id=\"5904757\" data-element_type=\"section\" data-e-type=\"section\">\n\t\t\t\t\t\t<div class=\"elementor-container elementor-column-gap-default\">\n\t\t\t\t\t<div class=\"elementor-column elementor-col-100 elementor-top-column elementor-element elementor-element-670ec4c\" data-id=\"670ec4c\" data-element_type=\"column\" data-e-type=\"column\" data-settings=\"{&quot;background_background&quot;:&quot;classic&quot;}\">\n\t\t\t<div class=\"elementor-widget-wrap elementor-element-populated\">\n\t\t\t\t\t\t<div class=\"elementor-element elementor-element-7ece603 elementor-widget elementor-widget-text-editor\" data-id=\"7ece603\" data-element_type=\"widget\" data-e-type=\"widget\" data-widget_type=\"text-editor.default\">\n\t\t\t\t<div class=\"elementor-widget-container\">\n\t\t\t\t\t\t\t\t\t<h2>&#8220;See the beauty of N\u00eemes and remember PKM-2026 for ever&#8221;<\/h2>\t\t\t\t\t\t\t\t<\/div>\n\t\t\t\t<\/div>\n\t\t\t\t<div class=\"elementor-element elementor-element-793e115 elementor-widget elementor-widget-image\" data-id=\"793e115\" data-element_type=\"widget\" data-e-type=\"widget\" data-widget_type=\"image.default\">\n\t\t\t\t<div class=\"elementor-widget-container\">\n\t\t\t\t\t\t\t\t\t\t\t\t\t\t\t<img fetchpriority=\"high\" decoding=\"async\" width=\"800\" height=\"451\" src=\"https:\/\/www.lirmm.fr\/pkm-2026\/wp-content\/uploads\/sites\/57\/2026\/01\/Arenes_Nimes.jpg\" class=\"attachment-large size-large wp-image-1462\" alt=\"\" srcset=\"https:\/\/www.lirmm.fr\/pkm-2026\/wp-content\/uploads\/sites\/57\/2026\/01\/Arenes_Nimes.jpg 813w, https:\/\/www.lirmm.fr\/pkm-2026\/wp-content\/uploads\/sites\/57\/2026\/01\/Arenes_Nimes-300x169.jpg 300w, https:\/\/www.lirmm.fr\/pkm-2026\/wp-content\/uploads\/sites\/57\/2026\/01\/Arenes_Nimes-768x433.jpg 768w\" sizes=\"(max-width: 800px) 100vw, 800px\" \/>\t\t\t\t\t\t\t\t\t\t\t\t\t\t\t<\/div>\n\t\t\t\t<\/div>\n\t\t\t\t<div class=\"elementor-element elementor-element-018d8ef elementor-widget elementor-widget-text-editor\" data-id=\"018d8ef\" data-element_type=\"widget\" data-e-type=\"widget\" data-widget_type=\"text-editor.default\">\n\t\t\t\t<div class=\"elementor-widget-container\">\n\t\t\t\t\t\t\t\t\t<h3><strong>Wednesday, September 23, 2026<\/strong><\/h3><p>2:00 p.m. : Departure by bus from the Saint-Priest Campus \u2013 LIRMM (Montpellier)<\/p><p>Visit to the Ar\u00e8nes de N\u00eemes<\/p><p>Visit and lecture of Sym\u00e9trie company in Bouillargues<\/p><p>Dinner on site offered by Sym\u00e9trie company<\/p><p>Return to Montpellier by bus after dinner<\/p>\t\t\t\t\t\t\t\t<\/div>\n\t\t\t\t<\/div>\n\t\t\t\t<div class=\"elementor-element elementor-element-fd3de60 elementor-widget elementor-widget-image\" data-id=\"fd3de60\" data-element_type=\"widget\" data-e-type=\"widget\" data-widget_type=\"image.default\">\n\t\t\t\t<div class=\"elementor-widget-container\">\n\t\t\t\t\t\t\t\t\t\t\t\t\t\t\t<img decoding=\"async\" width=\"640\" height=\"130\" src=\"https:\/\/www.lirmm.fr\/pkm-2026\/wp-content\/uploads\/sites\/57\/2026\/01\/BandeauSymetrie-1.jpeg\" class=\"attachment-1536x1536 size-1536x1536 wp-image-1591\" alt=\"\" srcset=\"https:\/\/www.lirmm.fr\/pkm-2026\/wp-content\/uploads\/sites\/57\/2026\/01\/BandeauSymetrie-1.jpeg 640w, https:\/\/www.lirmm.fr\/pkm-2026\/wp-content\/uploads\/sites\/57\/2026\/01\/BandeauSymetrie-1-300x61.jpeg 300w\" sizes=\"(max-width: 640px) 100vw, 640px\" \/>\t\t\t\t\t\t\t\t\t\t\t\t\t\t\t<\/div>\n\t\t\t\t<\/div>\n\t\t\t\t<div class=\"elementor-element elementor-element-ac09816 elementor-widget elementor-widget-image\" data-id=\"ac09816\" data-element_type=\"widget\" data-e-type=\"widget\" data-widget_type=\"image.default\">\n\t\t\t\t<div class=\"elementor-widget-container\">\n\t\t\t\t\t\t\t\t\t\t\t\t\t\t\t<img decoding=\"async\" width=\"640\" height=\"130\" src=\"https:\/\/www.lirmm.fr\/pkm-2026\/wp-content\/uploads\/sites\/57\/2026\/01\/BandeauSymetrie2.jpeg\" class=\"attachment-1536x1536 size-1536x1536 wp-image-1574\" alt=\"\" srcset=\"https:\/\/www.lirmm.fr\/pkm-2026\/wp-content\/uploads\/sites\/57\/2026\/01\/BandeauSymetrie2.jpeg 640w, https:\/\/www.lirmm.fr\/pkm-2026\/wp-content\/uploads\/sites\/57\/2026\/01\/BandeauSymetrie2-300x61.jpeg 300w\" sizes=\"(max-width: 640px) 100vw, 640px\" \/>\t\t\t\t\t\t\t\t\t\t\t\t\t\t\t<\/div>\n\t\t\t\t<\/div>\n\t\t\t\t\t<\/div>\n\t\t<\/div>\n\t\t\t\t\t<\/div>\n\t\t<\/section>\n\t\t\t\t<section class=\"elementor-section elementor-top-section elementor-element elementor-element-62f612d elementor-section-boxed elementor-section-height-default elementor-section-height-default\" data-id=\"62f612d\" data-element_type=\"section\" data-e-type=\"section\">\n\t\t\t\t\t\t<div class=\"elementor-container elementor-column-gap-default\">\n\t\t\t\t\t<div class=\"elementor-column elementor-col-100 elementor-top-column elementor-element elementor-element-fa110f9\" data-id=\"fa110f9\" data-element_type=\"column\" data-e-type=\"column\">\n\t\t\t<div class=\"elementor-widget-wrap\">\n\t\t\t\t\t\t\t<\/div>\n\t\t<\/div>\n\t\t\t\t\t<\/div>\n\t\t<\/section>\n\t\t\t\t<\/div>\n\t\t","protected":false},"excerpt":{"rendered":"<p>&#8220;See the beauty of N\u00eemes and remember PKM-2026 for ever&#8221; Wednesday, September 23, 2026 2:00 p.m. : Departure by bus from the Saint-Priest Campus \u2013 LIRMM (Montpellier) Visit to the Ar\u00e8nes de N\u00eemes Visit and lecture of Sym\u00e9trie company in Bouillargues Dinner on site offered by Sym\u00e9trie company Return to Montpellier by bus after dinner<\/p>\n","protected":false},"author":62,"featured_media":0,"parent":0,"menu_order":0,"comment_status":"closed","ping_status":"closed","template":"elementor_header_footer","meta":{"_eb_attr":"","_crdt_document":"","footnotes":""},"class_list":["post-1460","page","type-page","status-publish","hentry"],"_links":{"self":[{"href":"https:\/\/www.lirmm.fr\/pkm-2026\/wp-json\/wp\/v2\/pages\/1460","targetHints":{"allow":["GET"]}}],"collection":[{"href":"https:\/\/www.lirmm.fr\/pkm-2026\/wp-json\/wp\/v2\/pages"}],"about":[{"href":"https:\/\/www.lirmm.fr\/pkm-2026\/wp-json\/wp\/v2\/types\/page"}],"author":[{"embeddable":true,"href":"https:\/\/www.lirmm.fr\/pkm-2026\/wp-json\/wp\/v2\/users\/62"}],"replies":[{"embeddable":true,"href":"https:\/\/www.lirmm.fr\/pkm-2026\/wp-json\/wp\/v2\/comments?post=1460"}],"version-history":[{"count":25,"href":"https:\/\/www.lirmm.fr\/pkm-2026\/wp-json\/wp\/v2\/pages\/1460\/revisions"}],"predecessor-version":[{"id":1696,"href":"https:\/\/www.lirmm.fr\/pkm-2026\/wp-json\/wp\/v2\/pages\/1460\/revisions\/1696"}],"wp:attachment":[{"href":"https:\/\/www.lirmm.fr\/pkm-2026\/wp-json\/wp\/v2\/media?parent=1460"}],"curies":[{"name":"wp","href":"https:\/\/api.w.org\/{rel}","templated":true}]}}