{"id":192,"date":"2021-02-19T12:27:55","date_gmt":"2021-02-19T11:27:55","guid":{"rendered":"https:\/\/perso.lirmm.fr\/vincent-creuze\/?page_id=192"},"modified":"2025-08-06T11:03:16","modified_gmt":"2025-08-06T09:03:16","slug":"enseignement","status":"publish","type":"page","link":"https:\/\/www.lirmm.fr\/vincent-creuze\/enseignement\/","title":{"rendered":"Enseignement"},"content":{"rendered":"\t\t<div data-elementor-type=\"wp-page\" data-elementor-id=\"192\" class=\"elementor elementor-192\" data-elementor-post-type=\"page\">\n\t\t\t\t\t\t<section class=\"elementor-section elementor-top-section elementor-element elementor-element-8b6bab8 elementor-section-boxed elementor-section-height-default elementor-section-height-default\" data-id=\"8b6bab8\" data-element_type=\"section\" data-e-type=\"section\">\n\t\t\t\t\t\t<div class=\"elementor-container elementor-column-gap-default\">\n\t\t\t\t\t<div class=\"elementor-column elementor-col-100 elementor-top-column elementor-element elementor-element-5733dff\" data-id=\"5733dff\" data-element_type=\"column\" data-e-type=\"column\">\n\t\t\t<div class=\"elementor-widget-wrap elementor-element-populated\">\n\t\t\t\t\t\t<section class=\"elementor-section elementor-inner-section elementor-element elementor-element-2fcc465 elementor-section-boxed elementor-section-height-default elementor-section-height-default\" data-id=\"2fcc465\" data-element_type=\"section\" data-e-type=\"section\">\n\t\t\t\t\t\t<div class=\"elementor-container elementor-column-gap-default\">\n\t\t\t\t\t<div class=\"elementor-column elementor-col-33 elementor-inner-column elementor-element elementor-element-e4f8924\" data-id=\"e4f8924\" data-element_type=\"column\" data-e-type=\"column\">\n\t\t\t<div class=\"elementor-widget-wrap elementor-element-populated\">\n\t\t\t\t\t\t<div class=\"elementor-element elementor-element-cd43515 elementor-widget elementor-widget-image\" data-id=\"cd43515\" data-element_type=\"widget\" data-e-type=\"widget\" data-widget_type=\"image.default\">\n\t\t\t\t<div class=\"elementor-widget-container\">\n\t\t\t\t\t\t\t\t\t\t\t\t\t\t\t\t<a href=\"https:\/\/www.polytech.umontpellier.fr\/\" target=\"_blank\">\n\t\t\t\t\t\t\t<img fetchpriority=\"high\" decoding=\"async\" width=\"600\" height=\"315\" src=\"https:\/\/www.lirmm.fr\/vincent-creuze\/wp-content\/uploads\/sites\/39\/2022\/09\/polytech_Montpellier_logo.jpg\" class=\"attachment-large size-large wp-image-1544\" alt=\"\" srcset=\"https:\/\/www.lirmm.fr\/vincent-creuze\/wp-content\/uploads\/sites\/39\/2022\/09\/polytech_Montpellier_logo.jpg 600w, https:\/\/www.lirmm.fr\/vincent-creuze\/wp-content\/uploads\/sites\/39\/2022\/09\/polytech_Montpellier_logo-300x158.jpg 300w\" sizes=\"(max-width: 600px) 100vw, 600px\" \/>\t\t\t\t\t\t\t\t<\/a>\n\t\t\t\t\t\t\t\t\t\t\t\t\t\t\t<\/div>\n\t\t\t\t<\/div>\n\t\t\t\t\t<\/div>\n\t\t<\/div>\n\t\t\t\t<div class=\"elementor-column elementor-col-33 elementor-inner-column elementor-element elementor-element-f4ae874\" data-id=\"f4ae874\" data-element_type=\"column\" data-e-type=\"column\">\n\t\t\t<div class=\"elementor-widget-wrap elementor-element-populated\">\n\t\t\t\t\t\t<div class=\"elementor-element elementor-element-c27ccd1 elementor-widget elementor-widget-heading\" data-id=\"c27ccd1\" data-element_type=\"widget\" data-e-type=\"widget\" id=\"titre_enseignement\" data-widget_type=\"heading.default\">\n\t\t\t\t<div class=\"elementor-widget-container\">\n\t\t\t\t\t<h1 class=\"elementor-heading-title elementor-size-default\">Polytech Montpellier<\/h1>\t\t\t\t<\/div>\n\t\t\t\t<\/div>\n\t\t\t\t<div class=\"elementor-element elementor-element-bc1b117 elementor-widget elementor-widget-heading\" data-id=\"bc1b117\" data-element_type=\"widget\" data-e-type=\"widget\" data-widget_type=\"heading.default\">\n\t\t\t\t<div class=\"elementor-widget-container\">\n\t\t\t\t\t<h2 class=\"elementor-heading-title elementor-size-default\">D\u00e9partement Micro\u00e9lectronique et Automatique<br>D\u00e9partement Syst\u00e8mes Embarqu\u00e9s<\/h2>\t\t\t\t<\/div>\n\t\t\t\t<\/div>\n\t\t\t\t<div class=\"elementor-element elementor-element-0b91dad elementor-widget elementor-widget-text-editor\" data-id=\"0b91dad\" data-element_type=\"widget\" data-e-type=\"widget\" data-widget_type=\"text-editor.default\">\n\t\t\t\t<div class=\"elementor-widget-container\">\n\t\t\t\t\t\t\t\t\t<p>Responsable du d\u00e9partement <a href=\"https:\/\/www.polytech.umontpellier.fr\/formation\/cycle-ingenieur\/systemes-embarques\/en-quelques-mots\">Syst\u00e8mes Embarqu\u00e9s<\/a> (SE)<\/p><p>Enseignements d&rsquo;alg\u00e8bre lin\u00e9aire et d&rsquo;automatique continue et discr\u00e8te en premi\u00e8re ann\u00e9e du cycle ing\u00e9nieur. Encadrements de projets (robotique).<\/p>\t\t\t\t\t\t\t\t<\/div>\n\t\t\t\t<\/div>\n\t\t\t\t\t<\/div>\n\t\t<\/div>\n\t\t\t\t<div class=\"elementor-column elementor-col-33 elementor-inner-column elementor-element elementor-element-5ef3840\" data-id=\"5ef3840\" data-element_type=\"column\" data-e-type=\"column\">\n\t\t\t<div class=\"elementor-widget-wrap elementor-element-populated\">\n\t\t\t\t\t\t<div class=\"elementor-element elementor-element-d8339ce elementor-widget elementor-widget-heading\" data-id=\"d8339ce\" data-element_type=\"widget\" data-e-type=\"widget\" data-widget_type=\"heading.default\">\n\t\t\t\t<div class=\"elementor-widget-container\">\n\t\t\t\t\t<h2 class=\"elementor-heading-title elementor-size-default\">Mati\u00e8res concern\u00e9es<\/h2>\t\t\t\t<\/div>\n\t\t\t\t<\/div>\n\t\t\t\t<div class=\"elementor-element elementor-element-10ddf42 elementor-widget elementor-widget-text-editor\" data-id=\"10ddf42\" data-element_type=\"widget\" data-e-type=\"widget\" data-widget_type=\"text-editor.default\">\n\t\t\t\t<div class=\"elementor-widget-container\">\n\t\t\t\t\t\t\t\t\t<ul>\n<li>Automatique lin\u00e9aire continue<\/li>\n<li>Automatique discr\u00e8te<\/li>\n<li>Alg\u00e8bre lin\u00e9aire<\/li><li>Projets tutor\u00e9s semestriels<br><\/li>\n<\/ul>\t\t\t\t\t\t\t\t<\/div>\n\t\t\t\t<\/div>\n\t\t\t\t\t<\/div>\n\t\t<\/div>\n\t\t\t\t\t<\/div>\n\t\t<\/section>\n\t\t\t\t<section class=\"elementor-section elementor-inner-section elementor-element elementor-element-a762b2b elementor-section-boxed elementor-section-height-default elementor-section-height-default\" data-id=\"a762b2b\" data-element_type=\"section\" data-e-type=\"section\">\n\t\t\t\t\t\t<div class=\"elementor-container elementor-column-gap-default\">\n\t\t\t\t\t<div class=\"elementor-column elementor-col-33 elementor-inner-column elementor-element elementor-element-8c6c4c8\" data-id=\"8c6c4c8\" data-element_type=\"column\" data-e-type=\"column\">\n\t\t\t<div class=\"elementor-widget-wrap elementor-element-populated\">\n\t\t\t\t\t\t<div class=\"elementor-element elementor-element-8324f04 elementor-widget elementor-widget-image\" data-id=\"8324f04\" data-element_type=\"widget\" data-e-type=\"widget\" data-widget_type=\"image.default\">\n\t\t\t\t<div class=\"elementor-widget-container\">\n\t\t\t\t\t\t\t\t\t\t\t\t\t\t\t\t<a href=\"https:\/\/www.iutenligne.net\/\" target=\"_blank\">\n\t\t\t\t\t\t\t<img decoding=\"async\" width=\"600\" height=\"277\" src=\"https:\/\/www.lirmm.fr\/vincent-creuze\/wp-content\/uploads\/sites\/39\/2021\/12\/iut-en-ligne_petit_logo.png\" class=\"attachment-large size-large wp-image-1197\" alt=\"IUT en Ligne\" srcset=\"https:\/\/www.lirmm.fr\/vincent-creuze\/wp-content\/uploads\/sites\/39\/2021\/12\/iut-en-ligne_petit_logo.png 600w, https:\/\/www.lirmm.fr\/vincent-creuze\/wp-content\/uploads\/sites\/39\/2021\/12\/iut-en-ligne_petit_logo-300x139.png 300w\" sizes=\"(max-width: 600px) 100vw, 600px\" \/>\t\t\t\t\t\t\t\t<\/a>\n\t\t\t\t\t\t\t\t\t\t\t\t\t\t\t<\/div>\n\t\t\t\t<\/div>\n\t\t\t\t\t<\/div>\n\t\t<\/div>\n\t\t\t\t<div class=\"elementor-column elementor-col-33 elementor-inner-column elementor-element elementor-element-b64c541\" data-id=\"b64c541\" data-element_type=\"column\" data-e-type=\"column\">\n\t\t\t<div class=\"elementor-widget-wrap elementor-element-populated\">\n\t\t\t\t\t\t<div class=\"elementor-element elementor-element-16e8dc7 elementor-widget elementor-widget-heading\" data-id=\"16e8dc7\" data-element_type=\"widget\" data-e-type=\"widget\" data-widget_type=\"heading.default\">\n\t\t\t\t<div class=\"elementor-widget-container\">\n\t\t\t\t\t<h1 class=\"elementor-heading-title elementor-size-default\">Automatique lin\u00e9aire<\/h1>\t\t\t\t<\/div>\n\t\t\t\t<\/div>\n\t\t\t\t<div class=\"elementor-element elementor-element-6726ca8 elementor-widget elementor-widget-heading\" data-id=\"6726ca8\" data-element_type=\"widget\" data-e-type=\"widget\" data-widget_type=\"heading.default\">\n\t\t\t\t<div class=\"elementor-widget-container\">\n\t\t\t\t\t<h2 class=\"elementor-heading-title elementor-size-default\">Tests d'Auto-\u00e9valuation en ligne sur IUT en Ligne<\/h2>\t\t\t\t<\/div>\n\t\t\t\t<\/div>\n\t\t\t\t<div class=\"elementor-element elementor-element-11fdfe5 elementor-widget elementor-widget-text-editor\" data-id=\"11fdfe5\" data-element_type=\"widget\" data-e-type=\"widget\" data-widget_type=\"text-editor.default\">\n\t\t\t\t<div class=\"elementor-widget-container\">\n\t\t\t\t\t\t\t\t\t<p>Tests gratuits pour les \u00e9tudiants : se connecter avec son e-mail institutionnel<\/p><p>Auteurs: Vincent Creuze et Philippe Pierrot, IUT de Montpellier<\/p><p>\u00a0<\/p>\t\t\t\t\t\t\t\t<\/div>\n\t\t\t\t<\/div>\n\t\t\t\t\t<\/div>\n\t\t<\/div>\n\t\t\t\t<div class=\"elementor-column elementor-col-33 elementor-inner-column elementor-element elementor-element-4119bdc\" data-id=\"4119bdc\" data-element_type=\"column\" data-e-type=\"column\">\n\t\t\t<div class=\"elementor-widget-wrap elementor-element-populated\">\n\t\t\t\t\t\t<div class=\"elementor-element elementor-element-860c72c elementor-widget elementor-widget-heading\" data-id=\"860c72c\" data-element_type=\"widget\" data-e-type=\"widget\" data-widget_type=\"heading.default\">\n\t\t\t\t<div class=\"elementor-widget-container\">\n\t\t\t\t\t<h2 class=\"elementor-heading-title elementor-size-default\">Tests disponibles<\/h2>\t\t\t\t<\/div>\n\t\t\t\t<\/div>\n\t\t\t\t<div class=\"elementor-element elementor-element-669e6a1 elementor-widget elementor-widget-text-editor\" data-id=\"669e6a1\" data-element_type=\"widget\" data-e-type=\"widget\" data-widget_type=\"text-editor.default\">\n\t\t\t\t<div class=\"elementor-widget-container\">\n\t\t\t\t\t\t\t\t\t<ul><li><a href=\"https:\/\/www.iutenligne.net\/ressources\/quiz-transformee-de-laplace.html\" target=\"_blank\" rel=\"noopener\">Transform\u00e9e de Laplace<\/a><\/li><li><a href=\"https:\/\/www.iutenligne.net\/ressources\/quiz-automatique-systemes-du-premier-ordre.html\" target=\"_blank\" rel=\"noopener\">Syst\u00e8mes du 1er ordre<\/a><\/li><li><a href=\"https:\/\/www.iutenligne.net\/ressources\/quiz-automatique-systemes-du-second-ordre.html\" target=\"_blank\" rel=\"noopener\">Syst\u00e8mes du 2nd ordre<\/a><\/li><li><a href=\"https:\/\/www.iutenligne.net\/ressources\/quiz-fonction-de-transfert.html\" target=\"_blank\" rel=\"noopener\">Fonctions de transfert<\/a><\/li><\/ul>\t\t\t\t\t\t\t\t<\/div>\n\t\t\t\t<\/div>\n\t\t\t\t<div class=\"elementor-element elementor-element-3e01c31 elementor-align-center elementor-widget elementor-widget-button\" data-id=\"3e01c31\" data-element_type=\"widget\" data-e-type=\"widget\" data-widget_type=\"button.default\">\n\t\t\t\t<div class=\"elementor-widget-container\">\n\t\t\t\t\t\t\t\t\t<div class=\"elementor-button-wrapper\">\n\t\t\t\t\t<a class=\"elementor-button elementor-button-link elementor-size-sm elementor-animation-grow\" href=\"https:\/\/www.iutenligne.net\/\" target=\"_blank\">\n\t\t\t\t\t\t<span class=\"elementor-button-content-wrapper\">\n\t\t\t\t\t\t\t\t\t<span class=\"elementor-button-text\">Connectez-vous !<\/span>\n\t\t\t\t\t<\/span>\n\t\t\t\t\t<\/a>\n\t\t\t\t<\/div>\n\t\t\t\t\t\t\t\t<\/div>\n\t\t\t\t<\/div>\n\t\t\t\t\t<\/div>\n\t\t<\/div>\n\t\t\t\t\t<\/div>\n\t\t<\/section>\n\t\t\t\t\t<\/div>\n\t\t<\/div>\n\t\t\t\t\t<\/div>\n\t\t<\/section>\n\t\t\t\t<\/div>\n\t\t","protected":false},"excerpt":{"rendered":"<p>Polytech Montpellier D\u00e9partement Micro\u00e9lectronique et AutomatiqueD\u00e9partement Syst\u00e8mes Embarqu\u00e9s Responsable du d\u00e9partement Syst\u00e8mes Embarqu\u00e9s (SE) Enseignements d&rsquo;alg\u00e8bre lin\u00e9aire et d&rsquo;automatique continue et discr\u00e8te en premi\u00e8re ann\u00e9e du cycle ing\u00e9nieur. Encadrements de projets (robotique). Mati\u00e8res concern\u00e9es Automatique lin\u00e9aire continue Automatique discr\u00e8te Alg\u00e8bre lin\u00e9aire Projets tutor\u00e9s semestriels Automatique lin\u00e9aire Tests d&rsquo;Auto-\u00e9valuation en ligne sur IUT en Ligne Tests [&hellip;]<\/p>\n","protected":false},"author":40,"featured_media":0,"parent":0,"menu_order":0,"comment_status":"closed","ping_status":"closed","template":"","meta":{"_crdt_document":"","_uag_custom_page_level_css":"","footnotes":""},"class_list":["post-192","page","type-page","status-publish","hentry"],"uagb_featured_image_src":{"full":false,"thumbnail":false,"medium":false,"medium_large":false,"large":false,"1536x1536":false,"2048x2048":false},"uagb_author_info":{"display_name":"Vincent CREUZE","author_link":"https:\/\/www.lirmm.fr\/vincent-creuze\/author\/vincent-creuze\/"},"uagb_comment_info":0,"uagb_excerpt":"Polytech Montpellier D\u00e9partement Micro\u00e9lectronique et AutomatiqueD\u00e9partement Syst\u00e8mes Embarqu\u00e9s Responsable du d\u00e9partement Syst\u00e8mes Embarqu\u00e9s (SE) Enseignements d&rsquo;alg\u00e8bre lin\u00e9aire et d&rsquo;automatique continue et discr\u00e8te en premi\u00e8re ann\u00e9e du cycle ing\u00e9nieur. Encadrements de projets (robotique). Mati\u00e8res concern\u00e9es Automatique lin\u00e9aire continue Automatique discr\u00e8te Alg\u00e8bre lin\u00e9aire Projets tutor\u00e9s semestriels Automatique lin\u00e9aire Tests d&rsquo;Auto-\u00e9valuation en ligne sur IUT en Ligne Tests\u2026","_links":{"self":[{"href":"https:\/\/www.lirmm.fr\/vincent-creuze\/wp-json\/wp\/v2\/pages\/192","targetHints":{"allow":["GET"]}}],"collection":[{"href":"https:\/\/www.lirmm.fr\/vincent-creuze\/wp-json\/wp\/v2\/pages"}],"about":[{"href":"https:\/\/www.lirmm.fr\/vincent-creuze\/wp-json\/wp\/v2\/types\/page"}],"author":[{"embeddable":true,"href":"https:\/\/www.lirmm.fr\/vincent-creuze\/wp-json\/wp\/v2\/users\/40"}],"replies":[{"embeddable":true,"href":"https:\/\/www.lirmm.fr\/vincent-creuze\/wp-json\/wp\/v2\/comments?post=192"}],"version-history":[{"count":3,"href":"https:\/\/www.lirmm.fr\/vincent-creuze\/wp-json\/wp\/v2\/pages\/192\/revisions"}],"predecessor-version":[{"id":1910,"href":"https:\/\/www.lirmm.fr\/vincent-creuze\/wp-json\/wp\/v2\/pages\/192\/revisions\/1910"}],"wp:attachment":[{"href":"https:\/\/www.lirmm.fr\/vincent-creuze\/wp-json\/wp\/v2\/media?parent=192"}],"curies":[{"name":"wp","href":"https:\/\/api.w.org\/{rel}","templated":true}]}}